{"id":10659,"date":"2023-09-25T15:36:15","date_gmt":"2023-09-25T13:36:15","guid":{"rendered":"https:\/\/apsn-prev.org\/?page_id=10659"},"modified":"2024-01-17T19:24:46","modified_gmt":"2024-01-17T18:24:46","slug":"le-centre-de-ressources","status":"publish","type":"page","link":"https:\/\/apsn-prev.org\/index.php\/le-centre-de-ressources\/","title":{"rendered":"Le Centre de Ressources National"},"content":{"rendered":"\n<blockquote class=\"wp-block-quote has-text-align-right is-style-default is-layout-flow wp-block-quote-is-layout-flow\">\n<p class=\"has-small-font-size\"><em>\u00ab\u00a0\u00catre accompagn\u00e9 par l&rsquo;APSN permet de b\u00e9n\u00e9ficier d&rsquo;une expertise port\u00e9e par une structure qui conna\u00eet la Pr\u00e9vention Sp\u00e9cialis\u00e9e et qui en conna\u00eet le contexte et les enjeux.\u00a0\u00bb<strong><em>Un Directeur de service<\/em> <em>de Pr\u00e9vention Sp\u00e9cialis\u00e9e<\/em><\/strong><\/em><\/p>\n<\/blockquote>\n\n\n\n<p class=\"has-text-align-justify has-text-color\" style=\"color:#15b6b8;font-size:17px\"><strong>Rep\u00e9r\u00e9 comme t\u00eate de r\u00e9seau op\u00e9rationnelle, le Centre de Ressources est r\u00e9guli\u00e8rement sollicit\u00e9 sur ses diff\u00e9rents champs de comp\u00e9tences et\/ou d\u2019expertises acquis depuis de nombreuses ann\u00e9es tant par les structures de Pr\u00e9vention Sp\u00e9cialis\u00e9e et\/ ou plus largement de Protection de l\u2019Enfance que par les collectivit\u00e9s territoriales ( Conseils D\u00e9partementaux, Communaut\u00e9s d\u2019Agglom\u00e9rations, M\u00e9tropoles, Villes).<\/strong><br><\/p>\n\n\n\n<p class=\"has-text-align-justify has-black-color has-text-color\" style=\"font-size:17px\">La fonction Centre de Ressources peut donc recouvrir des domaines et des d\u00e9marches tr\u00e8s vari\u00e9s en termes d\u2019accompagnement et de production(s). Pour certaines exp\u00e9rimentations, le Centre de Ressources est \u00e9galement sollicit\u00e9 pour les coordonner directement en collaboration avec les financeurs, les partenaires et les acteurs de terrain, et \u00e9valuer l\u2019impact de ces nouvelles pratiques.<br><\/p>\n\n\n\n<p class=\"has-text-align-justify has-black-color has-text-color\" style=\"font-size:17px\"><strong>Notre accompagnement repose sur une approche commune : <\/strong><\/p>\n\n\n\n<ul class=\"wp-block-list\">\n<li>Organiser les conditions de d\u00e9bats, d&rsquo;\u00e9changes et de productions,<\/li>\n\n\n\n<li>Apporter des contenus m\u00e9thodologiques et th\u00e9oriques,<\/li>\n\n\n\n<li>T\u00e9moigner des exp\u00e9riences d&rsquo;autres services, <\/li>\n\n\n\n<li>Assurer un r\u00f4le de tiers pour interroger et enrichir le regard des professionnels,<\/li>\n\n\n\n<li>Soutenir les structures  dans la r\u00e9daction des \u00e9crits.<\/li>\n<\/ul>\n\n\n\n<h2 class=\"wp-block-heading\">Nos outils, prestations et offre<\/h2>\n\n\n\n<ul class=\"wp-block-list\">\n<li>Piloter la Base de Donn\u00e9es Commune cr\u00e9\u00e9e collectivement avec les acteurs de la Pr\u00e9vention Sp\u00e9cialis\u00e9e, accompagner les structures dans son utilisation, produire des rapports d\u2019analyse,<\/li>\n\n\n\n<li>Accompagner des structures \u00e0 leur demande dans des d\u00e9marches strat\u00e9giques ( internes ou externes) o\u00f9 la pr\u00e9sence d\u2019un tiers peut \u00eatre utile (diagnostic organisationnel et fonctionnel, supervision, GAP),<\/li>\n\n\n\n<li>Accompagner les acteurs publics ou priv\u00e9s sur les d\u00e9marches d\u2019\u00e9laboration de diagnostic de territoire, de projets et d\u2019\u00e9valuation,<\/li>\n\n\n\n<li>Coconstruire des outils et des m\u00e9thodes pour formaliser des pratiques, des r\u00e9f\u00e9rentiels d\u2019action ou de fonction,<\/li>\n\n\n\n<li>Accompagner des projets innovants et assurer une veille sur les exp\u00e9rimentations pour d\u00e9velopper de nouvelles pratiques r\u00e9pondant \u00e0 de nouveaux besoins ou enjeux,<\/li>\n\n\n\n<li>Accompagner les fonctions sp\u00e9cifiques au sein de la Pr\u00e9vention Sp\u00e9cialis\u00e9e ( ALSES, psychologue de rue\u2026) et des groupes th\u00e9matiques en fonction des enjeux et besoins des services et des \u00e9quipes de Pr\u00e9vention Sp\u00e9cialis\u00e9e,<\/li>\n\n\n\n<li>Organiser des s\u00e9minaires, temps forts sur des th\u00e9matiques cl\u00e9s,<\/li>\n\n\n\n<li>Produire, capitaliser, diffuser des analyses et contribuer \u00e0 des \u00e9tudes.<\/li>\n<\/ul>\n\n\n\n<p>Le Centre de Ressources met en place des groupes de travail th\u00e9matiques li\u00e9es aux enjeux et aux pratiques de la Pr\u00e9vention Sp\u00e9cialis\u00e9e, ouverts \u00e0 l&rsquo;ensemble des structures adh\u00e9rentes \u00e0 l&rsquo;APSN. Ces groupes de travail ont pour objectif de construire une r\u00e9flexion\/production commune avec les acteurs de la Pr\u00e9vention Sp\u00e9cialis\u00e9e.<\/p>\n\n\n\n<p><strong>Quelques productions de l&rsquo;APSN <\/strong><\/p>\n\n\n\n<ul class=\"wp-block-list\" style=\"font-size:15px\">\n<li><strong><a href=\"https:\/\/apsn-prev.org\/wp-content\/uploads\/2022\/03\/Recits-Temoignages-de-la-Prevention-Specialisee-au-temps-de-la-crise-sanitaire.pdf\" target=\"_blank\" rel=\"noreferrer noopener\"><em>T\u00e9l\u00e9charger  le recueil de l\u2019APSN : \u00a0\u00bb&nbsp;R\u00e9cits &amp; T\u00e9moignages de la Pr\u00e9vention Sp\u00e9cialis\u00e9e&nbsp;\u00ab\u00a0!<\/em> &#8211; 2021<\/a><\/strong><\/li>\n<\/ul>\n\n\n\n<ul class=\"wp-block-list\" style=\"font-size:15px\">\n<li><strong><em><a href=\"https:\/\/apsn-prev.org\/wp-content\/uploads\/2022\/03\/livre-blanc-acp-2016-2019.pdf\" target=\"_blank\" rel=\"noreferrer noopener\">T\u00e9l\u00e9charger le livre blanc intitul\u00e9 : \u00a0\u00bb Une exp\u00e9rimentation de 3 ans sur l&rsquo;acc\u00e8s aux arts et \u00e0 la culture pour les jeunes accompagn\u00e9s par les \u00e9ducateurs de rue\u00a0\u00bb- 2019<\/a><\/em><\/strong><\/li>\n<\/ul>\n\n\n\n<ul class=\"wp-block-list\" style=\"font-size:15px\">\n<li><strong><em><a href=\"https:\/\/apsn-prev.org\/wp-content\/uploads\/2023\/09\/SYNTHS1.pdf\" target=\"_blank\" rel=\"noreferrer noopener\">T\u00e9l\u00e9charger la synth\u00e8se du livre blanc intitul\u00e9 : \u00a0\u00bb Une exp\u00e9rimentation de 3 ans sur l&rsquo;acc\u00e8s aux arts et \u00e0 la culture pour les jeunes accompagn\u00e9s par les \u00e9ducateurs de rue\u00a0\u00bb- 2019<\/a><\/em><\/strong><\/li>\n<\/ul>\n\n\n\n<ul class=\"wp-block-list\" style=\"font-size:15px\">\n<li><strong><em><a href=\"https:\/\/www.youtube.com\/playlist?list=PLkBtxrfNlvKBh6DgiwyiZlcwj_HPPFd2x\">D\u00e9couvrir la web-s\u00e9rie documentaire du projet Arts Culture et Pr\u00e9vention Sp\u00e9cialis\u00e9e- ACP<\/a><a href=\"https:\/\/www.youtube.com\/playlist?list=PLkBtxrfNlvKBh6DgiwyiZlcwj_HPPFd2x\" target=\"_blank\" rel=\"noreferrer noopener\">&#8211; 2019<\/a><\/em><\/strong><\/li>\n<\/ul>\n\n\n\n<ul class=\"wp-block-list\" style=\"font-size:15px\">\n<li><strong><em><a href=\"https:\/\/www.diagnostic-territoire.org\/\">D\u00e9couvrir la plateforme \u00ab\u00a0Diagnostic de territoire\u00a0\u00bb- 2<\/a><a href=\"https:\/\/www.diagnostic-territoire.org\/\" target=\"_blank\" rel=\"noreferrer noopener\">016<\/a><\/em><\/strong><\/li>\n<\/ul>\n\n\n\n<ul class=\"wp-block-list\" style=\"font-size:15px\">\n<li><strong><em><a href=\"https:\/\/apsn-prev.org\/wp-content\/uploads\/2023\/09\/PARCOURS-DE-JEUNES-EN-PREVENTION-SPECIALISEE-final.pdf\">T\u00e9l\u00e9c<\/a><a href=\"https:\/\/apsn-prev.org\/wp-content\/uploads\/2023\/09\/PARCOURS-DE-JEUNES-EN-PREVENTION-SPECIALISEE-final.pdf\" target=\"_blank\" rel=\"noreferrer noopener\">harger l&rsquo;\u00e9tude intitul\u00e9e \u00ab\u00a0Enjeux de l&rsquo;attachement dans le parcours des jeunes en Pr\u00e9vention Sp\u00e9cialis\u00e9e\u00a0\u00bb- 2016<\/a><\/em><\/strong><\/li>\n<\/ul>\n\n\n\n<ul class=\"wp-block-list\" style=\"font-size:15px\">\n<li><strong><a href=\"https:\/\/vimeo.com\/112158392?share=copy\"><em>D\u00e9couvrir le film \u00ab\u00a0l&rsquo;archipel des possibles\u00a0\u00bb-APSN-<\/em><\/a><a href=\"https:\/\/vimeo.com\/112158392?share=copy\" target=\"_blank\" rel=\"noreferrer noopener\"><em>2012<\/em><\/a><\/strong><\/li>\n<\/ul>\n","protected":false},"excerpt":{"rendered":"<p>\u00ab\u00a0\u00catre accompagn\u00e9 par l&rsquo;APSN permet de b\u00e9n\u00e9ficier d&rsquo;une expertise port\u00e9e par une structure qui conna\u00eet la Pr\u00e9vention Sp\u00e9cialis\u00e9e et qui en conna\u00eet le contexte et les enjeux.\u00a0\u00bbUn Directeur de service&hellip; <a href=\"https:\/\/apsn-prev.org\/index.php\/le-centre-de-ressources\/\" class=\"more-link\">Lire la suite <span class=\"screen-reader-text\">Le Centre de Ressources National<\/span><\/a><\/p>\n","protected":false},"author":1,"featured_media":0,"parent":0,"menu_order":0,"comment_status":"closed","ping_status":"closed","template":"","meta":{"footnotes":""},"tags":[],"class_list":["post-10659","page","type-page","status-publish","hentry","without-featured-image"],"yoast_head":"<!-- This site is optimized with the Yoast SEO plugin v27.4 - https:\/\/yoast.com\/product\/yoast-seo-wordpress\/ -->\n<title>Le Centre de Ressources National - Des id\u00e9es et des m\u00e9thodes au service de la Pr\u00e9vention Sp\u00e9cialis\u00e9e.<\/title>\n<meta name=\"robots\" content=\"index, follow, max-snippet:-1, max-image-preview:large, max-video-preview:-1\" \/>\n<link rel=\"canonical\" href=\"https:\/\/apsn-prev.org\/index.php\/le-centre-de-ressources\/\" \/>\n<meta property=\"og:locale\" content=\"fr_FR\" \/>\n<meta property=\"og:type\" content=\"article\" \/>\n<meta property=\"og:title\" content=\"Le Centre de Ressources National - Des id\u00e9es et des m\u00e9thodes au service de la Pr\u00e9vention Sp\u00e9cialis\u00e9e.\" \/>\n<meta property=\"og:description\" content=\"\u00ab\u00a0\u00catre accompagn\u00e9 par l&rsquo;APSN permet de b\u00e9n\u00e9ficier d&rsquo;une expertise port\u00e9e par une structure qui conna\u00eet la Pr\u00e9vention Sp\u00e9cialis\u00e9e et qui en conna\u00eet le contexte et les enjeux.\u00a0\u00bbUn Directeur de service&hellip; Lire la suite Le Centre de Ressources National\" \/>\n<meta property=\"og:url\" content=\"https:\/\/apsn-prev.org\/index.php\/le-centre-de-ressources\/\" \/>\n<meta property=\"og:site_name\" content=\"Des id\u00e9es et des m\u00e9thodes au service de la Pr\u00e9vention Sp\u00e9cialis\u00e9e.\" \/>\n<meta property=\"article:modified_time\" content=\"2024-01-17T18:24:46+00:00\" \/>\n<meta name=\"twitter:card\" content=\"summary_large_image\" \/>\n<meta name=\"twitter:label1\" content=\"Dur\u00e9e de lecture estim\u00e9e\" \/>\n\t<meta name=\"twitter:data1\" content=\"3 minutes\" \/>\n<script type=\"application\/ld+json\" class=\"yoast-schema-graph\">{\"@context\":\"https:\\\/\\\/schema.org\",\"@graph\":[{\"@type\":\"WebPage\",\"@id\":\"https:\\\/\\\/apsn-prev.org\\\/index.php\\\/le-centre-de-ressources\\\/\",\"url\":\"https:\\\/\\\/apsn-prev.org\\\/index.php\\\/le-centre-de-ressources\\\/\",\"name\":\"Le Centre de Ressources National - Des id\u00e9es et des m\u00e9thodes au service de la Pr\u00e9vention Sp\u00e9cialis\u00e9e.\",\"isPartOf\":{\"@id\":\"https:\\\/\\\/apsn-prev.org\\\/#website\"},\"datePublished\":\"2023-09-25T13:36:15+00:00\",\"dateModified\":\"2024-01-17T18:24:46+00:00\",\"breadcrumb\":{\"@id\":\"https:\\\/\\\/apsn-prev.org\\\/index.php\\\/le-centre-de-ressources\\\/#breadcrumb\"},\"inLanguage\":\"fr-FR\",\"potentialAction\":[{\"@type\":\"ReadAction\",\"target\":[\"https:\\\/\\\/apsn-prev.org\\\/index.php\\\/le-centre-de-ressources\\\/\"]}]},{\"@type\":\"BreadcrumbList\",\"@id\":\"https:\\\/\\\/apsn-prev.org\\\/index.php\\\/le-centre-de-ressources\\\/#breadcrumb\",\"itemListElement\":[{\"@type\":\"ListItem\",\"position\":1,\"name\":\"Accueil\",\"item\":\"https:\\\/\\\/apsn-prev.org\\\/\"},{\"@type\":\"ListItem\",\"position\":2,\"name\":\"Le Centre de Ressources National\"}]},{\"@type\":\"WebSite\",\"@id\":\"https:\\\/\\\/apsn-prev.org\\\/#website\",\"url\":\"https:\\\/\\\/apsn-prev.org\\\/\",\"name\":\"Des id\u00e9es et des m\u00e9thodes au service de la Pr\u00e9vention Sp\u00e9cialis\u00e9e.\",\"description\":\"\",\"publisher\":{\"@id\":\"https:\\\/\\\/apsn-prev.org\\\/#organization\"},\"potentialAction\":[{\"@type\":\"SearchAction\",\"target\":{\"@type\":\"EntryPoint\",\"urlTemplate\":\"https:\\\/\\\/apsn-prev.org\\\/?s={search_term_string}\"},\"query-input\":{\"@type\":\"PropertyValueSpecification\",\"valueRequired\":true,\"valueName\":\"search_term_string\"}}],\"inLanguage\":\"fr-FR\"},{\"@type\":\"Organization\",\"@id\":\"https:\\\/\\\/apsn-prev.org\\\/#organization\",\"name\":\"Des id\u00e9es et des m\u00e9thodes au service de la Pr\u00e9vention Sp\u00e9cialis\u00e9e.\",\"url\":\"https:\\\/\\\/apsn-prev.org\\\/\",\"logo\":{\"@type\":\"ImageObject\",\"inLanguage\":\"fr-FR\",\"@id\":\"https:\\\/\\\/apsn-prev.org\\\/#\\\/schema\\\/logo\\\/image\\\/\",\"url\":\"https:\\\/\\\/i0.wp.com\\\/apsn-prev.org\\\/wp-content\\\/uploads\\\/2023\\\/09\\\/cropped-LOG-SITE-3.png?fit=1179%2C297&ssl=1\",\"contentUrl\":\"https:\\\/\\\/i0.wp.com\\\/apsn-prev.org\\\/wp-content\\\/uploads\\\/2023\\\/09\\\/cropped-LOG-SITE-3.png?fit=1179%2C297&ssl=1\",\"width\":1179,\"height\":297,\"caption\":\"Des id\u00e9es et des m\u00e9thodes au service de la Pr\u00e9vention Sp\u00e9cialis\u00e9e.\"},\"image\":{\"@id\":\"https:\\\/\\\/apsn-prev.org\\\/#\\\/schema\\\/logo\\\/image\\\/\"}}]}<\/script>\n<!-- \/ Yoast SEO plugin. -->","yoast_head_json":{"title":"Le Centre de Ressources National - Des id\u00e9es et des m\u00e9thodes au service de la Pr\u00e9vention Sp\u00e9cialis\u00e9e.","robots":{"index":"index","follow":"follow","max-snippet":"max-snippet:-1","max-image-preview":"max-image-preview:large","max-video-preview":"max-video-preview:-1"},"canonical":"https:\/\/apsn-prev.org\/index.php\/le-centre-de-ressources\/","og_locale":"fr_FR","og_type":"article","og_title":"Le Centre de Ressources National - Des id\u00e9es et des m\u00e9thodes au service de la Pr\u00e9vention Sp\u00e9cialis\u00e9e.","og_description":"\u00ab\u00a0\u00catre accompagn\u00e9 par l&rsquo;APSN permet de b\u00e9n\u00e9ficier d&rsquo;une expertise port\u00e9e par une structure qui conna\u00eet la Pr\u00e9vention Sp\u00e9cialis\u00e9e et qui en conna\u00eet le contexte et les enjeux.\u00a0\u00bbUn Directeur de service&hellip; Lire la suite Le Centre de Ressources National","og_url":"https:\/\/apsn-prev.org\/index.php\/le-centre-de-ressources\/","og_site_name":"Des id\u00e9es et des m\u00e9thodes au service de la Pr\u00e9vention Sp\u00e9cialis\u00e9e.","article_modified_time":"2024-01-17T18:24:46+00:00","twitter_card":"summary_large_image","twitter_misc":{"Dur\u00e9e de lecture estim\u00e9e":"3 minutes"},"schema":{"@context":"https:\/\/schema.org","@graph":[{"@type":"WebPage","@id":"https:\/\/apsn-prev.org\/index.php\/le-centre-de-ressources\/","url":"https:\/\/apsn-prev.org\/index.php\/le-centre-de-ressources\/","name":"Le Centre de Ressources National - Des id\u00e9es et des m\u00e9thodes au service de la Pr\u00e9vention Sp\u00e9cialis\u00e9e.","isPartOf":{"@id":"https:\/\/apsn-prev.org\/#website"},"datePublished":"2023-09-25T13:36:15+00:00","dateModified":"2024-01-17T18:24:46+00:00","breadcrumb":{"@id":"https:\/\/apsn-prev.org\/index.php\/le-centre-de-ressources\/#breadcrumb"},"inLanguage":"fr-FR","potentialAction":[{"@type":"ReadAction","target":["https:\/\/apsn-prev.org\/index.php\/le-centre-de-ressources\/"]}]},{"@type":"BreadcrumbList","@id":"https:\/\/apsn-prev.org\/index.php\/le-centre-de-ressources\/#breadcrumb","itemListElement":[{"@type":"ListItem","position":1,"name":"Accueil","item":"https:\/\/apsn-prev.org\/"},{"@type":"ListItem","position":2,"name":"Le Centre de Ressources National"}]},{"@type":"WebSite","@id":"https:\/\/apsn-prev.org\/#website","url":"https:\/\/apsn-prev.org\/","name":"Des id\u00e9es et des m\u00e9thodes au service de la Pr\u00e9vention Sp\u00e9cialis\u00e9e.","description":"","publisher":{"@id":"https:\/\/apsn-prev.org\/#organization"},"potentialAction":[{"@type":"SearchAction","target":{"@type":"EntryPoint","urlTemplate":"https:\/\/apsn-prev.org\/?s={search_term_string}"},"query-input":{"@type":"PropertyValueSpecification","valueRequired":true,"valueName":"search_term_string"}}],"inLanguage":"fr-FR"},{"@type":"Organization","@id":"https:\/\/apsn-prev.org\/#organization","name":"Des id\u00e9es et des m\u00e9thodes au service de la Pr\u00e9vention Sp\u00e9cialis\u00e9e.","url":"https:\/\/apsn-prev.org\/","logo":{"@type":"ImageObject","inLanguage":"fr-FR","@id":"https:\/\/apsn-prev.org\/#\/schema\/logo\/image\/","url":"https:\/\/i0.wp.com\/apsn-prev.org\/wp-content\/uploads\/2023\/09\/cropped-LOG-SITE-3.png?fit=1179%2C297&ssl=1","contentUrl":"https:\/\/i0.wp.com\/apsn-prev.org\/wp-content\/uploads\/2023\/09\/cropped-LOG-SITE-3.png?fit=1179%2C297&ssl=1","width":1179,"height":297,"caption":"Des id\u00e9es et des m\u00e9thodes au service de la Pr\u00e9vention Sp\u00e9cialis\u00e9e."},"image":{"@id":"https:\/\/apsn-prev.org\/#\/schema\/logo\/image\/"}}]}},"jetpack_sharing_enabled":true,"_links":{"self":[{"href":"https:\/\/apsn-prev.org\/index.php\/wp-json\/wp\/v2\/pages\/10659","targetHints":{"allow":["GET"]}}],"collection":[{"href":"https:\/\/apsn-prev.org\/index.php\/wp-json\/wp\/v2\/pages"}],"about":[{"href":"https:\/\/apsn-prev.org\/index.php\/wp-json\/wp\/v2\/types\/page"}],"author":[{"embeddable":true,"href":"https:\/\/apsn-prev.org\/index.php\/wp-json\/wp\/v2\/users\/1"}],"replies":[{"embeddable":true,"href":"https:\/\/apsn-prev.org\/index.php\/wp-json\/wp\/v2\/comments?post=10659"}],"version-history":[{"count":16,"href":"https:\/\/apsn-prev.org\/index.php\/wp-json\/wp\/v2\/pages\/10659\/revisions"}],"predecessor-version":[{"id":12190,"href":"https:\/\/apsn-prev.org\/index.php\/wp-json\/wp\/v2\/pages\/10659\/revisions\/12190"}],"wp:attachment":[{"href":"https:\/\/apsn-prev.org\/index.php\/wp-json\/wp\/v2\/media?parent=10659"}],"wp:term":[{"taxonomy":"post_tag","embeddable":true,"href":"https:\/\/apsn-prev.org\/index.php\/wp-json\/wp\/v2\/tags?post=10659"}],"curies":[{"name":"wp","href":"https:\/\/api.w.org\/{rel}","templated":true}]}}