{"id":10668,"date":"2023-09-25T15:46:52","date_gmt":"2023-09-25T13:46:52","guid":{"rendered":"https:\/\/apsn-prev.org\/?page_id=10668"},"modified":"2026-03-30T20:05:45","modified_gmt":"2026-03-30T18:05:45","slug":"la-base-de-donnees-commune-2","status":"publish","type":"page","link":"https:\/\/apsn-prev.org\/index.php\/la-base-de-donnees-commune-2\/","title":{"rendered":"La Base de Donn\u00e9es Commune"},"content":{"rendered":"\n<p class=\"has-text-color\" style=\"color:#15b6b8\"><strong>L&rsquo;adh\u00e9sion \u00e0 l&rsquo;APSN comprend :<\/strong><\/p>\n\n\n\n<ul style=\"color:#15b6b8\" class=\"wp-block-list has-text-color\">\n<li><strong>Un acc\u00e8s \u00e0 la base de donn\u00e9es commune<\/strong>, <\/li>\n\n\n\n<li><strong>L&rsquo;int\u00e9gration au COPIL et aux groupes \u00ab\u00a0r\u00e9f\u00e9rents \u00e9ducateurs\u00a0\u00bb,<\/strong><\/li>\n\n\n\n<li><strong>Un accompagnement  technique et p\u00e9dagogique des services de Pr\u00e9vention Sp\u00e9cialis\u00e9e  sur l&rsquo;appropriation de l&rsquo;outil<\/strong>,<\/li>\n\n\n\n<li><strong>L&rsquo;organisation et l&rsquo;animation d&rsquo;un s\u00e9minaire d&rsquo;analyse de donn\u00e9es \u00e0 l&rsquo;\u00e9chelle du service.<\/strong><\/li>\n<\/ul>\n\n\n\n<div class=\"wp-block-buttons is-content-justification-center is-layout-flex wp-container-core-buttons-is-layout-16018d1d wp-block-buttons-is-layout-flex\">\n<div class=\"wp-block-button\"><a class=\"wp-block-button__link has-background wp-element-button\" href=\"mailto:jherbin@apsn-prev.fr\" style=\"background-color:#15b6b8\" target=\"_blank\" rel=\"noreferrer noopener\"><strong>Pour d\u00e9couvrir  la Base de Donn\u00e9es Commune : contactez-nous !<\/strong><\/a><\/div>\n<\/div>\n\n\n\n<h2 class=\"wp-block-heading has-text-color\" id=\"pourquoi-une-base-de-donnees-commune-1\" style=\"color:#0c8384\">Pourquoi une Base de Donn\u00e9es Commune ?<\/h2>\n\n\n\n<p><strong>Elle a \u00e9t\u00e9 cr\u00e9\u00e9e en 2011 avec<\/strong> <strong>des associations de Pr\u00e9vention Sp\u00e9cialis\u00e9e<\/strong> gr\u00e2ce au soutien financier du Conseil D\u00e9partemental du Nord afin d\u2019<strong>avoir<\/strong> <strong>des donn\u00e9es<\/strong> sur les  profils des jeunes accompagn\u00e9s et <strong>harmoniser les rapports d\u2019activit\u00e9s<\/strong>. <\/p>\n\n\n\n<div class=\"wp-block-columns is-layout-flex wp-container-core-columns-is-layout-9d6595d7 wp-block-columns-is-layout-flex\">\n<div class=\"wp-block-column is-layout-flow wp-block-column-is-layout-flow\">\n<figure class=\"wp-block-table\"><table class=\"has-white-color has-text-color has-background has-fixed-layout\" style=\"background-color:#15b6b8\"><tbody><tr><td>\u00ab\u00a0<em>La base de donn\u00e9es trouve son origine dans la recherche d\u2019une m\u00e9thode pour harmoniser les rapports d\u2019activit\u00e9 des associations, au constat d\u2019une grande variabilit\u00e9 des formes, contenus et indicateurs d\u2019activit\u00e9. Le conseil g\u00e9n\u00e9ral du Nord souhaitait faciliter sa lecture et sa compr\u00e9hension de l\u2019activit\u00e9 par des donn\u00e9es communes \u00e0 l\u2019ensemble des associations.<\/em>\u00ab\u00a0<strong><em>Source : \u00ab&nbsp;Rep\u00e8res pour&nbsp;promouvoir l\u2019action de la Pr\u00e9vention sp\u00e9cialis\u00e9e&nbsp;\u00bb \u00e9dit\u00e9 par la CNAPE fin 2019, publication dans laquelle l\u2019APSN a contribu<\/em>\u00e9<\/strong><\/td><\/tr><\/tbody><\/table><\/figure>\n<\/div>\n<\/div>\n\n\n\n<p class=\"has-text-align-justify\"><strong>2020, constitution d\u2019un groupe de pilotage avec un repr\u00e9sentant de chacune des associations de Pr\u00e9vention Sp\u00e9cialis\u00e9e adh\u00e9rentes. Toutes d\u00e9cisions relatives \u00e0 la base de donn\u00e9es rel\u00e8vent de ce COPIL.<\/strong> <strong>En cr\u00e9ant la nouvelle interface en 2020, le COPIL s&rsquo;est donn\u00e9 pour objectifs de : <\/strong><\/p>\n\n\n\n<p>1. Faire \u00e9voluer la base de donn\u00e9es existante en croisant 3 dimensions :<\/p>\n\n\n\n<ul class=\"wp-block-list\">\n<li><strong>Une dimension strat\u00e9gique<\/strong>, mettre en lumi\u00e8re le parcours des jeunes et valoriser les missions de la Pr\u00e9vention Sp\u00e9cialis\u00e9e ; <\/li>\n\n\n\n<li><strong>Un outil de pilotage de l&rsquo;activit\u00e9<\/strong> au regard des missions de la Pr\u00e9vention Sp\u00e9cialis\u00e9e ; <\/li>\n\n\n\n<li><strong>Un support d&rsquo;analyse pour tous les professionnels<\/strong> sur le travail \u00e9ducatif r\u00e9alis\u00e9 aupr\u00e8s des jeunes.<\/li>\n<\/ul>\n\n\n\n<p>2. Actualiser les indicateurs sur les profils des jeunes,<\/p>\n\n\n\n<p class=\"has-text-align-justify\">3. Int\u00e9grer une dimension dynamique permettant de croiser les accompagnements socio\u00e9ducatifs avec les \u00e9volutions des parcours des jeunes,<\/p>\n\n\n\n<p class=\"has-text-align-justify\">4. Cr\u00e9er de nouvelles grilles : travail de rue, actions collectives ponctuelles et actions collectives int\u00e9gr\u00e9es \u00e0 un projet, travail avec la famille du jeune,<\/p>\n\n\n\n<p class=\"has-text-align-justify\"><strong>2021, Constitution des groupes de professionnels  \u00e9ducateurs \u00ab\u00a0r\u00e9f\u00e9rents base de donn\u00e9es commune\u00a0\u00bb<\/strong>, afin d&rsquo;accompagner l&rsquo;appropriation de cet outil, prendre en compte leurs suggestions en termes d&rsquo;\u00e9volution de l&rsquo;interface mais \u00e9galement approfondir et \u00e9tayer l&rsquo;analyse des  pratiques professionnelles.<\/p>\n\n\n\n<p><strong>2023, Lancement des s\u00e9minaires d&rsquo;analyse des donn\u00e9es de la BDC  \u00e0 l&rsquo;\u00e9chelle de chacune des associations adh\u00e9rentes de l&rsquo;APSN.<\/strong><\/p>\n\n\n\n<h2 class=\"wp-block-heading has-text-color\" id=\"ce-que-vous-apporte-la-base-de-donnees-commune\" style=\"color:#0c8384\">Ce que vous apporte la Base de Donn\u00e9es Commune<\/h2>\n\n\n\n<ul class=\"wp-block-list\">\n<li>Des rapports et des analyses \u00e0 l&rsquo;\u00e9chelle d&rsquo;un d\u00e9partement et\/ou d&rsquo;une m\u00e9tropole,<\/li>\n\n\n\n<li>Des supports permettant la production d&rsquo;\u00e9tudes,<\/li>\n\n\n\n<li>Les rapports d&rsquo;activit\u00e9 des services de Pr\u00e9vention Sp\u00e9cialis\u00e9e,<\/li>\n\n\n\n<li>Des focus sur des projets sp\u00e9cifiques, <\/li>\n\n\n\n<li>Des focus sur des fonctions sp\u00e9cifiques (exemple : <a href=\"https:\/\/apsn-prev.org\/index.php\/les-fonctions-specifiques\/\">Les Acteurs de Liaison Sociale en Environnement scolaire (A.L.S.E.S)<\/a>)<\/li>\n\n\n\n<li>La communication en interne et en externe,<\/li>\n\n\n\n<li>Des bilans interm\u00e9diaires, pour l&rsquo;analyse des situations des publics, &#8230; <\/li>\n<\/ul>\n\n\n\n<p>L&rsquo;analyse de la base de donn\u00e9es peut se faire \u00e0 partir de deux entr\u00e9es : les pratiques et\/ou les publics<\/p>\n\n\n\n<p>Pour vous connecter \u00e0 la base de donn\u00e9es c&rsquo;est <a href=\"https:\/\/evasoft.fr\/eva\/apsn.cgi\">ici<\/a><\/p>\n\n\n\n<h2 class=\"wp-block-heading has-text-align-center has-text-color\" id=\"la-base-de-donnees-commune-en-une-infographie\" style=\"color:#0c8384\">Une base de donn\u00e9es s\u00e9curis\u00e9e<\/h2>\n\n\n<div class=\"wp-block-image\">\n<figure class=\"aligncenter size-full is-resized\"><img data-recalc-dims=\"1\" loading=\"lazy\" decoding=\"async\" width=\"445\" height=\"376\" src=\"https:\/\/i0.wp.com\/apsn-prev.org\/wp-content\/uploads\/2023\/10\/infographie-bdc-1.png?resize=445%2C376&#038;ssl=1\" alt=\"\" class=\"wp-image-10895\" style=\"width:679px;height:574px\" srcset=\"https:\/\/i0.wp.com\/apsn-prev.org\/wp-content\/uploads\/2023\/10\/infographie-bdc-1.png?w=445&amp;ssl=1 445w, https:\/\/i0.wp.com\/apsn-prev.org\/wp-content\/uploads\/2023\/10\/infographie-bdc-1.png?resize=300%2C253&amp;ssl=1 300w\" sizes=\"auto, (max-width: 445px) 100vw, 445px\" \/><\/figure>\n<\/div>\n\n\n<p><strong>Depuis la cr\u00e9ation de la Base de Donn\u00e9es Commune,<\/strong> <strong>L&rsquo;APSN produit chaque ann\u00e9e une synth\u00e8se de son exploitation \u00e0 l&rsquo;\u00e9chelle du D\u00e9partement du Nord<\/strong>.<\/p>\n\n\n\n<p><\/p>\n\n\n\n<div class=\"wp-block-buttons is-content-justification-center is-layout-flex wp-container-core-buttons-is-layout-16018d1d wp-block-buttons-is-layout-flex\">\n<div class=\"wp-block-button has-custom-width wp-block-button__width-50\"><a class=\"wp-block-button__link has-background has-small-font-size has-text-align-center has-custom-font-size wp-element-button\" href=\"https:\/\/apsn-prev.org\/wp-content\/uploads\/2026\/03\/Rapport-Departemental-2025.pdf\" style=\"background-color:#15b6b8\"><strong>Rapport d&rsquo;analyse d\u00e9partemental 2025<\/strong><\/a><\/div>\n<\/div>\n\n\n\n<p><\/p>\n\n\n\n<div class=\"wp-block-buttons is-content-justification-center is-layout-flex wp-container-core-buttons-is-layout-16018d1d wp-block-buttons-is-layout-flex\">\n<div class=\"wp-block-button has-custom-width wp-block-button__width-50\"><a class=\"wp-block-button__link has-background has-small-font-size has-text-align-center has-custom-font-size wp-element-button\" href=\"https:\/\/apsn-prev.org\/wp-content\/uploads\/2025\/04\/APSN-Rapport-departemental-2024.pdf\" style=\"background-color:#15b6b8\"><strong>Rapport d&rsquo;analyse d\u00e9partemental 2024<\/strong><\/a><\/div>\n<\/div>\n\n\n\n<p><\/p>\n\n\n\n<div class=\"wp-block-buttons is-content-justification-center is-layout-flex wp-container-core-buttons-is-layout-16018d1d wp-block-buttons-is-layout-flex\">\n<div class=\"wp-block-button has-custom-width wp-block-button__width-50\"><a class=\"wp-block-button__link has-background has-small-font-size has-custom-font-size wp-element-button\" href=\"https:\/\/apsn-prev.org\/wp-content\/uploads\/2024\/03\/APSN-Rapport-BDC-2023.pdf\" style=\"background-color:#15b6b8\"><strong>Rapport d&rsquo;analyse d\u00e9partemental 2023<\/strong><\/a><\/div>\n<\/div>\n\n\n\n<p><\/p>\n\n\n\n<div class=\"wp-block-buttons has-custom-font-size has-small-font-size is-content-justification-center is-nowrap is-layout-flex wp-container-core-buttons-is-layout-94bc23d7 wp-block-buttons-is-layout-flex\">\n<div class=\"wp-block-button has-custom-width wp-block-button__width-50\"><a class=\"wp-block-button__link has-background has-small-font-size has-text-align-center has-custom-font-size wp-element-button\" href=\"https:\/\/apsn-prev.org\/wp-content\/uploads\/2023\/09\/APSN-Rapport-BDC-2022.pdf\" style=\"border-radius:17px;background-color:#15b6b8\"><strong>Rapport d&rsquo;analyse d\u00e9partemental 2022<\/strong><\/a><\/div>\n<\/div>\n\n\n\n<p><\/p>\n\n\n\n<div class=\"wp-block-buttons has-custom-font-size has-medium-font-size is-content-justification-center is-layout-flex wp-container-core-buttons-is-layout-16018d1d wp-block-buttons-is-layout-flex\">\n<div class=\"wp-block-button has-custom-width wp-block-button__width-50 is-style-fill\"><a class=\"wp-block-button__link has-white-color has-text-color has-background has-small-font-size has-text-align-center has-custom-font-size wp-element-button\" href=\"https:\/\/apsn-prev.org\/wp-content\/uploads\/2022\/06\/Rapport-activite-2021-derniere-version.pdf\" style=\"border-radius:17px;background-color:#15b6b8\" target=\"_blank\" rel=\"noreferrer noopener\"><strong>Rapport d&rsquo;analyse d\u00e9partemental 2021 <\/strong><\/a><\/div>\n<\/div>\n\n\n\n<p><\/p>\n\n\n\n<div class=\"wp-block-buttons is-content-justification-center is-layout-flex wp-container-core-buttons-is-layout-16018d1d wp-block-buttons-is-layout-flex\">\n<div class=\"wp-block-button has-custom-width wp-block-button__width-50 is-style-outline is-style-outline--1\"><a class=\"wp-block-button__link has-white-color has-text-color has-background has-small-font-size has-text-align-center has-custom-font-size wp-element-button\" href=\"https:\/\/apsn-prev.org\/wp-content\/uploads\/2022\/03\/rapport-base-de-donnees-commune-2020.pdf\" style=\"border-radius:17px;background-color:#15b6b8\" target=\"_blank\" rel=\"noreferrer noopener\"><strong>Rapport d&rsquo;analyse d\u00e9partemental 2020<\/strong><\/a><\/div>\n<\/div>\n\n\n\n<p><\/p>\n\n\n\n<div class=\"wp-block-buttons is-content-justification-center is-layout-flex wp-container-core-buttons-is-layout-16018d1d wp-block-buttons-is-layout-flex\">\n<div class=\"wp-block-button has-custom-width wp-block-button__width-50\"><a class=\"wp-block-button__link has-background has-small-font-size has-text-align-center has-custom-font-size wp-element-button\" href=\"https:\/\/apsn-prev.org\/wp-content\/uploads\/2022\/03\/apsn-rapport-base-de-donnees-commune-2019.pdf\" style=\"border-radius:17px;background-color:#15b6b8\"><strong>Rapport d&rsquo;analyse d\u00e9partemental 2019<\/strong><\/a><\/div>\n<\/div>\n\n\n\n<p><\/p>\n\n\n\n<div class=\"wp-block-buttons is-content-justification-center is-layout-flex wp-container-core-buttons-is-layout-16018d1d wp-block-buttons-is-layout-flex\">\n<div class=\"wp-block-button has-custom-width wp-block-button__width-50\"><a class=\"wp-block-button__link has-background has-small-font-size has-text-align-center has-custom-font-size wp-element-button\" href=\"https:\/\/apsn-prev.org\/wp-content\/uploads\/2022\/03\/rapport-base-de-donnees-2018.pdf\" style=\"border-radius:17px;background-color:#15b6b8\"><strong>Rapport d&rsquo;analyse d\u00e9partemental 2018<\/strong><\/a><\/div>\n<\/div>\n\n\n\n<p><\/p>\n\n\n\n<div class=\"wp-block-buttons is-content-justification-center is-layout-flex wp-container-core-buttons-is-layout-16018d1d wp-block-buttons-is-layout-flex\">\n<div class=\"wp-block-button has-custom-width wp-block-button__width-50\"><a class=\"wp-block-button__link has-background has-small-font-size has-text-align-center has-custom-font-size wp-element-button\" href=\"https:\/\/apsn-prev.org\/wp-content\/uploads\/2022\/03\/rapport-base-de-donnees-commune_-donnees-2017.pdf\" style=\"border-radius:17px;background-color:#15b6b8\"><strong>Rapport d&rsquo;analyse d\u00e9partemental 2017<\/strong><\/a><\/div>\n<\/div>\n\n\n\n<p><\/p>\n","protected":false},"excerpt":{"rendered":"<p>L&rsquo;adh\u00e9sion \u00e0 l&rsquo;APSN comprend : Pourquoi une Base de Donn\u00e9es Commune ? Elle a \u00e9t\u00e9 cr\u00e9\u00e9e en 2011 avec des associations de Pr\u00e9vention Sp\u00e9cialis\u00e9e gr\u00e2ce au soutien financier du Conseil&hellip; <a href=\"https:\/\/apsn-prev.org\/index.php\/la-base-de-donnees-commune-2\/\" class=\"more-link\">Lire la suite <span class=\"screen-reader-text\">La Base de Donn\u00e9es Commune<\/span><\/a><\/p>\n","protected":false},"author":1,"featured_media":0,"parent":0,"menu_order":0,"comment_status":"closed","ping_status":"closed","template":"","meta":{"footnotes":""},"tags":[],"class_list":["post-10668","page","type-page","status-publish","hentry","without-featured-image"],"yoast_head":"<!-- This site is optimized with the Yoast SEO plugin v27.4 - https:\/\/yoast.com\/product\/yoast-seo-wordpress\/ -->\n<title>La Base de Donn\u00e9es Commune - Des id\u00e9es et des m\u00e9thodes au service de la Pr\u00e9vention Sp\u00e9cialis\u00e9e.<\/title>\n<meta name=\"robots\" content=\"index, follow, max-snippet:-1, max-image-preview:large, max-video-preview:-1\" \/>\n<link rel=\"canonical\" href=\"https:\/\/apsn-prev.org\/index.php\/la-base-de-donnees-commune-2\/\" \/>\n<meta property=\"og:locale\" content=\"fr_FR\" \/>\n<meta property=\"og:type\" content=\"article\" \/>\n<meta property=\"og:title\" content=\"La Base de Donn\u00e9es Commune - Des id\u00e9es et des m\u00e9thodes au service de la Pr\u00e9vention Sp\u00e9cialis\u00e9e.\" \/>\n<meta property=\"og:description\" content=\"L&rsquo;adh\u00e9sion \u00e0 l&rsquo;APSN comprend : Pourquoi une Base de Donn\u00e9es Commune ? Elle a \u00e9t\u00e9 cr\u00e9\u00e9e en 2011 avec des associations de Pr\u00e9vention Sp\u00e9cialis\u00e9e gr\u00e2ce au soutien financier du Conseil&hellip; Lire la suite La Base de Donn\u00e9es Commune\" \/>\n<meta property=\"og:url\" content=\"https:\/\/apsn-prev.org\/index.php\/la-base-de-donnees-commune-2\/\" \/>\n<meta property=\"og:site_name\" content=\"Des id\u00e9es et des m\u00e9thodes au service de la Pr\u00e9vention Sp\u00e9cialis\u00e9e.\" \/>\n<meta property=\"article:modified_time\" content=\"2026-03-30T18:05:45+00:00\" \/>\n<meta property=\"og:image\" content=\"https:\/\/apsn-prev.org\/wp-content\/uploads\/2023\/10\/infographie-bdc-1.png\" \/>\n<meta name=\"twitter:card\" content=\"summary_large_image\" \/>\n<meta name=\"twitter:label1\" content=\"Dur\u00e9e de lecture estim\u00e9e\" \/>\n\t<meta name=\"twitter:data1\" content=\"3 minutes\" \/>\n<script type=\"application\/ld+json\" class=\"yoast-schema-graph\">{\"@context\":\"https:\\\/\\\/schema.org\",\"@graph\":[{\"@type\":\"WebPage\",\"@id\":\"https:\\\/\\\/apsn-prev.org\\\/index.php\\\/la-base-de-donnees-commune-2\\\/\",\"url\":\"https:\\\/\\\/apsn-prev.org\\\/index.php\\\/la-base-de-donnees-commune-2\\\/\",\"name\":\"La Base de Donn\u00e9es Commune - Des id\u00e9es et des m\u00e9thodes au service de la Pr\u00e9vention Sp\u00e9cialis\u00e9e.\",\"isPartOf\":{\"@id\":\"https:\\\/\\\/apsn-prev.org\\\/#website\"},\"primaryImageOfPage\":{\"@id\":\"https:\\\/\\\/apsn-prev.org\\\/index.php\\\/la-base-de-donnees-commune-2\\\/#primaryimage\"},\"image\":{\"@id\":\"https:\\\/\\\/apsn-prev.org\\\/index.php\\\/la-base-de-donnees-commune-2\\\/#primaryimage\"},\"thumbnailUrl\":\"https:\\\/\\\/apsn-prev.org\\\/wp-content\\\/uploads\\\/2023\\\/10\\\/infographie-bdc-1.png\",\"datePublished\":\"2023-09-25T13:46:52+00:00\",\"dateModified\":\"2026-03-30T18:05:45+00:00\",\"breadcrumb\":{\"@id\":\"https:\\\/\\\/apsn-prev.org\\\/index.php\\\/la-base-de-donnees-commune-2\\\/#breadcrumb\"},\"inLanguage\":\"fr-FR\",\"potentialAction\":[{\"@type\":\"ReadAction\",\"target\":[\"https:\\\/\\\/apsn-prev.org\\\/index.php\\\/la-base-de-donnees-commune-2\\\/\"]}]},{\"@type\":\"ImageObject\",\"inLanguage\":\"fr-FR\",\"@id\":\"https:\\\/\\\/apsn-prev.org\\\/index.php\\\/la-base-de-donnees-commune-2\\\/#primaryimage\",\"url\":\"https:\\\/\\\/i0.wp.com\\\/apsn-prev.org\\\/wp-content\\\/uploads\\\/2023\\\/10\\\/infographie-bdc-1.png?fit=445%2C376&ssl=1\",\"contentUrl\":\"https:\\\/\\\/i0.wp.com\\\/apsn-prev.org\\\/wp-content\\\/uploads\\\/2023\\\/10\\\/infographie-bdc-1.png?fit=445%2C376&ssl=1\",\"width\":445,\"height\":376},{\"@type\":\"BreadcrumbList\",\"@id\":\"https:\\\/\\\/apsn-prev.org\\\/index.php\\\/la-base-de-donnees-commune-2\\\/#breadcrumb\",\"itemListElement\":[{\"@type\":\"ListItem\",\"position\":1,\"name\":\"Accueil\",\"item\":\"https:\\\/\\\/apsn-prev.org\\\/\"},{\"@type\":\"ListItem\",\"position\":2,\"name\":\"La Base de Donn\u00e9es Commune\"}]},{\"@type\":\"WebSite\",\"@id\":\"https:\\\/\\\/apsn-prev.org\\\/#website\",\"url\":\"https:\\\/\\\/apsn-prev.org\\\/\",\"name\":\"Des id\u00e9es et des m\u00e9thodes au service de la Pr\u00e9vention Sp\u00e9cialis\u00e9e.\",\"description\":\"\",\"publisher\":{\"@id\":\"https:\\\/\\\/apsn-prev.org\\\/#organization\"},\"potentialAction\":[{\"@type\":\"SearchAction\",\"target\":{\"@type\":\"EntryPoint\",\"urlTemplate\":\"https:\\\/\\\/apsn-prev.org\\\/?s={search_term_string}\"},\"query-input\":{\"@type\":\"PropertyValueSpecification\",\"valueRequired\":true,\"valueName\":\"search_term_string\"}}],\"inLanguage\":\"fr-FR\"},{\"@type\":\"Organization\",\"@id\":\"https:\\\/\\\/apsn-prev.org\\\/#organization\",\"name\":\"Des id\u00e9es et des m\u00e9thodes au service de la Pr\u00e9vention Sp\u00e9cialis\u00e9e.\",\"url\":\"https:\\\/\\\/apsn-prev.org\\\/\",\"logo\":{\"@type\":\"ImageObject\",\"inLanguage\":\"fr-FR\",\"@id\":\"https:\\\/\\\/apsn-prev.org\\\/#\\\/schema\\\/logo\\\/image\\\/\",\"url\":\"https:\\\/\\\/i0.wp.com\\\/apsn-prev.org\\\/wp-content\\\/uploads\\\/2023\\\/09\\\/cropped-LOG-SITE-3.png?fit=1179%2C297&ssl=1\",\"contentUrl\":\"https:\\\/\\\/i0.wp.com\\\/apsn-prev.org\\\/wp-content\\\/uploads\\\/2023\\\/09\\\/cropped-LOG-SITE-3.png?fit=1179%2C297&ssl=1\",\"width\":1179,\"height\":297,\"caption\":\"Des id\u00e9es et des m\u00e9thodes au service de la Pr\u00e9vention Sp\u00e9cialis\u00e9e.\"},\"image\":{\"@id\":\"https:\\\/\\\/apsn-prev.org\\\/#\\\/schema\\\/logo\\\/image\\\/\"}}]}<\/script>\n<!-- \/ Yoast SEO plugin. -->","yoast_head_json":{"title":"La Base de Donn\u00e9es Commune - Des id\u00e9es et des m\u00e9thodes au service de la Pr\u00e9vention Sp\u00e9cialis\u00e9e.","robots":{"index":"index","follow":"follow","max-snippet":"max-snippet:-1","max-image-preview":"max-image-preview:large","max-video-preview":"max-video-preview:-1"},"canonical":"https:\/\/apsn-prev.org\/index.php\/la-base-de-donnees-commune-2\/","og_locale":"fr_FR","og_type":"article","og_title":"La Base de Donn\u00e9es Commune - Des id\u00e9es et des m\u00e9thodes au service de la Pr\u00e9vention Sp\u00e9cialis\u00e9e.","og_description":"L&rsquo;adh\u00e9sion \u00e0 l&rsquo;APSN comprend : Pourquoi une Base de Donn\u00e9es Commune ? Elle a \u00e9t\u00e9 cr\u00e9\u00e9e en 2011 avec des associations de Pr\u00e9vention Sp\u00e9cialis\u00e9e gr\u00e2ce au soutien financier du Conseil&hellip; Lire la suite La Base de Donn\u00e9es Commune","og_url":"https:\/\/apsn-prev.org\/index.php\/la-base-de-donnees-commune-2\/","og_site_name":"Des id\u00e9es et des m\u00e9thodes au service de la Pr\u00e9vention Sp\u00e9cialis\u00e9e.","article_modified_time":"2026-03-30T18:05:45+00:00","og_image":[{"url":"https:\/\/apsn-prev.org\/wp-content\/uploads\/2023\/10\/infographie-bdc-1.png","type":"","width":"","height":""}],"twitter_card":"summary_large_image","twitter_misc":{"Dur\u00e9e de lecture estim\u00e9e":"3 minutes"},"schema":{"@context":"https:\/\/schema.org","@graph":[{"@type":"WebPage","@id":"https:\/\/apsn-prev.org\/index.php\/la-base-de-donnees-commune-2\/","url":"https:\/\/apsn-prev.org\/index.php\/la-base-de-donnees-commune-2\/","name":"La Base de Donn\u00e9es Commune - Des id\u00e9es et des m\u00e9thodes au service de la Pr\u00e9vention Sp\u00e9cialis\u00e9e.","isPartOf":{"@id":"https:\/\/apsn-prev.org\/#website"},"primaryImageOfPage":{"@id":"https:\/\/apsn-prev.org\/index.php\/la-base-de-donnees-commune-2\/#primaryimage"},"image":{"@id":"https:\/\/apsn-prev.org\/index.php\/la-base-de-donnees-commune-2\/#primaryimage"},"thumbnailUrl":"https:\/\/apsn-prev.org\/wp-content\/uploads\/2023\/10\/infographie-bdc-1.png","datePublished":"2023-09-25T13:46:52+00:00","dateModified":"2026-03-30T18:05:45+00:00","breadcrumb":{"@id":"https:\/\/apsn-prev.org\/index.php\/la-base-de-donnees-commune-2\/#breadcrumb"},"inLanguage":"fr-FR","potentialAction":[{"@type":"ReadAction","target":["https:\/\/apsn-prev.org\/index.php\/la-base-de-donnees-commune-2\/"]}]},{"@type":"ImageObject","inLanguage":"fr-FR","@id":"https:\/\/apsn-prev.org\/index.php\/la-base-de-donnees-commune-2\/#primaryimage","url":"https:\/\/i0.wp.com\/apsn-prev.org\/wp-content\/uploads\/2023\/10\/infographie-bdc-1.png?fit=445%2C376&ssl=1","contentUrl":"https:\/\/i0.wp.com\/apsn-prev.org\/wp-content\/uploads\/2023\/10\/infographie-bdc-1.png?fit=445%2C376&ssl=1","width":445,"height":376},{"@type":"BreadcrumbList","@id":"https:\/\/apsn-prev.org\/index.php\/la-base-de-donnees-commune-2\/#breadcrumb","itemListElement":[{"@type":"ListItem","position":1,"name":"Accueil","item":"https:\/\/apsn-prev.org\/"},{"@type":"ListItem","position":2,"name":"La Base de Donn\u00e9es Commune"}]},{"@type":"WebSite","@id":"https:\/\/apsn-prev.org\/#website","url":"https:\/\/apsn-prev.org\/","name":"Des id\u00e9es et des m\u00e9thodes au service de la Pr\u00e9vention Sp\u00e9cialis\u00e9e.","description":"","publisher":{"@id":"https:\/\/apsn-prev.org\/#organization"},"potentialAction":[{"@type":"SearchAction","target":{"@type":"EntryPoint","urlTemplate":"https:\/\/apsn-prev.org\/?s={search_term_string}"},"query-input":{"@type":"PropertyValueSpecification","valueRequired":true,"valueName":"search_term_string"}}],"inLanguage":"fr-FR"},{"@type":"Organization","@id":"https:\/\/apsn-prev.org\/#organization","name":"Des id\u00e9es et des m\u00e9thodes au service de la Pr\u00e9vention Sp\u00e9cialis\u00e9e.","url":"https:\/\/apsn-prev.org\/","logo":{"@type":"ImageObject","inLanguage":"fr-FR","@id":"https:\/\/apsn-prev.org\/#\/schema\/logo\/image\/","url":"https:\/\/i0.wp.com\/apsn-prev.org\/wp-content\/uploads\/2023\/09\/cropped-LOG-SITE-3.png?fit=1179%2C297&ssl=1","contentUrl":"https:\/\/i0.wp.com\/apsn-prev.org\/wp-content\/uploads\/2023\/09\/cropped-LOG-SITE-3.png?fit=1179%2C297&ssl=1","width":1179,"height":297,"caption":"Des id\u00e9es et des m\u00e9thodes au service de la Pr\u00e9vention Sp\u00e9cialis\u00e9e."},"image":{"@id":"https:\/\/apsn-prev.org\/#\/schema\/logo\/image\/"}}]}},"jetpack_sharing_enabled":true,"_links":{"self":[{"href":"https:\/\/apsn-prev.org\/index.php\/wp-json\/wp\/v2\/pages\/10668","targetHints":{"allow":["GET"]}}],"collection":[{"href":"https:\/\/apsn-prev.org\/index.php\/wp-json\/wp\/v2\/pages"}],"about":[{"href":"https:\/\/apsn-prev.org\/index.php\/wp-json\/wp\/v2\/types\/page"}],"author":[{"embeddable":true,"href":"https:\/\/apsn-prev.org\/index.php\/wp-json\/wp\/v2\/users\/1"}],"replies":[{"embeddable":true,"href":"https:\/\/apsn-prev.org\/index.php\/wp-json\/wp\/v2\/comments?post=10668"}],"version-history":[{"count":40,"href":"https:\/\/apsn-prev.org\/index.php\/wp-json\/wp\/v2\/pages\/10668\/revisions"}],"predecessor-version":[{"id":19740,"href":"https:\/\/apsn-prev.org\/index.php\/wp-json\/wp\/v2\/pages\/10668\/revisions\/19740"}],"wp:attachment":[{"href":"https:\/\/apsn-prev.org\/index.php\/wp-json\/wp\/v2\/media?parent=10668"}],"wp:term":[{"taxonomy":"post_tag","embeddable":true,"href":"https:\/\/apsn-prev.org\/index.php\/wp-json\/wp\/v2\/tags?post=10668"}],"curies":[{"name":"wp","href":"https:\/\/api.w.org\/{rel}","templated":true}]}}