{"id":10672,"date":"2023-09-25T15:47:39","date_gmt":"2023-09-25T13:47:39","guid":{"rendered":"https:\/\/apsn-prev.org\/?page_id=10672"},"modified":"2025-03-22T15:41:59","modified_gmt":"2025-03-22T14:41:59","slug":"les-dynamiques-institutionnelles-2","status":"publish","type":"page","link":"https:\/\/apsn-prev.org\/index.php\/les-dynamiques-institutionnelles-2\/","title":{"rendered":"Les diagnostics de territoire"},"content":{"rendered":"\n<p class=\"has-text-align-justify has-text-color\" style=\"color:#15b6b8\"><strong>La connaissance des territoires est devenue un enjeu essentiel pour bon nombre d&rsquo;acteurs du secteur public comme du secteur priv\u00e9 ( Conseils D\u00e9partementaux, Communaut\u00e9s d&rsquo;Agglo, M\u00e9tropoles, Villes, Structures de proximit\u00e9 jeunesse..)<\/strong><\/p>\n\n\n\n<p class=\"has-text-align-justify has-text-color\" style=\"color:#15b6b8\"><strong>L&rsquo;ancrage des structures de Pr\u00e9vention Sp\u00e9cialis\u00e9e sur leurs territoires n\u00e9cessite \u00e9galement d&rsquo;actualiser r\u00e9guli\u00e8rement leur connaissance dudit territoire par la r\u00e9alisation d&rsquo;un diagnostic. <\/strong><\/p>\n\n\n\n<div class=\"wp-block-buttons is-content-justification-center is-layout-flex wp-container-core-buttons-is-layout-16018d1d wp-block-buttons-is-layout-flex\">\n<div class=\"wp-block-button has-custom-width wp-block-button__width-100 has-custom-font-size is-style-fill has-small-font-size\"><a class=\"wp-block-button__link has-background wp-element-button\" href=\"mailto:jherbin@apsn-prev.fr\" style=\"background-color:#15b6b8\" target=\"_blank\" rel=\"noreferrer noopener\"><strong>Besoin d&rsquo;aide dans la mise en \u0153uvre de votre d\u00e9marche de diagnostic ? Des accompagnements et\/ou  des formations personnalis\u00e9s peuvent vous \u00eatre propos\u00e9s, contactez-nous !<\/strong><\/a><\/div>\n<\/div>\n\n\n\n<div class=\"wp-block-columns is-layout-flex wp-container-core-columns-is-layout-9d6595d7 wp-block-columns-is-layout-flex\">\n<div class=\"wp-block-column is-layout-flow wp-block-column-is-layout-flow\" style=\"flex-basis:33.33%\">\n<figure class=\"wp-block-image size-full\"><img data-recalc-dims=\"1\" loading=\"lazy\" decoding=\"async\" width=\"304\" height=\"268\" src=\"https:\/\/i0.wp.com\/apsn-prev.org\/wp-content\/uploads\/2023\/10\/image-diag.png?resize=304%2C268&#038;ssl=1\" alt=\"\" class=\"wp-image-10901\" srcset=\"https:\/\/i0.wp.com\/apsn-prev.org\/wp-content\/uploads\/2023\/10\/image-diag.png?w=304&amp;ssl=1 304w, https:\/\/i0.wp.com\/apsn-prev.org\/wp-content\/uploads\/2023\/10\/image-diag.png?resize=300%2C264&amp;ssl=1 300w\" sizes=\"auto, (max-width: 304px) 100vw, 304px\" \/><\/figure>\n<\/div>\n\n\n\n<div class=\"wp-block-column is-layout-flow wp-block-column-is-layout-flow\" style=\"flex-basis:66.66%\">\n<p><strong>Action d\u2019accompagnement <\/strong>dans la r\u00e9alisation d\u2019un diagnostic de territoire.<\/p>\n\n\n\n<p class=\"has-text-align-justify\"><strong><a href=\"https:\/\/apsnformation.catalogueformpro.com\/0\/formation-en-intra-ou-inter-services-prevention-specialisee\/723089\/le-diagnostic-de-territoire-partage-enjeux-outils-methodologiques-et-animation\">Action de formation<\/a> <\/strong>(diagnostic sur la jeunesse, \u00e9tude d\u2019opportunit\u00e9 d\u2019implantation, ressources et partenariat sur un territoire, initiation aux techniques d\u2019entretiens et de questionnaire, mise en \u0153uvre d&rsquo;un \u00ab\u00a0porteur de parole\u00a0\u00bb, traitement des donn\u00e9es notamment l\u2019analyse sociod\u00e9mographique, analyse de contenu, modalit\u00e9s de restitution et de communication).<\/p>\n\n\n\n<p><strong>Journ\u00e9e de sensibilisation <\/strong>\u00e0 la d\u00e9marche du diagnostic territorial (enjeux de la d\u00e9marche et d\u00e9clinaison op\u00e9rationnelle).<\/p>\n<\/div>\n<\/div>\n\n\n\n<p><\/p>\n\n\n\n<p><\/p>\n\n\n\n<div class=\"wp-block-columns is-layout-flex wp-container-core-columns-is-layout-9d6595d7 wp-block-columns-is-layout-flex\">\n<div class=\"wp-block-column is-layout-flow wp-block-column-is-layout-flow\">\n<p class=\"has-text-align-justify\"><strong><em>P<\/em><\/strong><em>arce que nous&nbsp;partageons l&rsquo;ambition de promouvoir <\/em><strong><em>des diagnostics partag\u00e9s<\/em><\/strong><em>, parce que nous croyons que <\/em><strong><em>le d\u00e9veloppement&nbsp; social des territoires <\/em><\/strong><em>repose sur <\/em><strong><em>des&nbsp;processus&nbsp;collectifs <\/em><\/strong><em>et concert\u00e9s, l\u2019APSN a \u00e9galement d\u00e9velopp\u00e9 avec ses partenaires (IREV, l&rsquo;Union r\u00e9gionale des Centres Sociaux, UNCCAS, D\u00e9partement du Nord\u2026) une plateforme num\u00e9rique accessible gratuitement offrant des ressources p\u00e9dagogiques en direction des acteurs de terrain<\/em> (<em>professionnels, b\u00e9n\u00e9voles, habitants et formateurs<\/em>).<\/p>\n\n\n\n<p><\/p>\n<\/div>\n\n\n\n<div class=\"wp-block-column is-layout-flow wp-block-column-is-layout-flow\">\n<figure class=\"wp-block-image size-full\"><img data-recalc-dims=\"1\" loading=\"lazy\" decoding=\"async\" width=\"412\" height=\"210\" src=\"https:\/\/i0.wp.com\/apsn-prev.org\/wp-content\/uploads\/2023\/10\/Image2-diag-1.png?resize=412%2C210&#038;ssl=1\" alt=\"\" class=\"wp-image-10909\" srcset=\"https:\/\/i0.wp.com\/apsn-prev.org\/wp-content\/uploads\/2023\/10\/Image2-diag-1.png?w=412&amp;ssl=1 412w, https:\/\/i0.wp.com\/apsn-prev.org\/wp-content\/uploads\/2023\/10\/Image2-diag-1.png?resize=300%2C153&amp;ssl=1 300w\" sizes=\"auto, (max-width: 412px) 100vw, 412px\" \/><\/figure>\n\n\n\n<figure class=\"wp-block-video\"><video height=\"1080\" style=\"aspect-ratio: 1920 \/ 1080;\" width=\"1920\" controls src=\"https:\/\/apsn-prev.org\/wp-content\/uploads\/2022\/03\/diag-de-territoire.mp4\"><\/video><figcaption class=\"wp-element-caption\"><a href=\"https:\/\/www.diagnostic-territoire.org\/\">www.diagnostic-territoire.org<\/a><\/figcaption><\/figure>\n<\/div>\n<\/div>\n\n\n\n<p class=\"has-text-color has-medium-font-size\" style=\"color:#15b8b6\"><strong>Nos accompagnements r\u00e9cents<\/strong> (liste non exhaustive)<\/p>\n\n\n\n<ul class=\"wp-block-list\">\n<li><strong><em>R\u00e9alisation d&rsquo;un diagnostic sur le d\u00e9ploiement de la Pr\u00e9vention Sp\u00e9cialis\u00e9e sur les territoires du Val-De-Marne<\/em> &#8211; Conseil D\u00e9partemental du Val-De-Marne<\/strong><\/li>\n<\/ul>\n\n\n\n<p>Entre 2023 et 2024, L\u2019APSN a effectu\u00e9 le diagnostic territorial sur \u00ab&nbsp;les \u00e9quipes de Pr\u00e9vention Sp\u00e9cialis\u00e9e dans le D\u00e9partement du Val-De-Marne&nbsp;\u00bb. Cette \u00e9tude a \u00e9t\u00e9 r\u00e9alis\u00e9e par son charg\u00e9 de recherche Pape Momar Niang sur 30 communes. Le r\u00e9sultat a \u00e9t\u00e9 livr\u00e9 dans un rapport de 115 pages avec en valeur ajout\u00e9e un outil d\u2019Aide \u00e0 la d\u00e9cision brevet\u00e9 par l\u2019auteur fin 2023&nbsp;: l\u2019Indice de Coh\u00e9rence entre Moyens et Besoins (ICMB). Cette m\u00e9thode de croisement indiciaire innovante permet \u00e0 l\u2019APSN d\u2019\u00e9toffer son panel de ressources en termes de diagnostic territorial. <\/p>\n\n\n\n<p>Notre travail a pu combiner dans le cadre de ce chemin&nbsp;: scientificit\u00e9 &#8211; r\u00e9ponse \u00e0 une commande &#8211; et respect et soutien aux associations de pr\u00e9vention Sp\u00e9cialis\u00e9s du Val-De-Marne.<\/p>\n\n\n\n<p>Il est imp\u00e9ratif pour notre Centre de Ressources de respecter le principe Bourdieusien d\u2019effectuer une sociologie praticienne \u00ab\u00a0utile et non utilitaire\u00a0\u00bb, et de surcroit, au service des probl\u00e9matiques de la vuln\u00e9rabilit\u00e9. Les r\u00e9sultats de cette recherche sont disponibles ici :<strong> <a href=\"https:\/\/apsn-prev.org\/wp-content\/uploads\/2025\/03\/Diagnostic-VDM-Rapport-final-22-mars.pdf\">R\u00e9sultats du diagnostic sur le d\u00e9ploiement de la Pr\u00e9vention Sp\u00e9cialis\u00e9e sur les territoires du Val-de-Marne<\/a><\/strong><\/p>\n\n\n\n<ul class=\"wp-block-list\">\n<li><em>R\u00e9alisation d&rsquo;un diagnostic de Pr\u00e9vention Sp\u00e9cialis\u00e9e dans le cadre de la protection de l&rsquo;enfance, sur le territoire de la Corse <\/em>&#8211; <strong>Collectivit\u00e9 de Corse<\/strong><\/li>\n\n\n\n<li><em>R\u00e9alisation d&rsquo;un diagnostic de territoire<\/em>&#8211; <strong>Association de Pr\u00e9vention Sp\u00e9cialis\u00e9e La PAGODE &#8211; Nevers<\/strong><\/li>\n\n\n\n<li><em>R\u00e9alisation d&rsquo;une \u00e9tude de pr\u00e9figuration  : Mise en plac<\/em>e d&rsquo;une \u00e9quipe de Pr\u00e9vention Sp\u00e9cialis\u00e9e- <strong>Communaut\u00e9 d&rsquo;Agglom\u00e9ration H\u00e9nin-Carvin<\/strong><\/li>\n\n\n\n<li><em>Accompagnement \u00e0 l&rsquo;\u00e9laboration de diagnostics de territoire <\/em>&#8211; <strong>Association de Pr\u00e9vention Sp\u00e9cialis\u00e9e CAPEP <\/strong>&#8211; <strong>ANZIN<\/strong><\/li>\n\n\n\n<li><em>Diagnostic et accompagnement du projet jeunesse de la Commune <\/em>&#8211; <strong>Mairie d&rsquo;Hellemmes <\/strong><\/li>\n\n\n\n<li><em>Interventions Centres de Formation Travail social<\/em>&#8211; <strong>Lille<\/strong><\/li>\n<\/ul>\n\n\n\n<p>&#8230;\/&#8230;<\/p>\n","protected":false},"excerpt":{"rendered":"<p>La connaissance des territoires est devenue un enjeu essentiel pour bon nombre d&rsquo;acteurs du secteur public comme du secteur priv\u00e9 ( Conseils D\u00e9partementaux, Communaut\u00e9s d&rsquo;Agglo, M\u00e9tropoles, Villes, Structures de proximit\u00e9&hellip; <a href=\"https:\/\/apsn-prev.org\/index.php\/les-dynamiques-institutionnelles-2\/\" class=\"more-link\">Lire la suite <span class=\"screen-reader-text\">Les diagnostics de territoire<\/span><\/a><\/p>\n","protected":false},"author":1,"featured_media":0,"parent":0,"menu_order":0,"comment_status":"closed","ping_status":"closed","template":"","meta":{"footnotes":""},"tags":[],"class_list":["post-10672","page","type-page","status-publish","hentry","without-featured-image"],"yoast_head":"<!-- This site is optimized with the Yoast SEO plugin v27.4 - https:\/\/yoast.com\/product\/yoast-seo-wordpress\/ -->\n<title>Les diagnostics de territoire - Des id\u00e9es et des m\u00e9thodes au service de la Pr\u00e9vention Sp\u00e9cialis\u00e9e.<\/title>\n<meta name=\"robots\" content=\"index, follow, max-snippet:-1, max-image-preview:large, max-video-preview:-1\" \/>\n<link rel=\"canonical\" href=\"https:\/\/apsn-prev.org\/index.php\/les-dynamiques-institutionnelles-2\/\" \/>\n<meta property=\"og:locale\" content=\"fr_FR\" \/>\n<meta property=\"og:type\" content=\"article\" \/>\n<meta property=\"og:title\" content=\"Les diagnostics de territoire - Des id\u00e9es et des m\u00e9thodes au service de la Pr\u00e9vention Sp\u00e9cialis\u00e9e.\" \/>\n<meta property=\"og:description\" content=\"La connaissance des territoires est devenue un enjeu essentiel pour bon nombre d&rsquo;acteurs du secteur public comme du secteur priv\u00e9 ( Conseils D\u00e9partementaux, Communaut\u00e9s d&rsquo;Agglo, M\u00e9tropoles, Villes, Structures de proximit\u00e9&hellip; Lire la suite Les diagnostics de territoire\" \/>\n<meta property=\"og:url\" content=\"https:\/\/apsn-prev.org\/index.php\/les-dynamiques-institutionnelles-2\/\" \/>\n<meta property=\"og:site_name\" content=\"Des id\u00e9es et des m\u00e9thodes au service de la Pr\u00e9vention Sp\u00e9cialis\u00e9e.\" \/>\n<meta property=\"article:modified_time\" content=\"2025-03-22T14:41:59+00:00\" \/>\n<meta property=\"og:image\" content=\"https:\/\/apsn-prev.org\/wp-content\/uploads\/2023\/10\/image-diag.png\" \/>\n<meta name=\"twitter:card\" content=\"summary_large_image\" \/>\n<meta name=\"twitter:label1\" content=\"Dur\u00e9e de lecture estim\u00e9e\" \/>\n\t<meta name=\"twitter:data1\" content=\"3 minutes\" \/>\n<script type=\"application\/ld+json\" class=\"yoast-schema-graph\">{\"@context\":\"https:\\\/\\\/schema.org\",\"@graph\":[{\"@type\":\"WebPage\",\"@id\":\"https:\\\/\\\/apsn-prev.org\\\/index.php\\\/les-dynamiques-institutionnelles-2\\\/\",\"url\":\"https:\\\/\\\/apsn-prev.org\\\/index.php\\\/les-dynamiques-institutionnelles-2\\\/\",\"name\":\"Les diagnostics de territoire - Des id\u00e9es et des m\u00e9thodes au service de la Pr\u00e9vention Sp\u00e9cialis\u00e9e.\",\"isPartOf\":{\"@id\":\"https:\\\/\\\/apsn-prev.org\\\/#website\"},\"primaryImageOfPage\":{\"@id\":\"https:\\\/\\\/apsn-prev.org\\\/index.php\\\/les-dynamiques-institutionnelles-2\\\/#primaryimage\"},\"image\":{\"@id\":\"https:\\\/\\\/apsn-prev.org\\\/index.php\\\/les-dynamiques-institutionnelles-2\\\/#primaryimage\"},\"thumbnailUrl\":\"https:\\\/\\\/apsn-prev.org\\\/wp-content\\\/uploads\\\/2023\\\/10\\\/image-diag.png\",\"datePublished\":\"2023-09-25T13:47:39+00:00\",\"dateModified\":\"2025-03-22T14:41:59+00:00\",\"breadcrumb\":{\"@id\":\"https:\\\/\\\/apsn-prev.org\\\/index.php\\\/les-dynamiques-institutionnelles-2\\\/#breadcrumb\"},\"inLanguage\":\"fr-FR\",\"potentialAction\":[{\"@type\":\"ReadAction\",\"target\":[\"https:\\\/\\\/apsn-prev.org\\\/index.php\\\/les-dynamiques-institutionnelles-2\\\/\"]}]},{\"@type\":\"ImageObject\",\"inLanguage\":\"fr-FR\",\"@id\":\"https:\\\/\\\/apsn-prev.org\\\/index.php\\\/les-dynamiques-institutionnelles-2\\\/#primaryimage\",\"url\":\"https:\\\/\\\/i0.wp.com\\\/apsn-prev.org\\\/wp-content\\\/uploads\\\/2023\\\/10\\\/image-diag.png?fit=304%2C268&ssl=1\",\"contentUrl\":\"https:\\\/\\\/i0.wp.com\\\/apsn-prev.org\\\/wp-content\\\/uploads\\\/2023\\\/10\\\/image-diag.png?fit=304%2C268&ssl=1\",\"width\":304,\"height\":268},{\"@type\":\"BreadcrumbList\",\"@id\":\"https:\\\/\\\/apsn-prev.org\\\/index.php\\\/les-dynamiques-institutionnelles-2\\\/#breadcrumb\",\"itemListElement\":[{\"@type\":\"ListItem\",\"position\":1,\"name\":\"Accueil\",\"item\":\"https:\\\/\\\/apsn-prev.org\\\/\"},{\"@type\":\"ListItem\",\"position\":2,\"name\":\"Les diagnostics de territoire\"}]},{\"@type\":\"WebSite\",\"@id\":\"https:\\\/\\\/apsn-prev.org\\\/#website\",\"url\":\"https:\\\/\\\/apsn-prev.org\\\/\",\"name\":\"Des id\u00e9es et des m\u00e9thodes au service de la Pr\u00e9vention Sp\u00e9cialis\u00e9e.\",\"description\":\"\",\"publisher\":{\"@id\":\"https:\\\/\\\/apsn-prev.org\\\/#organization\"},\"potentialAction\":[{\"@type\":\"SearchAction\",\"target\":{\"@type\":\"EntryPoint\",\"urlTemplate\":\"https:\\\/\\\/apsn-prev.org\\\/?s={search_term_string}\"},\"query-input\":{\"@type\":\"PropertyValueSpecification\",\"valueRequired\":true,\"valueName\":\"search_term_string\"}}],\"inLanguage\":\"fr-FR\"},{\"@type\":\"Organization\",\"@id\":\"https:\\\/\\\/apsn-prev.org\\\/#organization\",\"name\":\"Des id\u00e9es et des m\u00e9thodes au service de la Pr\u00e9vention Sp\u00e9cialis\u00e9e.\",\"url\":\"https:\\\/\\\/apsn-prev.org\\\/\",\"logo\":{\"@type\":\"ImageObject\",\"inLanguage\":\"fr-FR\",\"@id\":\"https:\\\/\\\/apsn-prev.org\\\/#\\\/schema\\\/logo\\\/image\\\/\",\"url\":\"https:\\\/\\\/i0.wp.com\\\/apsn-prev.org\\\/wp-content\\\/uploads\\\/2023\\\/09\\\/cropped-LOG-SITE-3.png?fit=1179%2C297&ssl=1\",\"contentUrl\":\"https:\\\/\\\/i0.wp.com\\\/apsn-prev.org\\\/wp-content\\\/uploads\\\/2023\\\/09\\\/cropped-LOG-SITE-3.png?fit=1179%2C297&ssl=1\",\"width\":1179,\"height\":297,\"caption\":\"Des id\u00e9es et des m\u00e9thodes au service de la Pr\u00e9vention Sp\u00e9cialis\u00e9e.\"},\"image\":{\"@id\":\"https:\\\/\\\/apsn-prev.org\\\/#\\\/schema\\\/logo\\\/image\\\/\"}}]}<\/script>\n<!-- \/ Yoast SEO plugin. -->","yoast_head_json":{"title":"Les diagnostics de territoire - Des id\u00e9es et des m\u00e9thodes au service de la Pr\u00e9vention Sp\u00e9cialis\u00e9e.","robots":{"index":"index","follow":"follow","max-snippet":"max-snippet:-1","max-image-preview":"max-image-preview:large","max-video-preview":"max-video-preview:-1"},"canonical":"https:\/\/apsn-prev.org\/index.php\/les-dynamiques-institutionnelles-2\/","og_locale":"fr_FR","og_type":"article","og_title":"Les diagnostics de territoire - Des id\u00e9es et des m\u00e9thodes au service de la Pr\u00e9vention Sp\u00e9cialis\u00e9e.","og_description":"La connaissance des territoires est devenue un enjeu essentiel pour bon nombre d&rsquo;acteurs du secteur public comme du secteur priv\u00e9 ( Conseils D\u00e9partementaux, Communaut\u00e9s d&rsquo;Agglo, M\u00e9tropoles, Villes, Structures de proximit\u00e9&hellip; Lire la suite Les diagnostics de territoire","og_url":"https:\/\/apsn-prev.org\/index.php\/les-dynamiques-institutionnelles-2\/","og_site_name":"Des id\u00e9es et des m\u00e9thodes au service de la Pr\u00e9vention Sp\u00e9cialis\u00e9e.","article_modified_time":"2025-03-22T14:41:59+00:00","og_image":[{"url":"https:\/\/apsn-prev.org\/wp-content\/uploads\/2023\/10\/image-diag.png","type":"","width":"","height":""}],"twitter_card":"summary_large_image","twitter_misc":{"Dur\u00e9e de lecture estim\u00e9e":"3 minutes"},"schema":{"@context":"https:\/\/schema.org","@graph":[{"@type":"WebPage","@id":"https:\/\/apsn-prev.org\/index.php\/les-dynamiques-institutionnelles-2\/","url":"https:\/\/apsn-prev.org\/index.php\/les-dynamiques-institutionnelles-2\/","name":"Les diagnostics de territoire - Des id\u00e9es et des m\u00e9thodes au service de la Pr\u00e9vention Sp\u00e9cialis\u00e9e.","isPartOf":{"@id":"https:\/\/apsn-prev.org\/#website"},"primaryImageOfPage":{"@id":"https:\/\/apsn-prev.org\/index.php\/les-dynamiques-institutionnelles-2\/#primaryimage"},"image":{"@id":"https:\/\/apsn-prev.org\/index.php\/les-dynamiques-institutionnelles-2\/#primaryimage"},"thumbnailUrl":"https:\/\/apsn-prev.org\/wp-content\/uploads\/2023\/10\/image-diag.png","datePublished":"2023-09-25T13:47:39+00:00","dateModified":"2025-03-22T14:41:59+00:00","breadcrumb":{"@id":"https:\/\/apsn-prev.org\/index.php\/les-dynamiques-institutionnelles-2\/#breadcrumb"},"inLanguage":"fr-FR","potentialAction":[{"@type":"ReadAction","target":["https:\/\/apsn-prev.org\/index.php\/les-dynamiques-institutionnelles-2\/"]}]},{"@type":"ImageObject","inLanguage":"fr-FR","@id":"https:\/\/apsn-prev.org\/index.php\/les-dynamiques-institutionnelles-2\/#primaryimage","url":"https:\/\/i0.wp.com\/apsn-prev.org\/wp-content\/uploads\/2023\/10\/image-diag.png?fit=304%2C268&ssl=1","contentUrl":"https:\/\/i0.wp.com\/apsn-prev.org\/wp-content\/uploads\/2023\/10\/image-diag.png?fit=304%2C268&ssl=1","width":304,"height":268},{"@type":"BreadcrumbList","@id":"https:\/\/apsn-prev.org\/index.php\/les-dynamiques-institutionnelles-2\/#breadcrumb","itemListElement":[{"@type":"ListItem","position":1,"name":"Accueil","item":"https:\/\/apsn-prev.org\/"},{"@type":"ListItem","position":2,"name":"Les diagnostics de territoire"}]},{"@type":"WebSite","@id":"https:\/\/apsn-prev.org\/#website","url":"https:\/\/apsn-prev.org\/","name":"Des id\u00e9es et des m\u00e9thodes au service de la Pr\u00e9vention Sp\u00e9cialis\u00e9e.","description":"","publisher":{"@id":"https:\/\/apsn-prev.org\/#organization"},"potentialAction":[{"@type":"SearchAction","target":{"@type":"EntryPoint","urlTemplate":"https:\/\/apsn-prev.org\/?s={search_term_string}"},"query-input":{"@type":"PropertyValueSpecification","valueRequired":true,"valueName":"search_term_string"}}],"inLanguage":"fr-FR"},{"@type":"Organization","@id":"https:\/\/apsn-prev.org\/#organization","name":"Des id\u00e9es et des m\u00e9thodes au service de la Pr\u00e9vention Sp\u00e9cialis\u00e9e.","url":"https:\/\/apsn-prev.org\/","logo":{"@type":"ImageObject","inLanguage":"fr-FR","@id":"https:\/\/apsn-prev.org\/#\/schema\/logo\/image\/","url":"https:\/\/i0.wp.com\/apsn-prev.org\/wp-content\/uploads\/2023\/09\/cropped-LOG-SITE-3.png?fit=1179%2C297&ssl=1","contentUrl":"https:\/\/i0.wp.com\/apsn-prev.org\/wp-content\/uploads\/2023\/09\/cropped-LOG-SITE-3.png?fit=1179%2C297&ssl=1","width":1179,"height":297,"caption":"Des id\u00e9es et des m\u00e9thodes au service de la Pr\u00e9vention Sp\u00e9cialis\u00e9e."},"image":{"@id":"https:\/\/apsn-prev.org\/#\/schema\/logo\/image\/"}}]}},"jetpack_sharing_enabled":true,"_links":{"self":[{"href":"https:\/\/apsn-prev.org\/index.php\/wp-json\/wp\/v2\/pages\/10672","targetHints":{"allow":["GET"]}}],"collection":[{"href":"https:\/\/apsn-prev.org\/index.php\/wp-json\/wp\/v2\/pages"}],"about":[{"href":"https:\/\/apsn-prev.org\/index.php\/wp-json\/wp\/v2\/types\/page"}],"author":[{"embeddable":true,"href":"https:\/\/apsn-prev.org\/index.php\/wp-json\/wp\/v2\/users\/1"}],"replies":[{"embeddable":true,"href":"https:\/\/apsn-prev.org\/index.php\/wp-json\/wp\/v2\/comments?post=10672"}],"version-history":[{"count":33,"href":"https:\/\/apsn-prev.org\/index.php\/wp-json\/wp\/v2\/pages\/10672\/revisions"}],"predecessor-version":[{"id":16071,"href":"https:\/\/apsn-prev.org\/index.php\/wp-json\/wp\/v2\/pages\/10672\/revisions\/16071"}],"wp:attachment":[{"href":"https:\/\/apsn-prev.org\/index.php\/wp-json\/wp\/v2\/media?parent=10672"}],"wp:term":[{"taxonomy":"post_tag","embeddable":true,"href":"https:\/\/apsn-prev.org\/index.php\/wp-json\/wp\/v2\/tags?post=10672"}],"curies":[{"name":"wp","href":"https:\/\/api.w.org\/{rel}","templated":true}]}}