{"id":10674,"date":"2023-09-25T15:47:58","date_gmt":"2023-09-25T13:47:58","guid":{"rendered":"https:\/\/apsn-prev.org\/?page_id=10674"},"modified":"2024-01-17T20:02:05","modified_gmt":"2024-01-17T19:02:05","slug":"les-experimentations","status":"publish","type":"page","link":"https:\/\/apsn-prev.org\/index.php\/les-experimentations\/","title":{"rendered":"Les exp\u00e9rimentations"},"content":{"rendered":"\n<p class=\"has-text-align-justify\" style=\"font-size:17px\">Rep\u00e9r\u00e9e comme t\u00eate de r\u00e9seau op\u00e9rationnelle, l&rsquo;APSN est r\u00e9guli\u00e8rement sollicit\u00e9e pour sa capacit\u00e9 \u00e0 mobiliser les acteurs de terrain, \u00e0 les accompagner dans leurs propres exp\u00e9rimentations et \u00e0 \u00e9valuer l&rsquo;impact de ces derni\u00e8res. Pour certaines exp\u00e9rimentations, l&rsquo;APSN est \u00e9galement sollicit\u00e9e pour les coordonner directement, en collaboration avec les financeurs, les partenaires et les acteurs de terrain. <\/p>\n\n\n\n<p class=\"has-text-color\" style=\"color:#15b6b8;font-size:24px\"><strong>La culture, un levier \u00e9ducatif d&rsquo;\u00e9mancipation<\/strong><\/p>\n\n\n\n<figure class=\"wp-block-image size-large\"><img data-recalc-dims=\"1\" loading=\"lazy\" decoding=\"async\" width=\"825\" height=\"110\" src=\"https:\/\/i0.wp.com\/apsn-prev.org\/wp-content\/uploads\/2023\/10\/image-acp-partenaires.png?resize=825%2C110&#038;ssl=1\" alt=\"\" class=\"wp-image-11210\" srcset=\"https:\/\/i0.wp.com\/apsn-prev.org\/wp-content\/uploads\/2023\/10\/image-acp-partenaires.png?resize=1024%2C137&amp;ssl=1 1024w, https:\/\/i0.wp.com\/apsn-prev.org\/wp-content\/uploads\/2023\/10\/image-acp-partenaires.png?resize=300%2C40&amp;ssl=1 300w, https:\/\/i0.wp.com\/apsn-prev.org\/wp-content\/uploads\/2023\/10\/image-acp-partenaires.png?resize=768%2C103&amp;ssl=1 768w, https:\/\/i0.wp.com\/apsn-prev.org\/wp-content\/uploads\/2023\/10\/image-acp-partenaires.png?resize=1536%2C206&amp;ssl=1 1536w, https:\/\/i0.wp.com\/apsn-prev.org\/wp-content\/uploads\/2023\/10\/image-acp-partenaires.png?resize=2048%2C275&amp;ssl=1 2048w, https:\/\/i0.wp.com\/apsn-prev.org\/wp-content\/uploads\/2023\/10\/image-acp-partenaires.png?w=1650&amp;ssl=1 1650w, https:\/\/i0.wp.com\/apsn-prev.org\/wp-content\/uploads\/2023\/10\/image-acp-partenaires.png?w=2475&amp;ssl=1 2475w\" sizes=\"auto, (max-width: 825px) 100vw, 825px\" \/><\/figure>\n\n\n\n<div class=\"wp-block-columns is-layout-flex wp-container-core-columns-is-layout-9d6595d7 wp-block-columns-is-layout-flex\">\n<div class=\"wp-block-column is-layout-flow wp-block-column-is-layout-flow\">\n<p class=\"has-text-align-justify\">Depuis 2016, la Fondation Culture &amp; Diversit\u00e9 fait confiance \u00e0 l\u2019APSN pour coordonner une d\u00e9marche innovante permettant aux professionnels des champs de la Protection de l&rsquo;Enfance et celui de la culture, d\u2019imaginer des projets d\u2019ouverture culturelle et artistique, prenant en compte les r\u00e9alit\u00e9s de jeunes en difficult\u00e9s afin de : <em><strong>Permettre aux jeunes, \u00e9loign\u00e9s de la culture, et parfois m\u00eame du droit commun de s&rsquo;investir dans des pratiques culturelles et artistiques, de d\u00e9couvrir et fr\u00e9quenter davantage les institutions culturelles. In fine, que ces jeunes soient ainsi renforc\u00e9s dans leur socialisation et leur parcours de vie.<\/strong><\/em><\/p>\n<\/div>\n\n\n\n<div class=\"wp-block-column is-layout-flow wp-block-column-is-layout-flow\">\n<figure class=\"wp-block-image size-full\"><img data-recalc-dims=\"1\" loading=\"lazy\" decoding=\"async\" width=\"799\" height=\"361\" src=\"https:\/\/i0.wp.com\/apsn-prev.org\/wp-content\/uploads\/2023\/10\/PHOTO-ACPE-PROFESSIONNELS.png?resize=799%2C361&#038;ssl=1\" alt=\"\" class=\"wp-image-11231\" srcset=\"https:\/\/i0.wp.com\/apsn-prev.org\/wp-content\/uploads\/2023\/10\/PHOTO-ACPE-PROFESSIONNELS.png?w=799&amp;ssl=1 799w, https:\/\/i0.wp.com\/apsn-prev.org\/wp-content\/uploads\/2023\/10\/PHOTO-ACPE-PROFESSIONNELS.png?resize=300%2C136&amp;ssl=1 300w, https:\/\/i0.wp.com\/apsn-prev.org\/wp-content\/uploads\/2023\/10\/PHOTO-ACPE-PROFESSIONNELS.png?resize=768%2C347&amp;ssl=1 768w\" sizes=\"auto, (max-width: 799px) 100vw, 799px\" \/><figcaption class=\"wp-element-caption\">Tout au long de l&rsquo;exp\u00e9rimentation, l&rsquo;APSN a mis en place des espaces de mutualisation et de r\u00e9flexion sur les enjeux de ces exp\u00e9rimentations <\/figcaption><\/figure>\n<\/div>\n<\/div>\n\n\n\n<p class=\"has-text-align-justify\" style=\"font-size:17px\"><\/p>\n\n\n\n<p><\/p>\n\n\n\n<p><\/p>\n\n\n\n<p><strong>2016-2019<\/strong>  avec le projet <strong>\u00ab Arts, Cultures et Pr\u00e9vention \u00bb<\/strong>, qui associait 6 associations de Pr\u00e9vention Sp\u00e9cialis\u00e9e et 6 structures culturelles.  Au total ce projet a concern\u00e9 179 jeunes de 11 \u00e0 26 ans sur 3 ans.<\/p>\n\n\n\n<div class=\"wp-block-columns is-layout-flex wp-container-core-columns-is-layout-9d6595d7 wp-block-columns-is-layout-flex\">\n<div class=\"wp-block-column is-layout-flow wp-block-column-is-layout-flow\">\n<p class=\"has-medium-font-size\"><strong>D\u00e9couvrez l&rsquo;origine du projet expliqu\u00e9e par El\u00e9onore De Lacharri\u00e8re, \u00e0 l&rsquo;origine de la Fondation Culture &amp; Diversit\u00e9<\/strong><\/p>\n<\/div>\n\n\n\n<div class=\"wp-block-column is-vertically-aligned-bottom is-layout-flow wp-block-column-is-layout-flow\">\n<figure class=\"wp-block-embed is-type-video is-provider-youtube wp-block-embed-youtube wp-embed-aspect-16-9 wp-has-aspect-ratio\"><div class=\"wp-block-embed__wrapper\">\n<div class=\"jetpack-video-wrapper\"><iframe loading=\"lazy\" title=\"Arts, Cultures et Pr\u00e9vention - Gen\u00e8se\" width=\"825\" height=\"464\" src=\"https:\/\/www.youtube.com\/embed\/dJoFBDOJ9Ko?feature=oembed\" frameborder=\"0\" allow=\"accelerometer; autoplay; clipboard-write; encrypted-media; gyroscope; picture-in-picture; web-share\" allowfullscreen><\/iframe><\/div>\n<\/div><figcaption class=\"wp-element-caption\">Gen\u00e8se du projet &#8211; vid\u00e9o de 2019<\/figcaption><\/figure>\n<\/div>\n<\/div>\n\n\n\n<div class=\"wp-block-columns is-layout-flex wp-container-core-columns-is-layout-9d6595d7 wp-block-columns-is-layout-flex\">\n<div class=\"wp-block-column is-layout-flow wp-block-column-is-layout-flow\">\n<div class=\"wp-block-buttons is-content-justification-center is-layout-flex wp-container-core-buttons-is-layout-16018d1d wp-block-buttons-is-layout-flex\">\n<div class=\"wp-block-button\"><a class=\"wp-block-button__link has-background has-text-align-center wp-element-button\" href=\"https:\/\/apsn-prev.org\/index.php\/arts-cultures-et-prevention-specialisee\/\" style=\"background-color:#15b6b8\"><strong>D\u00e9couvrez le livre blanc et les productions<\/strong><\/a><\/div>\n<\/div>\n<\/div>\n<\/div>\n\n\n\n<p><\/p>\n\n\n\n<ul class=\"wp-block-list\">\n<li style=\"font-size:17px\"><strong>2020-2023<\/strong>, le projet <strong>\u00ab Arts, Cultures et Protection de l\u2019Enfance \u00bb<\/strong>, renouvelle l\u2019exp\u00e9rience avec 3 nouvelles structures culturelles et 3 types d\u2019\u00e9tablissement de Protection de l\u2019Enfance : un service UEMO de la PJJ, une MECS et une association de Pr\u00e9vention Sp\u00e9cialis\u00e9e. Au total ce projet a concern\u00e9 136 jeunes mineurs, 177 actions, 23 professionnels engag\u00e9s sur le projet.<\/li>\n<\/ul>\n\n\n\n<div class=\"wp-block-columns is-layout-flex wp-container-core-columns-is-layout-9d6595d7 wp-block-columns-is-layout-flex\">\n<div class=\"wp-block-column is-layout-flow wp-block-column-is-layout-flow\" style=\"flex-basis:66.66%\">\n<figure class=\"wp-block-embed aligncenter is-type-video is-provider-youtube wp-block-embed-youtube wp-embed-aspect-16-9 wp-has-aspect-ratio\"><div class=\"wp-block-embed__wrapper\">\n<div class=\"jetpack-video-wrapper\"><iframe loading=\"lazy\" title=\"D\u00e9couvrez le programme Arts, Cultures &amp; Protection de l&#039;enfance en 3 minutes\" width=\"825\" height=\"464\" src=\"https:\/\/www.youtube.com\/embed\/wSqonJ1LGmU?feature=oembed\" frameborder=\"0\" allow=\"accelerometer; autoplay; clipboard-write; encrypted-media; gyroscope; picture-in-picture; web-share\" allowfullscreen><\/iframe><\/div>\n<\/div><\/figure>\n<\/div>\n\n\n\n<div class=\"wp-block-column is-layout-flow wp-block-column-is-layout-flow\" style=\"flex-basis:33.33%\">\n<p class=\"has-text-align-left\" style=\"font-size:20px\"><strong>D\u00e9couvrez le TEASER \u00ab\u00a0ARTS, CULTURES ET PROTECTION DE L&rsquo;ENFANCE\u00a0\u00bb \ud83e\udd41 reprenant les premi\u00e8res images de ce projet<br>soutenu par la fondation Culture &amp; Diversit\u00e9 et DRAC Hauts-de-France.<\/strong><\/p>\n<\/div>\n<\/div>\n\n\n\n<div class=\"wp-block-columns is-layout-flex wp-container-core-columns-is-layout-9d6595d7 wp-block-columns-is-layout-flex\">\n<div class=\"wp-block-column is-layout-flow wp-block-column-is-layout-flow\">\n<div class=\"wp-block-buttons is-content-justification-center is-layout-flex wp-container-core-buttons-is-layout-16018d1d wp-block-buttons-is-layout-flex\">\n<div class=\"wp-block-button\"><a class=\"wp-block-button__link has-background has-text-align-center wp-element-button\" href=\"https:\/\/apsn-prev.org\/index.php\/arts-cultures-et-prevention-specialisee\/\" style=\"background-color:#15b6b8\"><strong>D\u00e9couvrez le livret de t\u00e9moignages et la vid\u00e9o<\/strong><\/a><\/div>\n<\/div>\n<\/div>\n<\/div>\n\n\n\n<p><\/p>\n\n\n\n<p class=\"has-text-color\" style=\"color:#15b6b8;font-size:25px\"><strong>La m\u00e9diation Box&rsquo;Happy, un outil innovant sur les relations conflictuelles au sein de la famille <\/strong><\/p>\n\n\n\n<div class=\"wp-block-columns is-layout-flex wp-container-core-columns-is-layout-9d6595d7 wp-block-columns-is-layout-flex\">\n<div class=\"wp-block-column is-layout-flow wp-block-column-is-layout-flow\">\n<p class=\"has-text-align-justify\"><strong>La philosophie du projet : <\/strong>M\u00e9diation Box\u2019 Happy se veut un outil innovant de soutien \u00e0 la parentalit\u00e9 et de pr\u00e9vention des difficult\u00e9s scolaires afin de favoriser la r\u00e9conciliation du coll\u00e9gien avec sa scolarit\u00e9, en intervenant sur les relations conflictuelles au sein de la famille.<br>Ce projet \u00e0 destination des \u00e9l\u00e8ves \u00abd\u00e9crocheurs ou descolaris\u00e9s\u00bb part de l\u2019hyptoth\u00e8se qu\u2019une situation \u00ab de d\u00e9crochage scolaire\u00bb, de rejet de la scolarit\u00e9, de d\u00e9scolarisation\u2026 ne se comprend pas exclusivement \u00e0 partir de la relation du sujet-jeune \u00e0 l\u2019\u00e9cole. Il s\u2019agit \u00e9galement d\u2019envisager les \u00e9preuves v\u00e9cues par le jeune et sa famille dans sa relation avec le coll\u00e8ge sous un autre angle : celui des relations intrafamiliales et des difficult\u00e9s qui lui sont relatives. Ce projet vise \u00e0 \u00ab apaiser la relation parent(s)-enfant, permettre aux parents de s\u2019investir ou se r\u00e9-investir dans la scolarit\u00e9 de leur enfant, et aux coll\u00e9giens de suivre une scolarit\u00e9 dans les meilleures conditions. M\u00e9diation BOX\u2019Happy articule une action de boxe \u00e9ducative et th\u00e9rapeutique et une action de m\u00e9diation familiale qui peuvent \u00eatre mobilis\u00e9es de mani\u00e8re ind\u00e9pendante ou \u00eatre conjugu\u00e9es en fonction des besoins des personnes accompagn\u00e9es.<\/p>\n<\/div>\n\n\n\n<div class=\"wp-block-column is-layout-flow wp-block-column-is-layout-flow\">\n<figure class=\"wp-block-image size-large is-resized\"><img data-recalc-dims=\"1\" loading=\"lazy\" decoding=\"async\" width=\"592\" height=\"1024\" src=\"https:\/\/i0.wp.com\/apsn-prev.org\/wp-content\/uploads\/2023\/10\/boxhappy.jpg?resize=592%2C1024&#038;ssl=1\" alt=\"\" class=\"wp-image-11237\" style=\"width:452px;height:782px\" srcset=\"https:\/\/i0.wp.com\/apsn-prev.org\/wp-content\/uploads\/2023\/10\/boxhappy.jpg?resize=592%2C1024&amp;ssl=1 592w, https:\/\/i0.wp.com\/apsn-prev.org\/wp-content\/uploads\/2023\/10\/boxhappy.jpg?resize=173%2C300&amp;ssl=1 173w, https:\/\/i0.wp.com\/apsn-prev.org\/wp-content\/uploads\/2023\/10\/boxhappy.jpg?resize=768%2C1329&amp;ssl=1 768w, https:\/\/i0.wp.com\/apsn-prev.org\/wp-content\/uploads\/2023\/10\/boxhappy.jpg?w=859&amp;ssl=1 859w\" sizes=\"auto, (max-width: 592px) 100vw, 592px\" \/><\/figure>\n<\/div>\n<\/div>\n\n\n\n<p class=\"has-text-color\" style=\"color:#15b6b8;font-size:25px\"><strong>La m\u00e9thodologie de l\u2019\u00e9valuation r\u00e9alis\u00e9e par l&rsquo;APSN<\/strong><\/p>\n\n\n\n<p>Croisement de 4 techniques de recueil de donn\u00e9es : <\/p>\n\n\n\n<ul class=\"wp-block-list\">\n<li>Analyse de contenu documentaire<\/li>\n\n\n\n<li>Observations des s\u00e9ances de Box&rsquo;Happy<\/li>\n\n\n\n<li>Recueil de donn\u00e9es quantitatives relatives \u00e0 l&rsquo;action de M\u00e9diation Box&rsquo;Happy<\/li>\n\n\n\n<li>Entretiens semi-directifs avec les professionnels, les jeunes et les parents qui ont \u00e9t\u00e9 b\u00e9n\u00e9ficiaires.<\/li>\n<\/ul>\n\n\n\n<div class=\"wp-block-columns is-layout-flex wp-container-core-columns-is-layout-9d6595d7 wp-block-columns-is-layout-flex\">\n<div class=\"wp-block-column is-layout-flow wp-block-column-is-layout-flow\">\n<div class=\"wp-block-buttons is-content-justification-center is-layout-flex wp-container-core-buttons-is-layout-16018d1d wp-block-buttons-is-layout-flex\">\n<div class=\"wp-block-button\"><a class=\"wp-block-button__link has-background has-text-align-center wp-element-button\" href=\"https:\/\/apsn-prev.org\/wp-content\/uploads\/2023\/10\/bilanboxhappyv8.pdf\" style=\"background-color:#15b6b8\"><strong>T\u00e9l\u00e9charger l&rsquo;\u00e9tude<\/strong><\/a><\/div>\n<\/div>\n<\/div>\n<\/div>\n\n\n\n<p><\/p>\n","protected":false},"excerpt":{"rendered":"<p>Rep\u00e9r\u00e9e comme t\u00eate de r\u00e9seau op\u00e9rationnelle, l&rsquo;APSN est r\u00e9guli\u00e8rement sollicit\u00e9e pour sa capacit\u00e9 \u00e0 mobiliser les acteurs de terrain, \u00e0 les accompagner dans leurs propres exp\u00e9rimentations et \u00e0 \u00e9valuer l&rsquo;impact&hellip; <a href=\"https:\/\/apsn-prev.org\/index.php\/les-experimentations\/\" class=\"more-link\">Lire la suite <span class=\"screen-reader-text\">Les exp\u00e9rimentations<\/span><\/a><\/p>\n","protected":false},"author":1,"featured_media":0,"parent":0,"menu_order":0,"comment_status":"closed","ping_status":"closed","template":"","meta":{"footnotes":""},"tags":[],"class_list":["post-10674","page","type-page","status-publish","hentry","without-featured-image"],"yoast_head":"<!-- This site is optimized with the Yoast SEO plugin v27.4 - https:\/\/yoast.com\/product\/yoast-seo-wordpress\/ -->\n<title>Les exp\u00e9rimentations - Des id\u00e9es et des m\u00e9thodes au service de la Pr\u00e9vention Sp\u00e9cialis\u00e9e.<\/title>\n<meta name=\"robots\" content=\"index, follow, max-snippet:-1, max-image-preview:large, max-video-preview:-1\" \/>\n<link rel=\"canonical\" href=\"https:\/\/apsn-prev.org\/index.php\/les-experimentations\/\" \/>\n<meta property=\"og:locale\" content=\"fr_FR\" \/>\n<meta property=\"og:type\" content=\"article\" \/>\n<meta property=\"og:title\" content=\"Les exp\u00e9rimentations - Des id\u00e9es et des m\u00e9thodes au service de la Pr\u00e9vention Sp\u00e9cialis\u00e9e.\" \/>\n<meta property=\"og:description\" content=\"Rep\u00e9r\u00e9e comme t\u00eate de r\u00e9seau op\u00e9rationnelle, l&rsquo;APSN est r\u00e9guli\u00e8rement sollicit\u00e9e pour sa capacit\u00e9 \u00e0 mobiliser les acteurs de terrain, \u00e0 les accompagner dans leurs propres exp\u00e9rimentations et \u00e0 \u00e9valuer l&rsquo;impact&hellip; Lire la suite Les exp\u00e9rimentations\" \/>\n<meta property=\"og:url\" content=\"https:\/\/apsn-prev.org\/index.php\/les-experimentations\/\" \/>\n<meta property=\"og:site_name\" content=\"Des id\u00e9es et des m\u00e9thodes au service de la Pr\u00e9vention Sp\u00e9cialis\u00e9e.\" \/>\n<meta property=\"article:modified_time\" content=\"2024-01-17T19:02:05+00:00\" \/>\n<meta property=\"og:image\" content=\"https:\/\/apsn-prev.org\/wp-content\/uploads\/2023\/10\/image-acp-partenaires-1024x137.png\" \/>\n<meta name=\"twitter:card\" content=\"summary_large_image\" \/>\n<meta name=\"twitter:label1\" content=\"Dur\u00e9e de lecture estim\u00e9e\" \/>\n\t<meta name=\"twitter:data1\" content=\"3 minutes\" \/>\n<script type=\"application\/ld+json\" class=\"yoast-schema-graph\">{\"@context\":\"https:\\\/\\\/schema.org\",\"@graph\":[{\"@type\":\"WebPage\",\"@id\":\"https:\\\/\\\/apsn-prev.org\\\/index.php\\\/les-experimentations\\\/\",\"url\":\"https:\\\/\\\/apsn-prev.org\\\/index.php\\\/les-experimentations\\\/\",\"name\":\"Les exp\u00e9rimentations - Des id\u00e9es et des m\u00e9thodes au service de la Pr\u00e9vention Sp\u00e9cialis\u00e9e.\",\"isPartOf\":{\"@id\":\"https:\\\/\\\/apsn-prev.org\\\/#website\"},\"primaryImageOfPage\":{\"@id\":\"https:\\\/\\\/apsn-prev.org\\\/index.php\\\/les-experimentations\\\/#primaryimage\"},\"image\":{\"@id\":\"https:\\\/\\\/apsn-prev.org\\\/index.php\\\/les-experimentations\\\/#primaryimage\"},\"thumbnailUrl\":\"https:\\\/\\\/apsn-prev.org\\\/wp-content\\\/uploads\\\/2023\\\/10\\\/image-acp-partenaires-1024x137.png\",\"datePublished\":\"2023-09-25T13:47:58+00:00\",\"dateModified\":\"2024-01-17T19:02:05+00:00\",\"breadcrumb\":{\"@id\":\"https:\\\/\\\/apsn-prev.org\\\/index.php\\\/les-experimentations\\\/#breadcrumb\"},\"inLanguage\":\"fr-FR\",\"potentialAction\":[{\"@type\":\"ReadAction\",\"target\":[\"https:\\\/\\\/apsn-prev.org\\\/index.php\\\/les-experimentations\\\/\"]}]},{\"@type\":\"ImageObject\",\"inLanguage\":\"fr-FR\",\"@id\":\"https:\\\/\\\/apsn-prev.org\\\/index.php\\\/les-experimentations\\\/#primaryimage\",\"url\":\"https:\\\/\\\/i0.wp.com\\\/apsn-prev.org\\\/wp-content\\\/uploads\\\/2023\\\/10\\\/image-acp-partenaires.png?fit=3143%2C422&ssl=1\",\"contentUrl\":\"https:\\\/\\\/i0.wp.com\\\/apsn-prev.org\\\/wp-content\\\/uploads\\\/2023\\\/10\\\/image-acp-partenaires.png?fit=3143%2C422&ssl=1\",\"width\":3143,\"height\":422},{\"@type\":\"BreadcrumbList\",\"@id\":\"https:\\\/\\\/apsn-prev.org\\\/index.php\\\/les-experimentations\\\/#breadcrumb\",\"itemListElement\":[{\"@type\":\"ListItem\",\"position\":1,\"name\":\"Accueil\",\"item\":\"https:\\\/\\\/apsn-prev.org\\\/\"},{\"@type\":\"ListItem\",\"position\":2,\"name\":\"Les exp\u00e9rimentations\"}]},{\"@type\":\"WebSite\",\"@id\":\"https:\\\/\\\/apsn-prev.org\\\/#website\",\"url\":\"https:\\\/\\\/apsn-prev.org\\\/\",\"name\":\"Des id\u00e9es et des m\u00e9thodes au service de la Pr\u00e9vention Sp\u00e9cialis\u00e9e.\",\"description\":\"\",\"publisher\":{\"@id\":\"https:\\\/\\\/apsn-prev.org\\\/#organization\"},\"potentialAction\":[{\"@type\":\"SearchAction\",\"target\":{\"@type\":\"EntryPoint\",\"urlTemplate\":\"https:\\\/\\\/apsn-prev.org\\\/?s={search_term_string}\"},\"query-input\":{\"@type\":\"PropertyValueSpecification\",\"valueRequired\":true,\"valueName\":\"search_term_string\"}}],\"inLanguage\":\"fr-FR\"},{\"@type\":\"Organization\",\"@id\":\"https:\\\/\\\/apsn-prev.org\\\/#organization\",\"name\":\"Des id\u00e9es et des m\u00e9thodes au service de la Pr\u00e9vention Sp\u00e9cialis\u00e9e.\",\"url\":\"https:\\\/\\\/apsn-prev.org\\\/\",\"logo\":{\"@type\":\"ImageObject\",\"inLanguage\":\"fr-FR\",\"@id\":\"https:\\\/\\\/apsn-prev.org\\\/#\\\/schema\\\/logo\\\/image\\\/\",\"url\":\"https:\\\/\\\/i0.wp.com\\\/apsn-prev.org\\\/wp-content\\\/uploads\\\/2023\\\/09\\\/cropped-LOG-SITE-3.png?fit=1179%2C297&ssl=1\",\"contentUrl\":\"https:\\\/\\\/i0.wp.com\\\/apsn-prev.org\\\/wp-content\\\/uploads\\\/2023\\\/09\\\/cropped-LOG-SITE-3.png?fit=1179%2C297&ssl=1\",\"width\":1179,\"height\":297,\"caption\":\"Des id\u00e9es et des m\u00e9thodes au service de la Pr\u00e9vention Sp\u00e9cialis\u00e9e.\"},\"image\":{\"@id\":\"https:\\\/\\\/apsn-prev.org\\\/#\\\/schema\\\/logo\\\/image\\\/\"}}]}<\/script>\n<!-- \/ Yoast SEO plugin. -->","yoast_head_json":{"title":"Les exp\u00e9rimentations - Des id\u00e9es et des m\u00e9thodes au service de la Pr\u00e9vention Sp\u00e9cialis\u00e9e.","robots":{"index":"index","follow":"follow","max-snippet":"max-snippet:-1","max-image-preview":"max-image-preview:large","max-video-preview":"max-video-preview:-1"},"canonical":"https:\/\/apsn-prev.org\/index.php\/les-experimentations\/","og_locale":"fr_FR","og_type":"article","og_title":"Les exp\u00e9rimentations - Des id\u00e9es et des m\u00e9thodes au service de la Pr\u00e9vention Sp\u00e9cialis\u00e9e.","og_description":"Rep\u00e9r\u00e9e comme t\u00eate de r\u00e9seau op\u00e9rationnelle, l&rsquo;APSN est r\u00e9guli\u00e8rement sollicit\u00e9e pour sa capacit\u00e9 \u00e0 mobiliser les acteurs de terrain, \u00e0 les accompagner dans leurs propres exp\u00e9rimentations et \u00e0 \u00e9valuer l&rsquo;impact&hellip; Lire la suite Les exp\u00e9rimentations","og_url":"https:\/\/apsn-prev.org\/index.php\/les-experimentations\/","og_site_name":"Des id\u00e9es et des m\u00e9thodes au service de la Pr\u00e9vention Sp\u00e9cialis\u00e9e.","article_modified_time":"2024-01-17T19:02:05+00:00","og_image":[{"url":"https:\/\/apsn-prev.org\/wp-content\/uploads\/2023\/10\/image-acp-partenaires-1024x137.png","type":"","width":"","height":""}],"twitter_card":"summary_large_image","twitter_misc":{"Dur\u00e9e de lecture estim\u00e9e":"3 minutes"},"schema":{"@context":"https:\/\/schema.org","@graph":[{"@type":"WebPage","@id":"https:\/\/apsn-prev.org\/index.php\/les-experimentations\/","url":"https:\/\/apsn-prev.org\/index.php\/les-experimentations\/","name":"Les exp\u00e9rimentations - Des id\u00e9es et des m\u00e9thodes au service de la Pr\u00e9vention Sp\u00e9cialis\u00e9e.","isPartOf":{"@id":"https:\/\/apsn-prev.org\/#website"},"primaryImageOfPage":{"@id":"https:\/\/apsn-prev.org\/index.php\/les-experimentations\/#primaryimage"},"image":{"@id":"https:\/\/apsn-prev.org\/index.php\/les-experimentations\/#primaryimage"},"thumbnailUrl":"https:\/\/apsn-prev.org\/wp-content\/uploads\/2023\/10\/image-acp-partenaires-1024x137.png","datePublished":"2023-09-25T13:47:58+00:00","dateModified":"2024-01-17T19:02:05+00:00","breadcrumb":{"@id":"https:\/\/apsn-prev.org\/index.php\/les-experimentations\/#breadcrumb"},"inLanguage":"fr-FR","potentialAction":[{"@type":"ReadAction","target":["https:\/\/apsn-prev.org\/index.php\/les-experimentations\/"]}]},{"@type":"ImageObject","inLanguage":"fr-FR","@id":"https:\/\/apsn-prev.org\/index.php\/les-experimentations\/#primaryimage","url":"https:\/\/i0.wp.com\/apsn-prev.org\/wp-content\/uploads\/2023\/10\/image-acp-partenaires.png?fit=3143%2C422&ssl=1","contentUrl":"https:\/\/i0.wp.com\/apsn-prev.org\/wp-content\/uploads\/2023\/10\/image-acp-partenaires.png?fit=3143%2C422&ssl=1","width":3143,"height":422},{"@type":"BreadcrumbList","@id":"https:\/\/apsn-prev.org\/index.php\/les-experimentations\/#breadcrumb","itemListElement":[{"@type":"ListItem","position":1,"name":"Accueil","item":"https:\/\/apsn-prev.org\/"},{"@type":"ListItem","position":2,"name":"Les exp\u00e9rimentations"}]},{"@type":"WebSite","@id":"https:\/\/apsn-prev.org\/#website","url":"https:\/\/apsn-prev.org\/","name":"Des id\u00e9es et des m\u00e9thodes au service de la Pr\u00e9vention Sp\u00e9cialis\u00e9e.","description":"","publisher":{"@id":"https:\/\/apsn-prev.org\/#organization"},"potentialAction":[{"@type":"SearchAction","target":{"@type":"EntryPoint","urlTemplate":"https:\/\/apsn-prev.org\/?s={search_term_string}"},"query-input":{"@type":"PropertyValueSpecification","valueRequired":true,"valueName":"search_term_string"}}],"inLanguage":"fr-FR"},{"@type":"Organization","@id":"https:\/\/apsn-prev.org\/#organization","name":"Des id\u00e9es et des m\u00e9thodes au service de la Pr\u00e9vention Sp\u00e9cialis\u00e9e.","url":"https:\/\/apsn-prev.org\/","logo":{"@type":"ImageObject","inLanguage":"fr-FR","@id":"https:\/\/apsn-prev.org\/#\/schema\/logo\/image\/","url":"https:\/\/i0.wp.com\/apsn-prev.org\/wp-content\/uploads\/2023\/09\/cropped-LOG-SITE-3.png?fit=1179%2C297&ssl=1","contentUrl":"https:\/\/i0.wp.com\/apsn-prev.org\/wp-content\/uploads\/2023\/09\/cropped-LOG-SITE-3.png?fit=1179%2C297&ssl=1","width":1179,"height":297,"caption":"Des id\u00e9es et des m\u00e9thodes au service de la Pr\u00e9vention Sp\u00e9cialis\u00e9e."},"image":{"@id":"https:\/\/apsn-prev.org\/#\/schema\/logo\/image\/"}}]}},"jetpack_sharing_enabled":true,"_links":{"self":[{"href":"https:\/\/apsn-prev.org\/index.php\/wp-json\/wp\/v2\/pages\/10674","targetHints":{"allow":["GET"]}}],"collection":[{"href":"https:\/\/apsn-prev.org\/index.php\/wp-json\/wp\/v2\/pages"}],"about":[{"href":"https:\/\/apsn-prev.org\/index.php\/wp-json\/wp\/v2\/types\/page"}],"author":[{"embeddable":true,"href":"https:\/\/apsn-prev.org\/index.php\/wp-json\/wp\/v2\/users\/1"}],"replies":[{"embeddable":true,"href":"https:\/\/apsn-prev.org\/index.php\/wp-json\/wp\/v2\/comments?post=10674"}],"version-history":[{"count":45,"href":"https:\/\/apsn-prev.org\/index.php\/wp-json\/wp\/v2\/pages\/10674\/revisions"}],"predecessor-version":[{"id":12217,"href":"https:\/\/apsn-prev.org\/index.php\/wp-json\/wp\/v2\/pages\/10674\/revisions\/12217"}],"wp:attachment":[{"href":"https:\/\/apsn-prev.org\/index.php\/wp-json\/wp\/v2\/media?parent=10674"}],"wp:term":[{"taxonomy":"post_tag","embeddable":true,"href":"https:\/\/apsn-prev.org\/index.php\/wp-json\/wp\/v2\/tags?post=10674"}],"curies":[{"name":"wp","href":"https:\/\/api.w.org\/{rel}","templated":true}]}}