{"id":10700,"date":"2023-09-25T16:25:16","date_gmt":"2023-09-25T14:25:16","guid":{"rendered":"https:\/\/apsn-prev.org\/?page_id=10700"},"modified":"2024-01-17T20:44:12","modified_gmt":"2024-01-17T19:44:12","slug":"une-tete-de-reseau","status":"publish","type":"page","link":"https:\/\/apsn-prev.org\/index.php\/une-tete-de-reseau\/","title":{"rendered":"Une t\u00eate de r\u00e9seau"},"content":{"rendered":"\n<p><\/p>\n\n\n\n<p class=\"has-text-align-justify has-text-color has-medium-font-size\" style=\"color:#15b6b8\"><strong>L&rsquo;APSN  s&rsquo;engage pour la reconnaissance, le d\u00e9veloppement de la Pr\u00e9vention Sp\u00e9cialis\u00e9e et le dialogue avec les autorit\u00e9s qui en exercent la comp\u00e9tence.<\/strong><\/p>\n\n\n\n<p class=\"has-text-align-justify has-text-color\" style=\"color:#15b6b8\"><strong>Avec l&rsquo;APSN, les services de Pr\u00e9vention Sp\u00e9cialis\u00e9e veulent affirmer leur engagement commun pour une approche \u00e9ducative respectueuse des publics, partager leurs r\u00e9flexions et ouvrir un espace d&rsquo;\u00e9change avec les pouvoirs publics qui soit compl\u00e9mentaire aux discussions propres \u00e0 chacun d&rsquo;entre eux, dans le cadre des missions qui leur sont confi\u00e9es.<\/strong><\/p>\n\n\n\n<p class=\"has-text-color has-medium-font-size\" style=\"color:#15b6b8\"><strong>L&rsquo;APSN  se donne pour ambition de :<\/strong><\/p>\n\n\n\n<p style=\"font-size:17px\"><\/p>\n\n\n\n<ul class=\"wp-block-list\">\n<li style=\"font-size:17px\">Coordonner la pluralit\u00e9 des acteurs en prenant en compte les r\u00e9alit\u00e9s locales et accompagner les espaces de r\u00e9flexion sur la Pr\u00e9vention Sp\u00e9cialis\u00e9e entre ses diff\u00e9rentes parties prenantes \u00e0 l&rsquo;\u00e9chelon local, d\u00e9partemental et national<\/li>\n\n\n\n<li style=\"font-size:17px\">Promouvoir la Pr\u00e9vention Sp\u00e9cialis\u00e9e, la positionner dans l\u2019articulation des politiques sociales \/ protection de l\u2019Enfance\/jeunesse, et apporter un appui sur les d\u00e9clinaisons des orientations nationales, r\u00e9gionales, d\u00e9partementales<\/li>\n\n\n\n<li style=\"font-size:17px\">Communiquer sur les impacts des modalit\u00e9s d\u2019intervention en Pr\u00e9vention Sp\u00e9cialis\u00e9e<\/li>\n\n\n\n<li style=\"font-size:17px\">Assurer une fonction de plaidoyer en prenant des positions sur des probl\u00e8mes de fond concernant la jeunesse, la Pr\u00e9vention Sp\u00e9cialis\u00e9e et tout autre probl\u00e9matique li\u00e9e \u00e0 l&rsquo;exclusion et \u00e0 l&rsquo;\u00e9ducation<\/li>\n\n\n\n<li style=\"font-size:17px\">Partager des observations sociales et alerter les politiques publiques sur les r\u00e9alit\u00e9s concr\u00e8tes v\u00e9cues sur les territoires d\u2019intervention de la Pr\u00e9vention Sp\u00e9cialis\u00e9e <\/li>\n<\/ul>\n\n\n\n<p class=\"has-text-color\" style=\"color:#15b6b8\"><strong>Nos derniers communiqu\u00e9s <\/strong><\/p>\n\n\n\n<ul class=\"wp-block-list\">\n<li><strong><a href=\"https:\/\/apsn-prev.org\/wp-content\/uploads\/2023\/10\/APSN-COMMUNIQUE-10-oct-2023.pdf\">T\u00e9l\u00e9charger le communiqu\u00e9 suite \u00e0 l&rsquo;invitation de l&rsquo;APSN  au Conseil National de la Refondation (CNR)  du 5 octobre 2023 suite aux violences urbaines pr\u00e9sid\u00e9 par la premi\u00e8re ministre \u00ab\u00a0\u00c9lisabeth BORNE\u00a0\u00bb<\/a><\/strong><\/li>\n<\/ul>\n\n\n\n<ul class=\"wp-block-list\">\n<li><a href=\"https:\/\/apsn-prev.org\/wp-content\/uploads\/2023\/07\/communique-du-30-juin-2023.pdf\"><strong>T\u00e9l\u00e9charger le communiqu\u00e9 suite aux \u00e9v\u00e8nements de juin 2023<\/strong><\/a><\/li>\n<\/ul>\n\n\n\n<ul class=\"wp-block-list\">\n<li><a href=\"https:\/\/apsn-prev.org\/wp-content\/uploads\/2023\/10\/22-avril-2021-postionnement-apsn1.pdf\"><strong>T\u00e9l\u00e9charger le plaidoyer intitul\u00e9 &nbsp;\u00bb La Pr\u00e9vention Sp\u00e9cialis\u00e9e : Pour une comp\u00e9tence obligatoire de l\u2019Action Sociale \u2013 Positionnement de l\u2019Association de Pr\u00e9vention Sp\u00e9cialis\u00e9e Nationale (APSN- Avril 2021)<\/strong><\/a><\/li>\n<\/ul>\n","protected":false},"excerpt":{"rendered":"<p>L&rsquo;APSN s&rsquo;engage pour la reconnaissance, le d\u00e9veloppement de la Pr\u00e9vention Sp\u00e9cialis\u00e9e et le dialogue avec les autorit\u00e9s qui en exercent la comp\u00e9tence. Avec l&rsquo;APSN, les services de Pr\u00e9vention Sp\u00e9cialis\u00e9e veulent&hellip; <a href=\"https:\/\/apsn-prev.org\/index.php\/une-tete-de-reseau\/\" class=\"more-link\">Lire la suite <span class=\"screen-reader-text\">Une t\u00eate de r\u00e9seau<\/span><\/a><\/p>\n","protected":false},"author":1,"featured_media":0,"parent":0,"menu_order":0,"comment_status":"closed","ping_status":"closed","template":"","meta":{"footnotes":""},"tags":[],"class_list":["post-10700","page","type-page","status-publish","hentry","without-featured-image"],"yoast_head":"<!-- This site is optimized with the Yoast SEO plugin v27.4 - https:\/\/yoast.com\/product\/yoast-seo-wordpress\/ -->\n<title>Une t\u00eate de r\u00e9seau - Des id\u00e9es et des m\u00e9thodes au service de la Pr\u00e9vention Sp\u00e9cialis\u00e9e.<\/title>\n<meta name=\"robots\" content=\"index, follow, max-snippet:-1, max-image-preview:large, max-video-preview:-1\" \/>\n<link rel=\"canonical\" href=\"https:\/\/apsn-prev.org\/index.php\/une-tete-de-reseau\/\" \/>\n<meta property=\"og:locale\" content=\"fr_FR\" \/>\n<meta property=\"og:type\" content=\"article\" \/>\n<meta property=\"og:title\" content=\"Une t\u00eate de r\u00e9seau - Des id\u00e9es et des m\u00e9thodes au service de la Pr\u00e9vention Sp\u00e9cialis\u00e9e.\" \/>\n<meta property=\"og:description\" content=\"L&rsquo;APSN s&rsquo;engage pour la reconnaissance, le d\u00e9veloppement de la Pr\u00e9vention Sp\u00e9cialis\u00e9e et le dialogue avec les autorit\u00e9s qui en exercent la comp\u00e9tence. Avec l&rsquo;APSN, les services de Pr\u00e9vention Sp\u00e9cialis\u00e9e veulent&hellip; Lire la suite Une t\u00eate de r\u00e9seau\" \/>\n<meta property=\"og:url\" content=\"https:\/\/apsn-prev.org\/index.php\/une-tete-de-reseau\/\" \/>\n<meta property=\"og:site_name\" content=\"Des id\u00e9es et des m\u00e9thodes au service de la Pr\u00e9vention Sp\u00e9cialis\u00e9e.\" \/>\n<meta property=\"article:modified_time\" content=\"2024-01-17T19:44:12+00:00\" \/>\n<meta name=\"twitter:card\" content=\"summary_large_image\" \/>\n<meta name=\"twitter:label1\" content=\"Dur\u00e9e de lecture estim\u00e9e\" \/>\n\t<meta name=\"twitter:data1\" content=\"2 minutes\" \/>\n<script type=\"application\/ld+json\" class=\"yoast-schema-graph\">{\"@context\":\"https:\\\/\\\/schema.org\",\"@graph\":[{\"@type\":\"WebPage\",\"@id\":\"https:\\\/\\\/apsn-prev.org\\\/index.php\\\/une-tete-de-reseau\\\/\",\"url\":\"https:\\\/\\\/apsn-prev.org\\\/index.php\\\/une-tete-de-reseau\\\/\",\"name\":\"Une t\u00eate de r\u00e9seau - Des id\u00e9es et des m\u00e9thodes au service de la Pr\u00e9vention Sp\u00e9cialis\u00e9e.\",\"isPartOf\":{\"@id\":\"https:\\\/\\\/apsn-prev.org\\\/#website\"},\"datePublished\":\"2023-09-25T14:25:16+00:00\",\"dateModified\":\"2024-01-17T19:44:12+00:00\",\"breadcrumb\":{\"@id\":\"https:\\\/\\\/apsn-prev.org\\\/index.php\\\/une-tete-de-reseau\\\/#breadcrumb\"},\"inLanguage\":\"fr-FR\",\"potentialAction\":[{\"@type\":\"ReadAction\",\"target\":[\"https:\\\/\\\/apsn-prev.org\\\/index.php\\\/une-tete-de-reseau\\\/\"]}]},{\"@type\":\"BreadcrumbList\",\"@id\":\"https:\\\/\\\/apsn-prev.org\\\/index.php\\\/une-tete-de-reseau\\\/#breadcrumb\",\"itemListElement\":[{\"@type\":\"ListItem\",\"position\":1,\"name\":\"Accueil\",\"item\":\"https:\\\/\\\/apsn-prev.org\\\/\"},{\"@type\":\"ListItem\",\"position\":2,\"name\":\"Une t\u00eate de r\u00e9seau\"}]},{\"@type\":\"WebSite\",\"@id\":\"https:\\\/\\\/apsn-prev.org\\\/#website\",\"url\":\"https:\\\/\\\/apsn-prev.org\\\/\",\"name\":\"Des id\u00e9es et des m\u00e9thodes au service de la Pr\u00e9vention Sp\u00e9cialis\u00e9e.\",\"description\":\"\",\"publisher\":{\"@id\":\"https:\\\/\\\/apsn-prev.org\\\/#organization\"},\"potentialAction\":[{\"@type\":\"SearchAction\",\"target\":{\"@type\":\"EntryPoint\",\"urlTemplate\":\"https:\\\/\\\/apsn-prev.org\\\/?s={search_term_string}\"},\"query-input\":{\"@type\":\"PropertyValueSpecification\",\"valueRequired\":true,\"valueName\":\"search_term_string\"}}],\"inLanguage\":\"fr-FR\"},{\"@type\":\"Organization\",\"@id\":\"https:\\\/\\\/apsn-prev.org\\\/#organization\",\"name\":\"Des id\u00e9es et des m\u00e9thodes au service de la Pr\u00e9vention Sp\u00e9cialis\u00e9e.\",\"url\":\"https:\\\/\\\/apsn-prev.org\\\/\",\"logo\":{\"@type\":\"ImageObject\",\"inLanguage\":\"fr-FR\",\"@id\":\"https:\\\/\\\/apsn-prev.org\\\/#\\\/schema\\\/logo\\\/image\\\/\",\"url\":\"https:\\\/\\\/i0.wp.com\\\/apsn-prev.org\\\/wp-content\\\/uploads\\\/2023\\\/09\\\/cropped-LOG-SITE-3.png?fit=1179%2C297&ssl=1\",\"contentUrl\":\"https:\\\/\\\/i0.wp.com\\\/apsn-prev.org\\\/wp-content\\\/uploads\\\/2023\\\/09\\\/cropped-LOG-SITE-3.png?fit=1179%2C297&ssl=1\",\"width\":1179,\"height\":297,\"caption\":\"Des id\u00e9es et des m\u00e9thodes au service de la Pr\u00e9vention Sp\u00e9cialis\u00e9e.\"},\"image\":{\"@id\":\"https:\\\/\\\/apsn-prev.org\\\/#\\\/schema\\\/logo\\\/image\\\/\"}}]}<\/script>\n<!-- \/ Yoast SEO plugin. -->","yoast_head_json":{"title":"Une t\u00eate de r\u00e9seau - Des id\u00e9es et des m\u00e9thodes au service de la Pr\u00e9vention Sp\u00e9cialis\u00e9e.","robots":{"index":"index","follow":"follow","max-snippet":"max-snippet:-1","max-image-preview":"max-image-preview:large","max-video-preview":"max-video-preview:-1"},"canonical":"https:\/\/apsn-prev.org\/index.php\/une-tete-de-reseau\/","og_locale":"fr_FR","og_type":"article","og_title":"Une t\u00eate de r\u00e9seau - Des id\u00e9es et des m\u00e9thodes au service de la Pr\u00e9vention Sp\u00e9cialis\u00e9e.","og_description":"L&rsquo;APSN s&rsquo;engage pour la reconnaissance, le d\u00e9veloppement de la Pr\u00e9vention Sp\u00e9cialis\u00e9e et le dialogue avec les autorit\u00e9s qui en exercent la comp\u00e9tence. Avec l&rsquo;APSN, les services de Pr\u00e9vention Sp\u00e9cialis\u00e9e veulent&hellip; Lire la suite Une t\u00eate de r\u00e9seau","og_url":"https:\/\/apsn-prev.org\/index.php\/une-tete-de-reseau\/","og_site_name":"Des id\u00e9es et des m\u00e9thodes au service de la Pr\u00e9vention Sp\u00e9cialis\u00e9e.","article_modified_time":"2024-01-17T19:44:12+00:00","twitter_card":"summary_large_image","twitter_misc":{"Dur\u00e9e de lecture estim\u00e9e":"2 minutes"},"schema":{"@context":"https:\/\/schema.org","@graph":[{"@type":"WebPage","@id":"https:\/\/apsn-prev.org\/index.php\/une-tete-de-reseau\/","url":"https:\/\/apsn-prev.org\/index.php\/une-tete-de-reseau\/","name":"Une t\u00eate de r\u00e9seau - Des id\u00e9es et des m\u00e9thodes au service de la Pr\u00e9vention Sp\u00e9cialis\u00e9e.","isPartOf":{"@id":"https:\/\/apsn-prev.org\/#website"},"datePublished":"2023-09-25T14:25:16+00:00","dateModified":"2024-01-17T19:44:12+00:00","breadcrumb":{"@id":"https:\/\/apsn-prev.org\/index.php\/une-tete-de-reseau\/#breadcrumb"},"inLanguage":"fr-FR","potentialAction":[{"@type":"ReadAction","target":["https:\/\/apsn-prev.org\/index.php\/une-tete-de-reseau\/"]}]},{"@type":"BreadcrumbList","@id":"https:\/\/apsn-prev.org\/index.php\/une-tete-de-reseau\/#breadcrumb","itemListElement":[{"@type":"ListItem","position":1,"name":"Accueil","item":"https:\/\/apsn-prev.org\/"},{"@type":"ListItem","position":2,"name":"Une t\u00eate de r\u00e9seau"}]},{"@type":"WebSite","@id":"https:\/\/apsn-prev.org\/#website","url":"https:\/\/apsn-prev.org\/","name":"Des id\u00e9es et des m\u00e9thodes au service de la Pr\u00e9vention Sp\u00e9cialis\u00e9e.","description":"","publisher":{"@id":"https:\/\/apsn-prev.org\/#organization"},"potentialAction":[{"@type":"SearchAction","target":{"@type":"EntryPoint","urlTemplate":"https:\/\/apsn-prev.org\/?s={search_term_string}"},"query-input":{"@type":"PropertyValueSpecification","valueRequired":true,"valueName":"search_term_string"}}],"inLanguage":"fr-FR"},{"@type":"Organization","@id":"https:\/\/apsn-prev.org\/#organization","name":"Des id\u00e9es et des m\u00e9thodes au service de la Pr\u00e9vention Sp\u00e9cialis\u00e9e.","url":"https:\/\/apsn-prev.org\/","logo":{"@type":"ImageObject","inLanguage":"fr-FR","@id":"https:\/\/apsn-prev.org\/#\/schema\/logo\/image\/","url":"https:\/\/i0.wp.com\/apsn-prev.org\/wp-content\/uploads\/2023\/09\/cropped-LOG-SITE-3.png?fit=1179%2C297&ssl=1","contentUrl":"https:\/\/i0.wp.com\/apsn-prev.org\/wp-content\/uploads\/2023\/09\/cropped-LOG-SITE-3.png?fit=1179%2C297&ssl=1","width":1179,"height":297,"caption":"Des id\u00e9es et des m\u00e9thodes au service de la Pr\u00e9vention Sp\u00e9cialis\u00e9e."},"image":{"@id":"https:\/\/apsn-prev.org\/#\/schema\/logo\/image\/"}}]}},"jetpack_sharing_enabled":true,"_links":{"self":[{"href":"https:\/\/apsn-prev.org\/index.php\/wp-json\/wp\/v2\/pages\/10700","targetHints":{"allow":["GET"]}}],"collection":[{"href":"https:\/\/apsn-prev.org\/index.php\/wp-json\/wp\/v2\/pages"}],"about":[{"href":"https:\/\/apsn-prev.org\/index.php\/wp-json\/wp\/v2\/types\/page"}],"author":[{"embeddable":true,"href":"https:\/\/apsn-prev.org\/index.php\/wp-json\/wp\/v2\/users\/1"}],"replies":[{"embeddable":true,"href":"https:\/\/apsn-prev.org\/index.php\/wp-json\/wp\/v2\/comments?post=10700"}],"version-history":[{"count":10,"href":"https:\/\/apsn-prev.org\/index.php\/wp-json\/wp\/v2\/pages\/10700\/revisions"}],"predecessor-version":[{"id":12225,"href":"https:\/\/apsn-prev.org\/index.php\/wp-json\/wp\/v2\/pages\/10700\/revisions\/12225"}],"wp:attachment":[{"href":"https:\/\/apsn-prev.org\/index.php\/wp-json\/wp\/v2\/media?parent=10700"}],"wp:term":[{"taxonomy":"post_tag","embeddable":true,"href":"https:\/\/apsn-prev.org\/index.php\/wp-json\/wp\/v2\/tags?post=10700"}],"curies":[{"name":"wp","href":"https:\/\/api.w.org\/{rel}","templated":true}]}}