{"id":1307,"date":"2022-02-08T15:08:24","date_gmt":"2022-02-08T14:08:24","guid":{"rendered":"https:\/\/apsnprev.wpcomstaging.com\/?page_id=1307"},"modified":"2023-09-22T15:39:24","modified_gmt":"2023-09-22T13:39:24","slug":"la-prevention-specialisee","status":"publish","type":"page","link":"https:\/\/apsn-prev.org\/index.php\/la-prevention-specialisee\/","title":{"rendered":"La Pr\u00e9vention Sp\u00e9cialis\u00e9e"},"content":{"rendered":"","protected":false},"excerpt":{"rendered":"","protected":false},"author":2,"featured_media":0,"parent":0,"menu_order":0,"comment_status":"closed","ping_status":"closed","template":"","meta":{"footnotes":""},"tags":[],"class_list":["post-1307","page","type-page","status-publish","hentry","without-featured-image"],"yoast_head":"<!-- This site is optimized with the Yoast SEO plugin v27.3 - https:\/\/yoast.com\/product\/yoast-seo-wordpress\/ -->\n<title>La Pr\u00e9vention Sp\u00e9cialis\u00e9e<\/title>\n<meta name=\"description\" content=\"D\u00e9couvrez la Pr\u00e9vention Sp\u00e9cialis\u00e9e, de ses origines dans le courant des ann\u00e9es 40, \u00e0 son \u00e9volution au fil du temps.\" \/>\n<meta name=\"robots\" content=\"index, follow, max-snippet:-1, max-image-preview:large, max-video-preview:-1\" \/>\n<link rel=\"canonical\" href=\"https:\/\/apsn-prev.org\/index.php\/la-prevention-specialisee\/\" \/>\n<meta property=\"og:locale\" content=\"fr_FR\" \/>\n<meta property=\"og:type\" content=\"article\" \/>\n<meta property=\"og:title\" content=\"La Pr\u00e9vention Sp\u00e9cialis\u00e9e\" \/>\n<meta property=\"og:description\" content=\"D\u00e9couvrez la Pr\u00e9vention Sp\u00e9cialis\u00e9e, de ses origines dans le courant des ann\u00e9es 40, \u00e0 son \u00e9volution au fil du temps.\" \/>\n<meta property=\"og:url\" content=\"https:\/\/apsn-prev.org\/index.php\/la-prevention-specialisee\/\" \/>\n<meta property=\"og:site_name\" content=\"Des id\u00e9es et des m\u00e9thodes au service de la Pr\u00e9vention Sp\u00e9cialis\u00e9e.\" \/>\n<meta property=\"article:modified_time\" content=\"2023-09-22T13:39:24+00:00\" \/>\n<meta name=\"twitter:card\" content=\"summary_large_image\" \/>\n<meta name=\"twitter:label1\" content=\"Dur\u00e9e de lecture estim\u00e9e\" \/>\n\t<meta name=\"twitter:data1\" content=\"4 minutes\" \/>\n<script type=\"application\/ld+json\" class=\"yoast-schema-graph\">{\"@context\":\"https:\\\/\\\/schema.org\",\"@graph\":[{\"@type\":\"WebPage\",\"@id\":\"https:\\\/\\\/apsn-prev.org\\\/index.php\\\/la-prevention-specialisee\\\/\",\"url\":\"https:\\\/\\\/apsn-prev.org\\\/index.php\\\/la-prevention-specialisee\\\/\",\"name\":\"La Pr\u00e9vention Sp\u00e9cialis\u00e9e\",\"isPartOf\":{\"@id\":\"https:\\\/\\\/apsn-prev.org\\\/#website\"},\"datePublished\":\"2022-02-08T14:08:24+00:00\",\"dateModified\":\"2023-09-22T13:39:24+00:00\",\"description\":\"D\u00e9couvrez la Pr\u00e9vention Sp\u00e9cialis\u00e9e, de ses origines dans le courant des ann\u00e9es 40, \u00e0 son \u00e9volution au fil du temps.\",\"breadcrumb\":{\"@id\":\"https:\\\/\\\/apsn-prev.org\\\/index.php\\\/la-prevention-specialisee\\\/#breadcrumb\"},\"inLanguage\":\"fr-FR\",\"potentialAction\":[{\"@type\":\"ReadAction\",\"target\":[\"https:\\\/\\\/apsn-prev.org\\\/index.php\\\/la-prevention-specialisee\\\/\"]}]},{\"@type\":\"BreadcrumbList\",\"@id\":\"https:\\\/\\\/apsn-prev.org\\\/index.php\\\/la-prevention-specialisee\\\/#breadcrumb\",\"itemListElement\":[{\"@type\":\"ListItem\",\"position\":1,\"name\":\"Accueil\",\"item\":\"https:\\\/\\\/apsn-prev.org\\\/\"},{\"@type\":\"ListItem\",\"position\":2,\"name\":\"La Pr\u00e9vention Sp\u00e9cialis\u00e9e\"}]},{\"@type\":\"WebSite\",\"@id\":\"https:\\\/\\\/apsn-prev.org\\\/#website\",\"url\":\"https:\\\/\\\/apsn-prev.org\\\/\",\"name\":\"Des id\u00e9es et des m\u00e9thodes au service de la Pr\u00e9vention Sp\u00e9cialis\u00e9e.\",\"description\":\"\",\"publisher\":{\"@id\":\"https:\\\/\\\/apsn-prev.org\\\/#organization\"},\"potentialAction\":[{\"@type\":\"SearchAction\",\"target\":{\"@type\":\"EntryPoint\",\"urlTemplate\":\"https:\\\/\\\/apsn-prev.org\\\/?s={search_term_string}\"},\"query-input\":{\"@type\":\"PropertyValueSpecification\",\"valueRequired\":true,\"valueName\":\"search_term_string\"}}],\"inLanguage\":\"fr-FR\"},{\"@type\":\"Organization\",\"@id\":\"https:\\\/\\\/apsn-prev.org\\\/#organization\",\"name\":\"Des id\u00e9es et des m\u00e9thodes au service de la Pr\u00e9vention Sp\u00e9cialis\u00e9e.\",\"url\":\"https:\\\/\\\/apsn-prev.org\\\/\",\"logo\":{\"@type\":\"ImageObject\",\"inLanguage\":\"fr-FR\",\"@id\":\"https:\\\/\\\/apsn-prev.org\\\/#\\\/schema\\\/logo\\\/image\\\/\",\"url\":\"https:\\\/\\\/i0.wp.com\\\/apsn-prev.org\\\/wp-content\\\/uploads\\\/2023\\\/09\\\/cropped-LOG-SITE-3.png?fit=1179%2C297&ssl=1\",\"contentUrl\":\"https:\\\/\\\/i0.wp.com\\\/apsn-prev.org\\\/wp-content\\\/uploads\\\/2023\\\/09\\\/cropped-LOG-SITE-3.png?fit=1179%2C297&ssl=1\",\"width\":1179,\"height\":297,\"caption\":\"Des id\u00e9es et des m\u00e9thodes au service de la Pr\u00e9vention Sp\u00e9cialis\u00e9e.\"},\"image\":{\"@id\":\"https:\\\/\\\/apsn-prev.org\\\/#\\\/schema\\\/logo\\\/image\\\/\"}}]}<\/script>\n<!-- \/ Yoast SEO plugin. -->","yoast_head_json":{"title":"La Pr\u00e9vention Sp\u00e9cialis\u00e9e","description":"D\u00e9couvrez la Pr\u00e9vention Sp\u00e9cialis\u00e9e, de ses origines dans le courant des ann\u00e9es 40, \u00e0 son \u00e9volution au fil du temps.","robots":{"index":"index","follow":"follow","max-snippet":"max-snippet:-1","max-image-preview":"max-image-preview:large","max-video-preview":"max-video-preview:-1"},"canonical":"https:\/\/apsn-prev.org\/index.php\/la-prevention-specialisee\/","og_locale":"fr_FR","og_type":"article","og_title":"La Pr\u00e9vention Sp\u00e9cialis\u00e9e","og_description":"D\u00e9couvrez la Pr\u00e9vention Sp\u00e9cialis\u00e9e, de ses origines dans le courant des ann\u00e9es 40, \u00e0 son \u00e9volution au fil du temps.","og_url":"https:\/\/apsn-prev.org\/index.php\/la-prevention-specialisee\/","og_site_name":"Des id\u00e9es et des m\u00e9thodes au service de la Pr\u00e9vention Sp\u00e9cialis\u00e9e.","article_modified_time":"2023-09-22T13:39:24+00:00","twitter_card":"summary_large_image","twitter_misc":{"Dur\u00e9e de lecture estim\u00e9e":"4 minutes"},"schema":{"@context":"https:\/\/schema.org","@graph":[{"@type":"WebPage","@id":"https:\/\/apsn-prev.org\/index.php\/la-prevention-specialisee\/","url":"https:\/\/apsn-prev.org\/index.php\/la-prevention-specialisee\/","name":"La Pr\u00e9vention Sp\u00e9cialis\u00e9e","isPartOf":{"@id":"https:\/\/apsn-prev.org\/#website"},"datePublished":"2022-02-08T14:08:24+00:00","dateModified":"2023-09-22T13:39:24+00:00","description":"D\u00e9couvrez la Pr\u00e9vention Sp\u00e9cialis\u00e9e, de ses origines dans le courant des ann\u00e9es 40, \u00e0 son \u00e9volution au fil du temps.","breadcrumb":{"@id":"https:\/\/apsn-prev.org\/index.php\/la-prevention-specialisee\/#breadcrumb"},"inLanguage":"fr-FR","potentialAction":[{"@type":"ReadAction","target":["https:\/\/apsn-prev.org\/index.php\/la-prevention-specialisee\/"]}]},{"@type":"BreadcrumbList","@id":"https:\/\/apsn-prev.org\/index.php\/la-prevention-specialisee\/#breadcrumb","itemListElement":[{"@type":"ListItem","position":1,"name":"Accueil","item":"https:\/\/apsn-prev.org\/"},{"@type":"ListItem","position":2,"name":"La Pr\u00e9vention Sp\u00e9cialis\u00e9e"}]},{"@type":"WebSite","@id":"https:\/\/apsn-prev.org\/#website","url":"https:\/\/apsn-prev.org\/","name":"Des id\u00e9es et des m\u00e9thodes au service de la Pr\u00e9vention Sp\u00e9cialis\u00e9e.","description":"","publisher":{"@id":"https:\/\/apsn-prev.org\/#organization"},"potentialAction":[{"@type":"SearchAction","target":{"@type":"EntryPoint","urlTemplate":"https:\/\/apsn-prev.org\/?s={search_term_string}"},"query-input":{"@type":"PropertyValueSpecification","valueRequired":true,"valueName":"search_term_string"}}],"inLanguage":"fr-FR"},{"@type":"Organization","@id":"https:\/\/apsn-prev.org\/#organization","name":"Des id\u00e9es et des m\u00e9thodes au service de la Pr\u00e9vention Sp\u00e9cialis\u00e9e.","url":"https:\/\/apsn-prev.org\/","logo":{"@type":"ImageObject","inLanguage":"fr-FR","@id":"https:\/\/apsn-prev.org\/#\/schema\/logo\/image\/","url":"https:\/\/i0.wp.com\/apsn-prev.org\/wp-content\/uploads\/2023\/09\/cropped-LOG-SITE-3.png?fit=1179%2C297&ssl=1","contentUrl":"https:\/\/i0.wp.com\/apsn-prev.org\/wp-content\/uploads\/2023\/09\/cropped-LOG-SITE-3.png?fit=1179%2C297&ssl=1","width":1179,"height":297,"caption":"Des id\u00e9es et des m\u00e9thodes au service de la Pr\u00e9vention Sp\u00e9cialis\u00e9e."},"image":{"@id":"https:\/\/apsn-prev.org\/#\/schema\/logo\/image\/"}}]}},"jetpack_sharing_enabled":true,"_links":{"self":[{"href":"https:\/\/apsn-prev.org\/index.php\/wp-json\/wp\/v2\/pages\/1307","targetHints":{"allow":["GET"]}}],"collection":[{"href":"https:\/\/apsn-prev.org\/index.php\/wp-json\/wp\/v2\/pages"}],"about":[{"href":"https:\/\/apsn-prev.org\/index.php\/wp-json\/wp\/v2\/types\/page"}],"author":[{"embeddable":true,"href":"https:\/\/apsn-prev.org\/index.php\/wp-json\/wp\/v2\/users\/2"}],"replies":[{"embeddable":true,"href":"https:\/\/apsn-prev.org\/index.php\/wp-json\/wp\/v2\/comments?post=1307"}],"version-history":[{"count":13,"href":"https:\/\/apsn-prev.org\/index.php\/wp-json\/wp\/v2\/pages\/1307\/revisions"}],"predecessor-version":[{"id":10534,"href":"https:\/\/apsn-prev.org\/index.php\/wp-json\/wp\/v2\/pages\/1307\/revisions\/10534"}],"wp:attachment":[{"href":"https:\/\/apsn-prev.org\/index.php\/wp-json\/wp\/v2\/media?parent=1307"}],"wp:term":[{"taxonomy":"post_tag","embeddable":true,"href":"https:\/\/apsn-prev.org\/index.php\/wp-json\/wp\/v2\/tags?post=1307"}],"curies":[{"name":"wp","href":"https:\/\/api.w.org\/{rel}","templated":true}]}}