{"id":14314,"date":"2024-09-25T15:59:36","date_gmt":"2024-09-25T13:59:36","guid":{"rendered":"https:\/\/apsn-prev.org\/?page_id=14314"},"modified":"2025-03-05T10:56:48","modified_gmt":"2025-03-05T09:56:48","slug":"les-communiques-de-presse","status":"publish","type":"page","link":"https:\/\/apsn-prev.org\/index.php\/les-communiques-de-presse\/","title":{"rendered":"Les communiqu\u00e9s de presse"},"content":{"rendered":"\n<p><a href=\"https:\/\/apsn-prev.org\/wp-content\/uploads\/2024\/09\/APSN-Communique-juin-2024.pdf\">T\u00e9l\u00e9charger le communiqu\u00e9 du 05 mars 2025 suite au maintien des budgets Pr\u00e9vention Sp\u00e9cialis\u00e9e  2025<\/a><\/p>\n\n\n\n<p><a href=\"https:\/\/apsn-prev.org\/wp-content\/uploads\/2024\/09\/APSN-Communique-juin-2024.pdf\">T\u00e9l\u00e9charger le communiqu\u00e9 du 27 juin 2024 suite aux r\u00e9sultats des \u00e9lections europ\u00e9ennes du 9 juin 2024<\/a><\/p>\n\n\n\n<p><a href=\"https:\/\/apsn-prev.org\/wp-content\/uploads\/2023\/10\/APSN-COMMUNIQUE-10-oct-2023.pdf\">T\u00e9l\u00e9charger le communiqu\u00e9 suite \u00e0 l&rsquo;invitation de l&rsquo;APSN  au Conseil National de la Refondation (CNR)  du 5 octobre 2023 suite aux violences urbaines pr\u00e9sid\u00e9 par la premi\u00e8re ministre \u00ab\u00a0\u00c9lisabeth BORNE\u00a0\u00bb<\/a><\/p>\n\n\n\n<p><a href=\"https:\/\/apsn-prev.org\/wp-content\/uploads\/2023\/07\/communique-du-30-juin-2023.pdf\">T\u00e9l\u00e9charger le communiqu\u00e9 suite aux \u00e9v\u00e8nements de juin 2023<\/a><\/p>\n\n\n\n<p><a href=\"https:\/\/apsn-prev.org\/wp-content\/uploads\/2023\/10\/22-avril-2021-postionnement-apsn1.pdf\">T\u00e9l\u00e9charger le plaidoyer intitul\u00e9 &nbsp;\u00bb La Pr\u00e9vention Sp\u00e9cialis\u00e9e : Pour une comp\u00e9tence obligatoire de l\u2019Action Sociale \u2013 Positionnement de l\u2019Association de Pr\u00e9vention Sp\u00e9cialis\u00e9e Nationale (APSN- Avril 2021)<\/a><a href=\"https:\/\/apsn-prev.org\/wp-content\/uploads\/2023\/10\/22-avril-2021-postionnement-apsn1.pdf\"><\/a><\/p>\n\n\n\n<p><\/p>\n\n\n\n<p><\/p>\n","protected":false},"excerpt":{"rendered":"<p>T\u00e9l\u00e9charger le communiqu\u00e9 du 05 mars 2025 suite au maintien des budgets Pr\u00e9vention Sp\u00e9cialis\u00e9e 2025 T\u00e9l\u00e9charger le communiqu\u00e9 du 27 juin 2024 suite aux r\u00e9sultats des \u00e9lections europ\u00e9ennes du 9&hellip; <a href=\"https:\/\/apsn-prev.org\/index.php\/les-communiques-de-presse\/\" class=\"more-link\">Lire la suite <span class=\"screen-reader-text\">Les communiqu\u00e9s de presse<\/span><\/a><\/p>\n","protected":false},"author":1,"featured_media":0,"parent":0,"menu_order":0,"comment_status":"closed","ping_status":"closed","template":"","meta":{"footnotes":""},"tags":[],"class_list":["post-14314","page","type-page","status-publish","hentry","without-featured-image"],"yoast_head":"<!-- This site is optimized with the Yoast SEO plugin v27.4 - https:\/\/yoast.com\/product\/yoast-seo-wordpress\/ -->\n<title>Les communiqu\u00e9s de presse - Des id\u00e9es et des m\u00e9thodes au service de la Pr\u00e9vention Sp\u00e9cialis\u00e9e.<\/title>\n<meta name=\"robots\" content=\"index, follow, max-snippet:-1, max-image-preview:large, max-video-preview:-1\" \/>\n<link rel=\"canonical\" href=\"https:\/\/apsn-prev.org\/index.php\/les-communiques-de-presse\/\" \/>\n<meta property=\"og:locale\" content=\"fr_FR\" \/>\n<meta property=\"og:type\" content=\"article\" \/>\n<meta property=\"og:title\" content=\"Les communiqu\u00e9s de presse - Des id\u00e9es et des m\u00e9thodes au service de la Pr\u00e9vention Sp\u00e9cialis\u00e9e.\" \/>\n<meta property=\"og:description\" content=\"T\u00e9l\u00e9charger le communiqu\u00e9 du 05 mars 2025 suite au maintien des budgets Pr\u00e9vention Sp\u00e9cialis\u00e9e 2025 T\u00e9l\u00e9charger le communiqu\u00e9 du 27 juin 2024 suite aux r\u00e9sultats des \u00e9lections europ\u00e9ennes du 9&hellip; Lire la suite Les communiqu\u00e9s de presse\" \/>\n<meta property=\"og:url\" content=\"https:\/\/apsn-prev.org\/index.php\/les-communiques-de-presse\/\" \/>\n<meta property=\"og:site_name\" content=\"Des id\u00e9es et des m\u00e9thodes au service de la Pr\u00e9vention Sp\u00e9cialis\u00e9e.\" \/>\n<meta property=\"article:modified_time\" content=\"2025-03-05T09:56:48+00:00\" \/>\n<meta name=\"twitter:card\" content=\"summary_large_image\" \/>\n<meta name=\"twitter:label1\" content=\"Dur\u00e9e de lecture estim\u00e9e\" \/>\n\t<meta name=\"twitter:data1\" content=\"1 minute\" \/>\n<script type=\"application\/ld+json\" class=\"yoast-schema-graph\">{\"@context\":\"https:\\\/\\\/schema.org\",\"@graph\":[{\"@type\":\"WebPage\",\"@id\":\"https:\\\/\\\/apsn-prev.org\\\/index.php\\\/les-communiques-de-presse\\\/\",\"url\":\"https:\\\/\\\/apsn-prev.org\\\/index.php\\\/les-communiques-de-presse\\\/\",\"name\":\"Les communiqu\u00e9s de presse - Des id\u00e9es et des m\u00e9thodes au service de la Pr\u00e9vention Sp\u00e9cialis\u00e9e.\",\"isPartOf\":{\"@id\":\"https:\\\/\\\/apsn-prev.org\\\/#website\"},\"datePublished\":\"2024-09-25T13:59:36+00:00\",\"dateModified\":\"2025-03-05T09:56:48+00:00\",\"breadcrumb\":{\"@id\":\"https:\\\/\\\/apsn-prev.org\\\/index.php\\\/les-communiques-de-presse\\\/#breadcrumb\"},\"inLanguage\":\"fr-FR\",\"potentialAction\":[{\"@type\":\"ReadAction\",\"target\":[\"https:\\\/\\\/apsn-prev.org\\\/index.php\\\/les-communiques-de-presse\\\/\"]}]},{\"@type\":\"BreadcrumbList\",\"@id\":\"https:\\\/\\\/apsn-prev.org\\\/index.php\\\/les-communiques-de-presse\\\/#breadcrumb\",\"itemListElement\":[{\"@type\":\"ListItem\",\"position\":1,\"name\":\"Accueil\",\"item\":\"https:\\\/\\\/apsn-prev.org\\\/\"},{\"@type\":\"ListItem\",\"position\":2,\"name\":\"Les communiqu\u00e9s de presse\"}]},{\"@type\":\"WebSite\",\"@id\":\"https:\\\/\\\/apsn-prev.org\\\/#website\",\"url\":\"https:\\\/\\\/apsn-prev.org\\\/\",\"name\":\"Des id\u00e9es et des m\u00e9thodes au service de la Pr\u00e9vention Sp\u00e9cialis\u00e9e.\",\"description\":\"\",\"publisher\":{\"@id\":\"https:\\\/\\\/apsn-prev.org\\\/#organization\"},\"potentialAction\":[{\"@type\":\"SearchAction\",\"target\":{\"@type\":\"EntryPoint\",\"urlTemplate\":\"https:\\\/\\\/apsn-prev.org\\\/?s={search_term_string}\"},\"query-input\":{\"@type\":\"PropertyValueSpecification\",\"valueRequired\":true,\"valueName\":\"search_term_string\"}}],\"inLanguage\":\"fr-FR\"},{\"@type\":\"Organization\",\"@id\":\"https:\\\/\\\/apsn-prev.org\\\/#organization\",\"name\":\"Des id\u00e9es et des m\u00e9thodes au service de la Pr\u00e9vention Sp\u00e9cialis\u00e9e.\",\"url\":\"https:\\\/\\\/apsn-prev.org\\\/\",\"logo\":{\"@type\":\"ImageObject\",\"inLanguage\":\"fr-FR\",\"@id\":\"https:\\\/\\\/apsn-prev.org\\\/#\\\/schema\\\/logo\\\/image\\\/\",\"url\":\"https:\\\/\\\/i0.wp.com\\\/apsn-prev.org\\\/wp-content\\\/uploads\\\/2023\\\/09\\\/cropped-LOG-SITE-3.png?fit=1179%2C297&ssl=1\",\"contentUrl\":\"https:\\\/\\\/i0.wp.com\\\/apsn-prev.org\\\/wp-content\\\/uploads\\\/2023\\\/09\\\/cropped-LOG-SITE-3.png?fit=1179%2C297&ssl=1\",\"width\":1179,\"height\":297,\"caption\":\"Des id\u00e9es et des m\u00e9thodes au service de la Pr\u00e9vention Sp\u00e9cialis\u00e9e.\"},\"image\":{\"@id\":\"https:\\\/\\\/apsn-prev.org\\\/#\\\/schema\\\/logo\\\/image\\\/\"}}]}<\/script>\n<!-- \/ Yoast SEO plugin. -->","yoast_head_json":{"title":"Les communiqu\u00e9s de presse - Des id\u00e9es et des m\u00e9thodes au service de la Pr\u00e9vention Sp\u00e9cialis\u00e9e.","robots":{"index":"index","follow":"follow","max-snippet":"max-snippet:-1","max-image-preview":"max-image-preview:large","max-video-preview":"max-video-preview:-1"},"canonical":"https:\/\/apsn-prev.org\/index.php\/les-communiques-de-presse\/","og_locale":"fr_FR","og_type":"article","og_title":"Les communiqu\u00e9s de presse - Des id\u00e9es et des m\u00e9thodes au service de la Pr\u00e9vention Sp\u00e9cialis\u00e9e.","og_description":"T\u00e9l\u00e9charger le communiqu\u00e9 du 05 mars 2025 suite au maintien des budgets Pr\u00e9vention Sp\u00e9cialis\u00e9e 2025 T\u00e9l\u00e9charger le communiqu\u00e9 du 27 juin 2024 suite aux r\u00e9sultats des \u00e9lections europ\u00e9ennes du 9&hellip; Lire la suite Les communiqu\u00e9s de presse","og_url":"https:\/\/apsn-prev.org\/index.php\/les-communiques-de-presse\/","og_site_name":"Des id\u00e9es et des m\u00e9thodes au service de la Pr\u00e9vention Sp\u00e9cialis\u00e9e.","article_modified_time":"2025-03-05T09:56:48+00:00","twitter_card":"summary_large_image","twitter_misc":{"Dur\u00e9e de lecture estim\u00e9e":"1 minute"},"schema":{"@context":"https:\/\/schema.org","@graph":[{"@type":"WebPage","@id":"https:\/\/apsn-prev.org\/index.php\/les-communiques-de-presse\/","url":"https:\/\/apsn-prev.org\/index.php\/les-communiques-de-presse\/","name":"Les communiqu\u00e9s de presse - Des id\u00e9es et des m\u00e9thodes au service de la Pr\u00e9vention Sp\u00e9cialis\u00e9e.","isPartOf":{"@id":"https:\/\/apsn-prev.org\/#website"},"datePublished":"2024-09-25T13:59:36+00:00","dateModified":"2025-03-05T09:56:48+00:00","breadcrumb":{"@id":"https:\/\/apsn-prev.org\/index.php\/les-communiques-de-presse\/#breadcrumb"},"inLanguage":"fr-FR","potentialAction":[{"@type":"ReadAction","target":["https:\/\/apsn-prev.org\/index.php\/les-communiques-de-presse\/"]}]},{"@type":"BreadcrumbList","@id":"https:\/\/apsn-prev.org\/index.php\/les-communiques-de-presse\/#breadcrumb","itemListElement":[{"@type":"ListItem","position":1,"name":"Accueil","item":"https:\/\/apsn-prev.org\/"},{"@type":"ListItem","position":2,"name":"Les communiqu\u00e9s de presse"}]},{"@type":"WebSite","@id":"https:\/\/apsn-prev.org\/#website","url":"https:\/\/apsn-prev.org\/","name":"Des id\u00e9es et des m\u00e9thodes au service de la Pr\u00e9vention Sp\u00e9cialis\u00e9e.","description":"","publisher":{"@id":"https:\/\/apsn-prev.org\/#organization"},"potentialAction":[{"@type":"SearchAction","target":{"@type":"EntryPoint","urlTemplate":"https:\/\/apsn-prev.org\/?s={search_term_string}"},"query-input":{"@type":"PropertyValueSpecification","valueRequired":true,"valueName":"search_term_string"}}],"inLanguage":"fr-FR"},{"@type":"Organization","@id":"https:\/\/apsn-prev.org\/#organization","name":"Des id\u00e9es et des m\u00e9thodes au service de la Pr\u00e9vention Sp\u00e9cialis\u00e9e.","url":"https:\/\/apsn-prev.org\/","logo":{"@type":"ImageObject","inLanguage":"fr-FR","@id":"https:\/\/apsn-prev.org\/#\/schema\/logo\/image\/","url":"https:\/\/i0.wp.com\/apsn-prev.org\/wp-content\/uploads\/2023\/09\/cropped-LOG-SITE-3.png?fit=1179%2C297&ssl=1","contentUrl":"https:\/\/i0.wp.com\/apsn-prev.org\/wp-content\/uploads\/2023\/09\/cropped-LOG-SITE-3.png?fit=1179%2C297&ssl=1","width":1179,"height":297,"caption":"Des id\u00e9es et des m\u00e9thodes au service de la Pr\u00e9vention Sp\u00e9cialis\u00e9e."},"image":{"@id":"https:\/\/apsn-prev.org\/#\/schema\/logo\/image\/"}}]}},"jetpack_sharing_enabled":true,"_links":{"self":[{"href":"https:\/\/apsn-prev.org\/index.php\/wp-json\/wp\/v2\/pages\/14314","targetHints":{"allow":["GET"]}}],"collection":[{"href":"https:\/\/apsn-prev.org\/index.php\/wp-json\/wp\/v2\/pages"}],"about":[{"href":"https:\/\/apsn-prev.org\/index.php\/wp-json\/wp\/v2\/types\/page"}],"author":[{"embeddable":true,"href":"https:\/\/apsn-prev.org\/index.php\/wp-json\/wp\/v2\/users\/1"}],"replies":[{"embeddable":true,"href":"https:\/\/apsn-prev.org\/index.php\/wp-json\/wp\/v2\/comments?post=14314"}],"version-history":[{"count":2,"href":"https:\/\/apsn-prev.org\/index.php\/wp-json\/wp\/v2\/pages\/14314\/revisions"}],"predecessor-version":[{"id":15763,"href":"https:\/\/apsn-prev.org\/index.php\/wp-json\/wp\/v2\/pages\/14314\/revisions\/15763"}],"wp:attachment":[{"href":"https:\/\/apsn-prev.org\/index.php\/wp-json\/wp\/v2\/media?parent=14314"}],"wp:term":[{"taxonomy":"post_tag","embeddable":true,"href":"https:\/\/apsn-prev.org\/index.php\/wp-json\/wp\/v2\/tags?post=14314"}],"curies":[{"name":"wp","href":"https:\/\/api.w.org\/{rel}","templated":true}]}}