{"id":1519,"date":"2022-02-14T16:21:59","date_gmt":"2022-02-14T15:21:59","guid":{"rendered":"https:\/\/apsnprev.wpcomstaging.com\/?page_id=1519"},"modified":"2022-02-14T16:21:59","modified_gmt":"2022-02-14T15:21:59","slug":"accessibilite-des-personnes-en-situation-de-handicap","status":"publish","type":"page","link":"https:\/\/apsn-prev.org\/index.php\/accessibilite-des-personnes-en-situation-de-handicap\/","title":{"rendered":"Accessibilit\u00e9 des personnes en situation de handicap"},"content":{"rendered":"\n<p>La loi du 11 f\u00e9vrier 2005 portant sur \u00ab\u00a0<em>l\u2019inclusion, et pour l\u2019\u00e9galit\u00e9 des droits et des chances, la participation et la citoyennet\u00e9 des personnes handicap\u00e9es<\/em>\u00a0\u00bb a mis en avant les principes de non discrimination et de droit \u00e0 la compensation du handicap.<\/p>\n\n\n\n<p>La loi d\u00e9finit dans son article 114 la notion de handicap :<\/p>\n\n\n\n<blockquote class=\"wp-block-quote is-layout-flow wp-block-quote-is-layout-flow\"><p><br>\u00ab Constitue un handicap, au sens de la pr\u00e9sente loi, toute limitation d\u2019activit\u00e9 ou restriction de participation \u00e0 la vie en soci\u00e9t\u00e9 subie dans son environnement par une personne en raison d\u2019une alt\u00e9ration substantielle durable ou d\u00e9finitive d\u2019une ou plusieurs fonctions physiques, sensorielles, mentales, cognitives ou psychiques, d\u2019un polyhandicap ou d\u2019un trouble de sant\u00e9 invalidant \u00bb.<\/p><\/blockquote>\n\n\n\n<h3 class=\"has-dark-blue-color has-text-color wp-block-heading\" id=\"il-s-agit-pour-notre-organisme-de-formation-professionnelle-de\"><br>Il s\u2019agit, pour notre organisme de formation professionnelle de :<\/h3>\n\n\n\n<ul class=\"wp-block-list\"><li>Accueillir en formation, sans discrimination, les personnes en situation de handicap<\/li><\/ul>\n\n\n\n<p><\/p>\n\n\n\n<ul class=\"wp-block-list\"><li>Garantir l\u2019\u00e9galit\u00e9 des droits et des chances des personnes en situation de handicap pour acc\u00e9der aux formations que nous proposons.<\/li><\/ul>\n\n\n\n<h3 class=\"has-dark-blue-color has-text-color wp-block-heading\" id=\"ainsi-l-apsn-veille-a\">Ainsi l\u2019APSN veille \u00e0 :<\/h3>\n\n\n\n<ul class=\"wp-block-list\"><li>L\u2019accessibilit\u00e9 du lieu de formation : L\u2019APSN dispose de diff\u00e9rentes possibilit\u00e9s d\u2019accueil des formations aupr\u00e8s de l\u2019ensemble de ses adh\u00e9rents.<\/li><\/ul>\n\n\n\n<p><\/p>\n\n\n\n<ul class=\"wp-block-list\"><li>L\u2019am\u00e9nagement de la formation en fonction du handicap; Prise de contact si n\u00e9cessaire avec des professionnels de la communication (AGEFIPH)<\/li><\/ul>\n\n\n\n<p><\/p>\n\n\n\n<ul class=\"wp-block-list\"><li>L\u2019adaptation des rythmes des temps de formation<\/li><\/ul>\n\n\n\n<p><\/p>\n\n\n\n<ul class=\"wp-block-list\"><li>L\u2019adaptation des modalit\u00e9s p\u00e9dagogiques, contenus, supports et outils<\/li><\/ul>\n\n\n\n<p><\/p>\n\n\n\n<ul class=\"wp-block-list\"><li>Les modalit\u00e9s d\u2019 accompagnement personnalis\u00e9 tout au long de la formation par la r\u00e9f\u00e9rente handicap afin de veiller aux difficult\u00e9s qui pourraient survenir en lien avec le handicap pr\u00e9sent\u00e9<\/li><\/ul>\n\n\n\n<p><\/p>\n\n\n\n<ul class=\"wp-block-list\"><li>Le suivi de la formation s\u2019accompagne d\u2019un bilan individualis\u00e9 avec la r\u00e9f\u00e9rente handicap, le stagiaire, le formateur et le prescripteur.<\/li><\/ul>\n\n\n\n<p><br>L\u2019ensemble de nos formateurs-consultants de l\u2019APSN est sensibilis\u00e9 aux questions relatives au handicap, et \u00e0 la non discrimination. En outre, ils ont acquis une exp\u00e9rience professionnelle aupr\u00e8s des personnes en situation de handicap.<\/p>\n\n\n\n<h3 class=\"has-dark-blue-color has-text-color wp-block-heading\" id=\"procedure-d-accueil-d-un-stagiaire-en-situation-de-handicap\"><br>Proc\u00e9dure d\u2019accueil d\u2019un stagiaire en situation de handicap :<\/h3>\n\n\n\n<p><br>\u2022 Vous prenez contact avec la r\u00e9f\u00e9rente handicap Marie-Pierre CAUWET &#8211; mpcauwet@apsn-prev.fr &#8211; 0320168140<br>\u2022 Vous nous adressez un document officiel attestant de la situation de handicap du ou de vos salari\u00e9s.<br>\u2022 Un entretien individuel et personnalis\u00e9 sera men\u00e9 avec la r\u00e9f\u00e9rente Handicap afin de d\u00e9finir pr\u00e9cis\u00e9ment, dans un livret les modalit\u00e9s d\u2019accueil et d\u2019accompagnement du ou des stagiaires en situation de handicap concern\u00e9s<\/p>\n","protected":false},"excerpt":{"rendered":"<p>La loi du 11 f\u00e9vrier 2005 portant sur \u00ab\u00a0l\u2019inclusion, et pour l\u2019\u00e9galit\u00e9 des droits et des chances, la participation et la citoyennet\u00e9 des personnes handicap\u00e9es\u00a0\u00bb a mis en avant les&hellip; <a href=\"https:\/\/apsn-prev.org\/index.php\/accessibilite-des-personnes-en-situation-de-handicap\/\" class=\"more-link\">Lire la suite <span class=\"screen-reader-text\">Accessibilit\u00e9 des personnes en situation de handicap<\/span><\/a><\/p>\n","protected":false},"author":2,"featured_media":0,"parent":0,"menu_order":0,"comment_status":"closed","ping_status":"closed","template":"","meta":{"footnotes":""},"tags":[],"class_list":["post-1519","page","type-page","status-publish","hentry","without-featured-image"],"yoast_head":"<!-- This site is optimized with the Yoast SEO plugin v27.3 - https:\/\/yoast.com\/product\/yoast-seo-wordpress\/ -->\n<title>Accessibilit\u00e9 des personnes en situation de handicap - Des id\u00e9es et des m\u00e9thodes au service de la Pr\u00e9vention Sp\u00e9cialis\u00e9e.<\/title>\n<meta name=\"robots\" content=\"index, follow, max-snippet:-1, max-image-preview:large, max-video-preview:-1\" \/>\n<link rel=\"canonical\" href=\"https:\/\/apsn-prev.org\/index.php\/accessibilite-des-personnes-en-situation-de-handicap\/\" \/>\n<meta property=\"og:locale\" content=\"fr_FR\" \/>\n<meta property=\"og:type\" content=\"article\" \/>\n<meta property=\"og:title\" content=\"Accessibilit\u00e9 des personnes en situation de handicap - Des id\u00e9es et des m\u00e9thodes au service de la Pr\u00e9vention Sp\u00e9cialis\u00e9e.\" \/>\n<meta property=\"og:description\" content=\"La loi du 11 f\u00e9vrier 2005 portant sur \u00ab\u00a0l\u2019inclusion, et pour l\u2019\u00e9galit\u00e9 des droits et des chances, la participation et la citoyennet\u00e9 des personnes handicap\u00e9es\u00a0\u00bb a mis en avant les&hellip; Lire la suite Accessibilit\u00e9 des personnes en situation de handicap\" \/>\n<meta property=\"og:url\" content=\"https:\/\/apsn-prev.org\/index.php\/accessibilite-des-personnes-en-situation-de-handicap\/\" \/>\n<meta property=\"og:site_name\" content=\"Des id\u00e9es et des m\u00e9thodes au service de la Pr\u00e9vention Sp\u00e9cialis\u00e9e.\" \/>\n<meta name=\"twitter:card\" content=\"summary_large_image\" \/>\n<meta name=\"twitter:label1\" content=\"Dur\u00e9e de lecture estim\u00e9e\" \/>\n\t<meta name=\"twitter:data1\" content=\"2 minutes\" \/>\n<script type=\"application\/ld+json\" class=\"yoast-schema-graph\">{\"@context\":\"https:\\\/\\\/schema.org\",\"@graph\":[{\"@type\":\"WebPage\",\"@id\":\"https:\\\/\\\/apsn-prev.org\\\/index.php\\\/accessibilite-des-personnes-en-situation-de-handicap\\\/\",\"url\":\"https:\\\/\\\/apsn-prev.org\\\/index.php\\\/accessibilite-des-personnes-en-situation-de-handicap\\\/\",\"name\":\"Accessibilit\u00e9 des personnes en situation de handicap - Des id\u00e9es et des m\u00e9thodes au service de la Pr\u00e9vention Sp\u00e9cialis\u00e9e.\",\"isPartOf\":{\"@id\":\"https:\\\/\\\/apsn-prev.org\\\/#website\"},\"datePublished\":\"2022-02-14T15:21:59+00:00\",\"breadcrumb\":{\"@id\":\"https:\\\/\\\/apsn-prev.org\\\/index.php\\\/accessibilite-des-personnes-en-situation-de-handicap\\\/#breadcrumb\"},\"inLanguage\":\"fr-FR\",\"potentialAction\":[{\"@type\":\"ReadAction\",\"target\":[\"https:\\\/\\\/apsn-prev.org\\\/index.php\\\/accessibilite-des-personnes-en-situation-de-handicap\\\/\"]}]},{\"@type\":\"BreadcrumbList\",\"@id\":\"https:\\\/\\\/apsn-prev.org\\\/index.php\\\/accessibilite-des-personnes-en-situation-de-handicap\\\/#breadcrumb\",\"itemListElement\":[{\"@type\":\"ListItem\",\"position\":1,\"name\":\"Accueil\",\"item\":\"https:\\\/\\\/apsn-prev.org\\\/\"},{\"@type\":\"ListItem\",\"position\":2,\"name\":\"Accessibilit\u00e9 des personnes en situation de handicap\"}]},{\"@type\":\"WebSite\",\"@id\":\"https:\\\/\\\/apsn-prev.org\\\/#website\",\"url\":\"https:\\\/\\\/apsn-prev.org\\\/\",\"name\":\"Des id\u00e9es et des m\u00e9thodes au service de la Pr\u00e9vention Sp\u00e9cialis\u00e9e.\",\"description\":\"\",\"publisher\":{\"@id\":\"https:\\\/\\\/apsn-prev.org\\\/#organization\"},\"potentialAction\":[{\"@type\":\"SearchAction\",\"target\":{\"@type\":\"EntryPoint\",\"urlTemplate\":\"https:\\\/\\\/apsn-prev.org\\\/?s={search_term_string}\"},\"query-input\":{\"@type\":\"PropertyValueSpecification\",\"valueRequired\":true,\"valueName\":\"search_term_string\"}}],\"inLanguage\":\"fr-FR\"},{\"@type\":\"Organization\",\"@id\":\"https:\\\/\\\/apsn-prev.org\\\/#organization\",\"name\":\"Des id\u00e9es et des m\u00e9thodes au service de la Pr\u00e9vention Sp\u00e9cialis\u00e9e.\",\"url\":\"https:\\\/\\\/apsn-prev.org\\\/\",\"logo\":{\"@type\":\"ImageObject\",\"inLanguage\":\"fr-FR\",\"@id\":\"https:\\\/\\\/apsn-prev.org\\\/#\\\/schema\\\/logo\\\/image\\\/\",\"url\":\"https:\\\/\\\/i0.wp.com\\\/apsn-prev.org\\\/wp-content\\\/uploads\\\/2023\\\/09\\\/cropped-LOG-SITE-3.png?fit=1179%2C297&ssl=1\",\"contentUrl\":\"https:\\\/\\\/i0.wp.com\\\/apsn-prev.org\\\/wp-content\\\/uploads\\\/2023\\\/09\\\/cropped-LOG-SITE-3.png?fit=1179%2C297&ssl=1\",\"width\":1179,\"height\":297,\"caption\":\"Des id\u00e9es et des m\u00e9thodes au service de la Pr\u00e9vention Sp\u00e9cialis\u00e9e.\"},\"image\":{\"@id\":\"https:\\\/\\\/apsn-prev.org\\\/#\\\/schema\\\/logo\\\/image\\\/\"}}]}<\/script>\n<!-- \/ Yoast SEO plugin. -->","yoast_head_json":{"title":"Accessibilit\u00e9 des personnes en situation de handicap - Des id\u00e9es et des m\u00e9thodes au service de la Pr\u00e9vention Sp\u00e9cialis\u00e9e.","robots":{"index":"index","follow":"follow","max-snippet":"max-snippet:-1","max-image-preview":"max-image-preview:large","max-video-preview":"max-video-preview:-1"},"canonical":"https:\/\/apsn-prev.org\/index.php\/accessibilite-des-personnes-en-situation-de-handicap\/","og_locale":"fr_FR","og_type":"article","og_title":"Accessibilit\u00e9 des personnes en situation de handicap - Des id\u00e9es et des m\u00e9thodes au service de la Pr\u00e9vention Sp\u00e9cialis\u00e9e.","og_description":"La loi du 11 f\u00e9vrier 2005 portant sur \u00ab\u00a0l\u2019inclusion, et pour l\u2019\u00e9galit\u00e9 des droits et des chances, la participation et la citoyennet\u00e9 des personnes handicap\u00e9es\u00a0\u00bb a mis en avant les&hellip; Lire la suite Accessibilit\u00e9 des personnes en situation de handicap","og_url":"https:\/\/apsn-prev.org\/index.php\/accessibilite-des-personnes-en-situation-de-handicap\/","og_site_name":"Des id\u00e9es et des m\u00e9thodes au service de la Pr\u00e9vention Sp\u00e9cialis\u00e9e.","twitter_card":"summary_large_image","twitter_misc":{"Dur\u00e9e de lecture estim\u00e9e":"2 minutes"},"schema":{"@context":"https:\/\/schema.org","@graph":[{"@type":"WebPage","@id":"https:\/\/apsn-prev.org\/index.php\/accessibilite-des-personnes-en-situation-de-handicap\/","url":"https:\/\/apsn-prev.org\/index.php\/accessibilite-des-personnes-en-situation-de-handicap\/","name":"Accessibilit\u00e9 des personnes en situation de handicap - Des id\u00e9es et des m\u00e9thodes au service de la Pr\u00e9vention Sp\u00e9cialis\u00e9e.","isPartOf":{"@id":"https:\/\/apsn-prev.org\/#website"},"datePublished":"2022-02-14T15:21:59+00:00","breadcrumb":{"@id":"https:\/\/apsn-prev.org\/index.php\/accessibilite-des-personnes-en-situation-de-handicap\/#breadcrumb"},"inLanguage":"fr-FR","potentialAction":[{"@type":"ReadAction","target":["https:\/\/apsn-prev.org\/index.php\/accessibilite-des-personnes-en-situation-de-handicap\/"]}]},{"@type":"BreadcrumbList","@id":"https:\/\/apsn-prev.org\/index.php\/accessibilite-des-personnes-en-situation-de-handicap\/#breadcrumb","itemListElement":[{"@type":"ListItem","position":1,"name":"Accueil","item":"https:\/\/apsn-prev.org\/"},{"@type":"ListItem","position":2,"name":"Accessibilit\u00e9 des personnes en situation de handicap"}]},{"@type":"WebSite","@id":"https:\/\/apsn-prev.org\/#website","url":"https:\/\/apsn-prev.org\/","name":"Des id\u00e9es et des m\u00e9thodes au service de la Pr\u00e9vention Sp\u00e9cialis\u00e9e.","description":"","publisher":{"@id":"https:\/\/apsn-prev.org\/#organization"},"potentialAction":[{"@type":"SearchAction","target":{"@type":"EntryPoint","urlTemplate":"https:\/\/apsn-prev.org\/?s={search_term_string}"},"query-input":{"@type":"PropertyValueSpecification","valueRequired":true,"valueName":"search_term_string"}}],"inLanguage":"fr-FR"},{"@type":"Organization","@id":"https:\/\/apsn-prev.org\/#organization","name":"Des id\u00e9es et des m\u00e9thodes au service de la Pr\u00e9vention Sp\u00e9cialis\u00e9e.","url":"https:\/\/apsn-prev.org\/","logo":{"@type":"ImageObject","inLanguage":"fr-FR","@id":"https:\/\/apsn-prev.org\/#\/schema\/logo\/image\/","url":"https:\/\/i0.wp.com\/apsn-prev.org\/wp-content\/uploads\/2023\/09\/cropped-LOG-SITE-3.png?fit=1179%2C297&ssl=1","contentUrl":"https:\/\/i0.wp.com\/apsn-prev.org\/wp-content\/uploads\/2023\/09\/cropped-LOG-SITE-3.png?fit=1179%2C297&ssl=1","width":1179,"height":297,"caption":"Des id\u00e9es et des m\u00e9thodes au service de la Pr\u00e9vention Sp\u00e9cialis\u00e9e."},"image":{"@id":"https:\/\/apsn-prev.org\/#\/schema\/logo\/image\/"}}]}},"jetpack_sharing_enabled":true,"_links":{"self":[{"href":"https:\/\/apsn-prev.org\/index.php\/wp-json\/wp\/v2\/pages\/1519","targetHints":{"allow":["GET"]}}],"collection":[{"href":"https:\/\/apsn-prev.org\/index.php\/wp-json\/wp\/v2\/pages"}],"about":[{"href":"https:\/\/apsn-prev.org\/index.php\/wp-json\/wp\/v2\/types\/page"}],"author":[{"embeddable":true,"href":"https:\/\/apsn-prev.org\/index.php\/wp-json\/wp\/v2\/users\/2"}],"replies":[{"embeddable":true,"href":"https:\/\/apsn-prev.org\/index.php\/wp-json\/wp\/v2\/comments?post=1519"}],"version-history":[{"count":0,"href":"https:\/\/apsn-prev.org\/index.php\/wp-json\/wp\/v2\/pages\/1519\/revisions"}],"wp:attachment":[{"href":"https:\/\/apsn-prev.org\/index.php\/wp-json\/wp\/v2\/media?parent=1519"}],"wp:term":[{"taxonomy":"post_tag","embeddable":true,"href":"https:\/\/apsn-prev.org\/index.php\/wp-json\/wp\/v2\/tags?post=1519"}],"curies":[{"name":"wp","href":"https:\/\/api.w.org\/{rel}","templated":true}]}}