{"id":15969,"date":"2025-03-18T11:57:36","date_gmt":"2025-03-18T10:57:36","guid":{"rendered":"https:\/\/apsn-prev.org\/?page_id=15969"},"modified":"2025-03-18T12:04:10","modified_gmt":"2025-03-18T11:04:10","slug":"les-ressources-de-nos-partenaires","status":"publish","type":"page","link":"https:\/\/apsn-prev.org\/index.php\/les-ressources-de-nos-partenaires\/","title":{"rendered":"Les ressources de nos partenaires"},"content":{"rendered":"\n<p><a href=\"https:\/\/dynamointernational.org\/ressources\/\"><strong>D\u00e9couvrir les ressources de Dynamo international<\/strong><\/a><\/p>\n\n\n\n<p><a href=\"https:\/\/www.attrueq.ca\/a-propos\/documentation\"><strong>D\u00e9couvrir les ressources de l&rsquo;ATTRUEQ<\/strong> (Association des Travailleuses et Travailleurs de rue du Qu\u00e9bec)<\/a><\/p>\n\n\n\n<p><a href=\"https:\/\/rocqtr.org\/les-documents-du-rocqtr\/\"><strong>D\u00e9couvrir les ressources du ROCQTR (<\/strong> Regroupement des organismes communautaires qu\u00e9b\u00e9cois pour le travail de rue)<\/a><\/p>\n\n\n\n<p><\/p>\n\n\n\n<p><\/p>\n","protected":false},"excerpt":{"rendered":"<p>D\u00e9couvrir les ressources de Dynamo international D\u00e9couvrir les ressources de l&rsquo;ATTRUEQ (Association des Travailleuses et Travailleurs de rue du Qu\u00e9bec) D\u00e9couvrir les ressources du ROCQTR ( Regroupement des organismes communautaires&hellip; <a href=\"https:\/\/apsn-prev.org\/index.php\/les-ressources-de-nos-partenaires\/\" class=\"more-link\">Lire la suite <span class=\"screen-reader-text\">Les ressources de nos partenaires<\/span><\/a><\/p>\n","protected":false},"author":1,"featured_media":0,"parent":0,"menu_order":0,"comment_status":"closed","ping_status":"closed","template":"","meta":{"footnotes":""},"tags":[],"class_list":["post-15969","page","type-page","status-publish","hentry","without-featured-image"],"yoast_head":"<!-- This site is optimized with the Yoast SEO plugin v27.4 - https:\/\/yoast.com\/product\/yoast-seo-wordpress\/ -->\n<title>Les ressources de nos partenaires - Des id\u00e9es et des m\u00e9thodes au service de la Pr\u00e9vention Sp\u00e9cialis\u00e9e.<\/title>\n<meta name=\"robots\" content=\"index, follow, max-snippet:-1, max-image-preview:large, max-video-preview:-1\" \/>\n<link rel=\"canonical\" href=\"https:\/\/apsn-prev.org\/index.php\/les-ressources-de-nos-partenaires\/\" \/>\n<meta property=\"og:locale\" content=\"fr_FR\" \/>\n<meta property=\"og:type\" content=\"article\" \/>\n<meta property=\"og:title\" content=\"Les ressources de nos partenaires - Des id\u00e9es et des m\u00e9thodes au service de la Pr\u00e9vention Sp\u00e9cialis\u00e9e.\" \/>\n<meta property=\"og:description\" content=\"D\u00e9couvrir les ressources de Dynamo international D\u00e9couvrir les ressources de l&rsquo;ATTRUEQ (Association des Travailleuses et Travailleurs de rue du Qu\u00e9bec) D\u00e9couvrir les ressources du ROCQTR ( Regroupement des organismes communautaires&hellip; Lire la suite Les ressources de nos partenaires\" \/>\n<meta property=\"og:url\" content=\"https:\/\/apsn-prev.org\/index.php\/les-ressources-de-nos-partenaires\/\" \/>\n<meta property=\"og:site_name\" content=\"Des id\u00e9es et des m\u00e9thodes au service de la Pr\u00e9vention Sp\u00e9cialis\u00e9e.\" \/>\n<meta property=\"article:modified_time\" content=\"2025-03-18T11:04:10+00:00\" \/>\n<meta name=\"twitter:card\" content=\"summary_large_image\" \/>\n<script type=\"application\/ld+json\" class=\"yoast-schema-graph\">{\"@context\":\"https:\\\/\\\/schema.org\",\"@graph\":[{\"@type\":\"WebPage\",\"@id\":\"https:\\\/\\\/apsn-prev.org\\\/index.php\\\/les-ressources-de-nos-partenaires\\\/\",\"url\":\"https:\\\/\\\/apsn-prev.org\\\/index.php\\\/les-ressources-de-nos-partenaires\\\/\",\"name\":\"Les ressources de nos partenaires - Des id\u00e9es et des m\u00e9thodes au service de la Pr\u00e9vention Sp\u00e9cialis\u00e9e.\",\"isPartOf\":{\"@id\":\"https:\\\/\\\/apsn-prev.org\\\/#website\"},\"datePublished\":\"2025-03-18T10:57:36+00:00\",\"dateModified\":\"2025-03-18T11:04:10+00:00\",\"breadcrumb\":{\"@id\":\"https:\\\/\\\/apsn-prev.org\\\/index.php\\\/les-ressources-de-nos-partenaires\\\/#breadcrumb\"},\"inLanguage\":\"fr-FR\",\"potentialAction\":[{\"@type\":\"ReadAction\",\"target\":[\"https:\\\/\\\/apsn-prev.org\\\/index.php\\\/les-ressources-de-nos-partenaires\\\/\"]}]},{\"@type\":\"BreadcrumbList\",\"@id\":\"https:\\\/\\\/apsn-prev.org\\\/index.php\\\/les-ressources-de-nos-partenaires\\\/#breadcrumb\",\"itemListElement\":[{\"@type\":\"ListItem\",\"position\":1,\"name\":\"Accueil\",\"item\":\"https:\\\/\\\/apsn-prev.org\\\/\"},{\"@type\":\"ListItem\",\"position\":2,\"name\":\"Les ressources de nos partenaires\"}]},{\"@type\":\"WebSite\",\"@id\":\"https:\\\/\\\/apsn-prev.org\\\/#website\",\"url\":\"https:\\\/\\\/apsn-prev.org\\\/\",\"name\":\"Des id\u00e9es et des m\u00e9thodes au service de la Pr\u00e9vention Sp\u00e9cialis\u00e9e.\",\"description\":\"\",\"publisher\":{\"@id\":\"https:\\\/\\\/apsn-prev.org\\\/#organization\"},\"potentialAction\":[{\"@type\":\"SearchAction\",\"target\":{\"@type\":\"EntryPoint\",\"urlTemplate\":\"https:\\\/\\\/apsn-prev.org\\\/?s={search_term_string}\"},\"query-input\":{\"@type\":\"PropertyValueSpecification\",\"valueRequired\":true,\"valueName\":\"search_term_string\"}}],\"inLanguage\":\"fr-FR\"},{\"@type\":\"Organization\",\"@id\":\"https:\\\/\\\/apsn-prev.org\\\/#organization\",\"name\":\"Des id\u00e9es et des m\u00e9thodes au service de la Pr\u00e9vention Sp\u00e9cialis\u00e9e.\",\"url\":\"https:\\\/\\\/apsn-prev.org\\\/\",\"logo\":{\"@type\":\"ImageObject\",\"inLanguage\":\"fr-FR\",\"@id\":\"https:\\\/\\\/apsn-prev.org\\\/#\\\/schema\\\/logo\\\/image\\\/\",\"url\":\"https:\\\/\\\/i0.wp.com\\\/apsn-prev.org\\\/wp-content\\\/uploads\\\/2023\\\/09\\\/cropped-LOG-SITE-3.png?fit=1179%2C297&ssl=1\",\"contentUrl\":\"https:\\\/\\\/i0.wp.com\\\/apsn-prev.org\\\/wp-content\\\/uploads\\\/2023\\\/09\\\/cropped-LOG-SITE-3.png?fit=1179%2C297&ssl=1\",\"width\":1179,\"height\":297,\"caption\":\"Des id\u00e9es et des m\u00e9thodes au service de la Pr\u00e9vention Sp\u00e9cialis\u00e9e.\"},\"image\":{\"@id\":\"https:\\\/\\\/apsn-prev.org\\\/#\\\/schema\\\/logo\\\/image\\\/\"}}]}<\/script>\n<!-- \/ Yoast SEO plugin. -->","yoast_head_json":{"title":"Les ressources de nos partenaires - Des id\u00e9es et des m\u00e9thodes au service de la Pr\u00e9vention Sp\u00e9cialis\u00e9e.","robots":{"index":"index","follow":"follow","max-snippet":"max-snippet:-1","max-image-preview":"max-image-preview:large","max-video-preview":"max-video-preview:-1"},"canonical":"https:\/\/apsn-prev.org\/index.php\/les-ressources-de-nos-partenaires\/","og_locale":"fr_FR","og_type":"article","og_title":"Les ressources de nos partenaires - Des id\u00e9es et des m\u00e9thodes au service de la Pr\u00e9vention Sp\u00e9cialis\u00e9e.","og_description":"D\u00e9couvrir les ressources de Dynamo international D\u00e9couvrir les ressources de l&rsquo;ATTRUEQ (Association des Travailleuses et Travailleurs de rue du Qu\u00e9bec) D\u00e9couvrir les ressources du ROCQTR ( Regroupement des organismes communautaires&hellip; Lire la suite Les ressources de nos partenaires","og_url":"https:\/\/apsn-prev.org\/index.php\/les-ressources-de-nos-partenaires\/","og_site_name":"Des id\u00e9es et des m\u00e9thodes au service de la Pr\u00e9vention Sp\u00e9cialis\u00e9e.","article_modified_time":"2025-03-18T11:04:10+00:00","twitter_card":"summary_large_image","schema":{"@context":"https:\/\/schema.org","@graph":[{"@type":"WebPage","@id":"https:\/\/apsn-prev.org\/index.php\/les-ressources-de-nos-partenaires\/","url":"https:\/\/apsn-prev.org\/index.php\/les-ressources-de-nos-partenaires\/","name":"Les ressources de nos partenaires - Des id\u00e9es et des m\u00e9thodes au service de la Pr\u00e9vention Sp\u00e9cialis\u00e9e.","isPartOf":{"@id":"https:\/\/apsn-prev.org\/#website"},"datePublished":"2025-03-18T10:57:36+00:00","dateModified":"2025-03-18T11:04:10+00:00","breadcrumb":{"@id":"https:\/\/apsn-prev.org\/index.php\/les-ressources-de-nos-partenaires\/#breadcrumb"},"inLanguage":"fr-FR","potentialAction":[{"@type":"ReadAction","target":["https:\/\/apsn-prev.org\/index.php\/les-ressources-de-nos-partenaires\/"]}]},{"@type":"BreadcrumbList","@id":"https:\/\/apsn-prev.org\/index.php\/les-ressources-de-nos-partenaires\/#breadcrumb","itemListElement":[{"@type":"ListItem","position":1,"name":"Accueil","item":"https:\/\/apsn-prev.org\/"},{"@type":"ListItem","position":2,"name":"Les ressources de nos partenaires"}]},{"@type":"WebSite","@id":"https:\/\/apsn-prev.org\/#website","url":"https:\/\/apsn-prev.org\/","name":"Des id\u00e9es et des m\u00e9thodes au service de la Pr\u00e9vention Sp\u00e9cialis\u00e9e.","description":"","publisher":{"@id":"https:\/\/apsn-prev.org\/#organization"},"potentialAction":[{"@type":"SearchAction","target":{"@type":"EntryPoint","urlTemplate":"https:\/\/apsn-prev.org\/?s={search_term_string}"},"query-input":{"@type":"PropertyValueSpecification","valueRequired":true,"valueName":"search_term_string"}}],"inLanguage":"fr-FR"},{"@type":"Organization","@id":"https:\/\/apsn-prev.org\/#organization","name":"Des id\u00e9es et des m\u00e9thodes au service de la Pr\u00e9vention Sp\u00e9cialis\u00e9e.","url":"https:\/\/apsn-prev.org\/","logo":{"@type":"ImageObject","inLanguage":"fr-FR","@id":"https:\/\/apsn-prev.org\/#\/schema\/logo\/image\/","url":"https:\/\/i0.wp.com\/apsn-prev.org\/wp-content\/uploads\/2023\/09\/cropped-LOG-SITE-3.png?fit=1179%2C297&ssl=1","contentUrl":"https:\/\/i0.wp.com\/apsn-prev.org\/wp-content\/uploads\/2023\/09\/cropped-LOG-SITE-3.png?fit=1179%2C297&ssl=1","width":1179,"height":297,"caption":"Des id\u00e9es et des m\u00e9thodes au service de la Pr\u00e9vention Sp\u00e9cialis\u00e9e."},"image":{"@id":"https:\/\/apsn-prev.org\/#\/schema\/logo\/image\/"}}]}},"jetpack_sharing_enabled":true,"_links":{"self":[{"href":"https:\/\/apsn-prev.org\/index.php\/wp-json\/wp\/v2\/pages\/15969","targetHints":{"allow":["GET"]}}],"collection":[{"href":"https:\/\/apsn-prev.org\/index.php\/wp-json\/wp\/v2\/pages"}],"about":[{"href":"https:\/\/apsn-prev.org\/index.php\/wp-json\/wp\/v2\/types\/page"}],"author":[{"embeddable":true,"href":"https:\/\/apsn-prev.org\/index.php\/wp-json\/wp\/v2\/users\/1"}],"replies":[{"embeddable":true,"href":"https:\/\/apsn-prev.org\/index.php\/wp-json\/wp\/v2\/comments?post=15969"}],"version-history":[{"count":2,"href":"https:\/\/apsn-prev.org\/index.php\/wp-json\/wp\/v2\/pages\/15969\/revisions"}],"predecessor-version":[{"id":15974,"href":"https:\/\/apsn-prev.org\/index.php\/wp-json\/wp\/v2\/pages\/15969\/revisions\/15974"}],"wp:attachment":[{"href":"https:\/\/apsn-prev.org\/index.php\/wp-json\/wp\/v2\/media?parent=15969"}],"wp:term":[{"taxonomy":"post_tag","embeddable":true,"href":"https:\/\/apsn-prev.org\/index.php\/wp-json\/wp\/v2\/tags?post=15969"}],"curies":[{"name":"wp","href":"https:\/\/api.w.org\/{rel}","templated":true}]}}