{"id":432,"date":"2021-11-02T15:36:52","date_gmt":"2021-11-02T14:36:52","guid":{"rendered":"https:\/\/apsnprev.wpcomstaging.com\/?page_id=432"},"modified":"2025-06-18T09:36:00","modified_gmt":"2025-06-18T07:36:00","slug":"statuts-bureau-conseil-administration","status":"publish","type":"page","link":"https:\/\/apsn-prev.org\/index.php\/statuts-bureau-conseil-administration\/","title":{"rendered":"Statuts"},"content":{"rendered":"\n<p>Fin 2019, <strong>les modalit\u00e9s<\/strong> <strong>d&rsquo;adh\u00e9sion \u00e0 l&rsquo;APSN<\/strong> ont \u00e9t\u00e9 modifi\u00e9es, permettant \u00e0 <em>\u00ab\u00a0tout organisme public ou priv\u00e9 g\u00e9rant une activit\u00e9 de Pr\u00e9vention Sp\u00e9cialis\u00e9e \u00e0 l&rsquo;\u00e9chelle du territoire national\u00a0\u00bb<\/em> d&rsquo;adh\u00e9rer \u00e0 l&rsquo;APSN. <\/p>\n\n\n\n<p id=\"consultez-nos-statuts-en-cliquant-sur-le-lien-suivant-statuts-de-l-apsn\">Consultez nos statuts en cliquant sur le lien suivant : <strong><a href=\"https:\/\/apsn-prev.org\/wp-content\/uploads\/2022\/03\/statuts-apsn-dates-et-signes-pt-vp.pdf\" target=\"_blank\" rel=\"noreferrer noopener\">Statuts de l&rsquo;APSN<\/a><\/strong><\/p>\n\n\n\n<p>Consultez notre r\u00e8glement int\u00e9rieur en cliquant sur le lien suivant : <strong><a href=\"https:\/\/apsn-prev.org\/wp-content\/uploads\/2022\/03\/reglement-interieur.pdf\" target=\"_blank\" rel=\"noreferrer noopener\">R\u00e8glement int\u00e9rieur<\/a><\/strong><\/p>\n\n\n\n<p id=\"pour-adherer-a-l-apsn-vous-pouvez-telecharger-le-bulletin-d-adhesion-ci-dessous\"><strong>\u21d2 Pour adh\u00e9rer \u00e0 l&rsquo;APSN vous pouvez t\u00e9l\u00e9charger le bulletin d&rsquo;adh\u00e9sion ci-dessous :<\/strong><\/p>\n\n\n\n<p id=\"bulletin-d-adhesion\"><strong><a href=\"https:\/\/apsn-prev.org\/index.php\/adherer-a-lapsn\/\" target=\"_blank\" rel=\"noreferrer noopener\">Bulletin d&rsquo;adh\u00e9sion<\/a><\/strong><\/p>\n\n\n\n<h2 class=\"wp-block-heading\" id=\"bureau-et-conseil-d-administration\">Bureau et Conseil d\u2019Administration<\/h2>\n\n\n\n<p>Le&nbsp;<strong>Conseil d\u2019Administration<\/strong>&nbsp;est compos\u00e9 :<\/p>\n\n\n\n<ul class=\"wp-block-list\">\n<li>de&nbsp;<strong>membres actifs<\/strong>&nbsp;: les personnes morales publiques ou priv\u00e9es gestionnaires d\u2019un service de Pr\u00e9vention Sp\u00e9cialis\u00e9e. Chaque membre actif d\u00e9signe pour la repr\u00e9senter un titulaire et un suppl\u00e9ant.<\/li>\n\n\n\n<li>de&nbsp;<strong>membres associ\u00e9s<\/strong>&nbsp;: personnes physiques qui, par leurs exp\u00e9riences, leurs qualifications, peuvent contribuer \u00e0 l\u2019objet de l\u2019association.<\/li>\n<\/ul>\n\n\n\n<p><strong>Le bureau<\/strong>&nbsp;se compose d\u2019administrateurs \u00e9lus par le Conseil d\u2019Administration \u00e0 la majorit\u00e9 des deux-tiers. Y comprend :<\/p>\n\n\n\n<ul class=\"wp-block-list\">\n<li>Le Pr\u00e9sident,<\/li>\n\n\n\n<li>Un Vice-pr\u00e9sident,<\/li>\n\n\n\n<li>Un secr\u00e9taire et un secr\u00e9taire-adjoint,<\/li>\n\n\n\n<li>Un tr\u00e9sorier et un tr\u00e9sorier-adjoint.<\/li>\n<\/ul>\n\n\n\n<p><strong>Le Pr\u00e9sident de l\u2019APSN est Monsieur David CAMBIER.<\/strong>&nbsp;Le Pr\u00e9sident convoque et pr\u00e9side les r\u00e9unions, les Assembl\u00e9es G\u00e9n\u00e9rales, les conseils d\u2019administration et bureaux de l\u2019association. Il repr\u00e9sente l\u2019association dans tous les actes de la vie civile, est investi de tous pouvoirs \u00e0 cet effet. Il peut explicitement d\u00e9l\u00e9guer certaines de ses attributions. Il a la qualit\u00e9 pour ester en justice au nom de l\u2019association.<\/p>\n\n\n\n<p><\/p>\n\n\n\n<p><\/p>\n\n\n\n<h2 class=\"wp-block-heading\" id=\"decouvrez-les-rapports-d-activite-de-l-apsn\"><strong>D\u00e9couvrez les rapports d&rsquo;activit\u00e9 de l&rsquo;APSN<\/strong><\/h2>\n\n\n\n<p><a href=\"https:\/\/apsn-prev.org\/wp-content\/uploads\/2025\/06\/RAPPORT-ACTIVITE-2024.pdf\">Rapport d&rsquo;activit\u00e9 2024<\/a><\/p>\n\n\n\n<p><a href=\"https:\/\/apsn-prev.org\/wp-content\/uploads\/2024\/06\/Rapport-dactivite-2023.pdf\">Rapport d&rsquo;activit\u00e9 2023<\/a><\/p>\n\n\n\n<p><a href=\"https:\/\/apsn-prev.org\/wp-content\/uploads\/2023\/06\/RAPPORT-ACTIVITE.pdf\" target=\"_blank\" rel=\"noreferrer noopener\">Rapport d&rsquo;activit\u00e9 2022<\/a><\/p>\n\n\n\n<p><a href=\"https:\/\/apsn-prev.org\/wp-content\/uploads\/2022\/06\/Rapport-activite-2021-derniere-version.pdf\" target=\"_blank\" rel=\"noreferrer noopener\">Rapport d&rsquo;activit\u00e9 2021<\/a><\/p>\n\n\n\n<p><a href=\"https:\/\/apsn-prev.org\/wp-content\/uploads\/2022\/03\/apsn-rapport-dactivite-2020.pdf\" target=\"_blank\" rel=\"noreferrer noopener\">Rapport d\u2019activit\u00e9 <\/a><a href=\"https:\/\/apsn-prev.org\/wp-content\/uploads\/2022\/03\/apsn-rapport-dactivite-2020.pdf\">2020<\/a><\/p>\n\n\n\n<p><a href=\"https:\/\/apsn-prev.org\/wp-content\/uploads\/2022\/03\/apsn-rapport-dactivites-2019.pdf\" target=\"_blank\" rel=\"noreferrer noopener\">Rapport d&rsquo;activit\u00e9 2019<\/a><\/p>\n\n\n\n<p><a href=\"https:\/\/apsn-prev.org\/wp-content\/uploads\/2022\/03\/rapport-dactivites-apsn-2018.pdf\" target=\"_blank\" rel=\"noreferrer noopener\">Rapport d&rsquo;activit\u00e9 2018<\/a><\/p>\n\n\n\n<p><a href=\"https:\/\/apsn-prev.org\/wp-content\/uploads\/2022\/03\/rapport-dactivites-2017.pdf\" target=\"_blank\" rel=\"noreferrer noopener\">Rapport d&rsquo;activit\u00e9 2017<\/a><\/p>\n\n\n\n<p><a href=\"https:\/\/apsn-prev.org\/wp-content\/uploads\/2022\/03\/rapport-dactivites-apsn-2016.pdf\" target=\"_blank\" rel=\"noreferrer noopener\">Rapport d&rsquo;activit\u00e9 2016<\/a><\/p>\n\n\n\n<p><a href=\"https:\/\/apsn-prev.org\/wp-content\/uploads\/2022\/03\/rapport-dactivites-2015-final-page-par-page.pdf\" target=\"_blank\" rel=\"noreferrer noopener\">Rapport d&rsquo;activit\u00e9 2015<\/a><\/p>\n\n\n\n<p><\/p>\n","protected":false},"excerpt":{"rendered":"<p>Fin 2019, les modalit\u00e9s d&rsquo;adh\u00e9sion \u00e0 l&rsquo;APSN ont \u00e9t\u00e9 modifi\u00e9es, permettant \u00e0 \u00ab\u00a0tout organisme public ou priv\u00e9 g\u00e9rant une activit\u00e9 de Pr\u00e9vention Sp\u00e9cialis\u00e9e \u00e0 l&rsquo;\u00e9chelle du territoire national\u00a0\u00bb d&rsquo;adh\u00e9rer \u00e0&hellip; <a href=\"https:\/\/apsn-prev.org\/index.php\/statuts-bureau-conseil-administration\/\" class=\"more-link\">Lire la suite <span class=\"screen-reader-text\">Statuts<\/span><\/a><\/p>\n","protected":false},"author":2,"featured_media":0,"parent":0,"menu_order":0,"comment_status":"closed","ping_status":"closed","template":"","meta":{"footnotes":""},"tags":[],"class_list":["post-432","page","type-page","status-publish","hentry","without-featured-image"],"yoast_head":"<!-- This site is optimized with the Yoast SEO plugin v27.4 - https:\/\/yoast.com\/product\/yoast-seo-wordpress\/ -->\n<title>Statuts - Des id\u00e9es et des m\u00e9thodes au service de la Pr\u00e9vention Sp\u00e9cialis\u00e9e.<\/title>\n<meta name=\"robots\" content=\"index, follow, max-snippet:-1, max-image-preview:large, max-video-preview:-1\" \/>\n<link rel=\"canonical\" href=\"https:\/\/apsn-prev.org\/index.php\/statuts-bureau-conseil-administration\/\" \/>\n<meta property=\"og:locale\" content=\"fr_FR\" \/>\n<meta property=\"og:type\" content=\"article\" \/>\n<meta property=\"og:title\" content=\"Statuts - Des id\u00e9es et des m\u00e9thodes au service de la Pr\u00e9vention Sp\u00e9cialis\u00e9e.\" \/>\n<meta property=\"og:description\" content=\"Fin 2019, les modalit\u00e9s d&rsquo;adh\u00e9sion \u00e0 l&rsquo;APSN ont \u00e9t\u00e9 modifi\u00e9es, permettant \u00e0 \u00ab\u00a0tout organisme public ou priv\u00e9 g\u00e9rant une activit\u00e9 de Pr\u00e9vention Sp\u00e9cialis\u00e9e \u00e0 l&rsquo;\u00e9chelle du territoire national\u00a0\u00bb d&rsquo;adh\u00e9rer \u00e0&hellip; Lire la suite Statuts\" \/>\n<meta property=\"og:url\" content=\"https:\/\/apsn-prev.org\/index.php\/statuts-bureau-conseil-administration\/\" \/>\n<meta property=\"og:site_name\" content=\"Des id\u00e9es et des m\u00e9thodes au service de la Pr\u00e9vention Sp\u00e9cialis\u00e9e.\" \/>\n<meta property=\"article:modified_time\" content=\"2025-06-18T07:36:00+00:00\" \/>\n<meta name=\"twitter:card\" content=\"summary_large_image\" \/>\n<meta name=\"twitter:label1\" content=\"Dur\u00e9e de lecture estim\u00e9e\" \/>\n\t<meta name=\"twitter:data1\" content=\"1 minute\" \/>\n<script type=\"application\/ld+json\" class=\"yoast-schema-graph\">{\"@context\":\"https:\\\/\\\/schema.org\",\"@graph\":[{\"@type\":\"WebPage\",\"@id\":\"https:\\\/\\\/apsn-prev.org\\\/index.php\\\/statuts-bureau-conseil-administration\\\/\",\"url\":\"https:\\\/\\\/apsn-prev.org\\\/index.php\\\/statuts-bureau-conseil-administration\\\/\",\"name\":\"Statuts - Des id\u00e9es et des m\u00e9thodes au service de la Pr\u00e9vention Sp\u00e9cialis\u00e9e.\",\"isPartOf\":{\"@id\":\"https:\\\/\\\/apsn-prev.org\\\/#website\"},\"datePublished\":\"2021-11-02T14:36:52+00:00\",\"dateModified\":\"2025-06-18T07:36:00+00:00\",\"breadcrumb\":{\"@id\":\"https:\\\/\\\/apsn-prev.org\\\/index.php\\\/statuts-bureau-conseil-administration\\\/#breadcrumb\"},\"inLanguage\":\"fr-FR\",\"potentialAction\":[{\"@type\":\"ReadAction\",\"target\":[\"https:\\\/\\\/apsn-prev.org\\\/index.php\\\/statuts-bureau-conseil-administration\\\/\"]}]},{\"@type\":\"BreadcrumbList\",\"@id\":\"https:\\\/\\\/apsn-prev.org\\\/index.php\\\/statuts-bureau-conseil-administration\\\/#breadcrumb\",\"itemListElement\":[{\"@type\":\"ListItem\",\"position\":1,\"name\":\"Accueil\",\"item\":\"https:\\\/\\\/apsn-prev.org\\\/\"},{\"@type\":\"ListItem\",\"position\":2,\"name\":\"Statuts\"}]},{\"@type\":\"WebSite\",\"@id\":\"https:\\\/\\\/apsn-prev.org\\\/#website\",\"url\":\"https:\\\/\\\/apsn-prev.org\\\/\",\"name\":\"Des id\u00e9es et des m\u00e9thodes au service de la Pr\u00e9vention Sp\u00e9cialis\u00e9e.\",\"description\":\"\",\"publisher\":{\"@id\":\"https:\\\/\\\/apsn-prev.org\\\/#organization\"},\"potentialAction\":[{\"@type\":\"SearchAction\",\"target\":{\"@type\":\"EntryPoint\",\"urlTemplate\":\"https:\\\/\\\/apsn-prev.org\\\/?s={search_term_string}\"},\"query-input\":{\"@type\":\"PropertyValueSpecification\",\"valueRequired\":true,\"valueName\":\"search_term_string\"}}],\"inLanguage\":\"fr-FR\"},{\"@type\":\"Organization\",\"@id\":\"https:\\\/\\\/apsn-prev.org\\\/#organization\",\"name\":\"Des id\u00e9es et des m\u00e9thodes au service de la Pr\u00e9vention Sp\u00e9cialis\u00e9e.\",\"url\":\"https:\\\/\\\/apsn-prev.org\\\/\",\"logo\":{\"@type\":\"ImageObject\",\"inLanguage\":\"fr-FR\",\"@id\":\"https:\\\/\\\/apsn-prev.org\\\/#\\\/schema\\\/logo\\\/image\\\/\",\"url\":\"https:\\\/\\\/i0.wp.com\\\/apsn-prev.org\\\/wp-content\\\/uploads\\\/2023\\\/09\\\/cropped-LOG-SITE-3.png?fit=1179%2C297&ssl=1\",\"contentUrl\":\"https:\\\/\\\/i0.wp.com\\\/apsn-prev.org\\\/wp-content\\\/uploads\\\/2023\\\/09\\\/cropped-LOG-SITE-3.png?fit=1179%2C297&ssl=1\",\"width\":1179,\"height\":297,\"caption\":\"Des id\u00e9es et des m\u00e9thodes au service de la Pr\u00e9vention Sp\u00e9cialis\u00e9e.\"},\"image\":{\"@id\":\"https:\\\/\\\/apsn-prev.org\\\/#\\\/schema\\\/logo\\\/image\\\/\"}}]}<\/script>\n<!-- \/ Yoast SEO plugin. -->","yoast_head_json":{"title":"Statuts - Des id\u00e9es et des m\u00e9thodes au service de la Pr\u00e9vention Sp\u00e9cialis\u00e9e.","robots":{"index":"index","follow":"follow","max-snippet":"max-snippet:-1","max-image-preview":"max-image-preview:large","max-video-preview":"max-video-preview:-1"},"canonical":"https:\/\/apsn-prev.org\/index.php\/statuts-bureau-conseil-administration\/","og_locale":"fr_FR","og_type":"article","og_title":"Statuts - Des id\u00e9es et des m\u00e9thodes au service de la Pr\u00e9vention Sp\u00e9cialis\u00e9e.","og_description":"Fin 2019, les modalit\u00e9s d&rsquo;adh\u00e9sion \u00e0 l&rsquo;APSN ont \u00e9t\u00e9 modifi\u00e9es, permettant \u00e0 \u00ab\u00a0tout organisme public ou priv\u00e9 g\u00e9rant une activit\u00e9 de Pr\u00e9vention Sp\u00e9cialis\u00e9e \u00e0 l&rsquo;\u00e9chelle du territoire national\u00a0\u00bb d&rsquo;adh\u00e9rer \u00e0&hellip; Lire la suite Statuts","og_url":"https:\/\/apsn-prev.org\/index.php\/statuts-bureau-conseil-administration\/","og_site_name":"Des id\u00e9es et des m\u00e9thodes au service de la Pr\u00e9vention Sp\u00e9cialis\u00e9e.","article_modified_time":"2025-06-18T07:36:00+00:00","twitter_card":"summary_large_image","twitter_misc":{"Dur\u00e9e de lecture estim\u00e9e":"1 minute"},"schema":{"@context":"https:\/\/schema.org","@graph":[{"@type":"WebPage","@id":"https:\/\/apsn-prev.org\/index.php\/statuts-bureau-conseil-administration\/","url":"https:\/\/apsn-prev.org\/index.php\/statuts-bureau-conseil-administration\/","name":"Statuts - Des id\u00e9es et des m\u00e9thodes au service de la Pr\u00e9vention Sp\u00e9cialis\u00e9e.","isPartOf":{"@id":"https:\/\/apsn-prev.org\/#website"},"datePublished":"2021-11-02T14:36:52+00:00","dateModified":"2025-06-18T07:36:00+00:00","breadcrumb":{"@id":"https:\/\/apsn-prev.org\/index.php\/statuts-bureau-conseil-administration\/#breadcrumb"},"inLanguage":"fr-FR","potentialAction":[{"@type":"ReadAction","target":["https:\/\/apsn-prev.org\/index.php\/statuts-bureau-conseil-administration\/"]}]},{"@type":"BreadcrumbList","@id":"https:\/\/apsn-prev.org\/index.php\/statuts-bureau-conseil-administration\/#breadcrumb","itemListElement":[{"@type":"ListItem","position":1,"name":"Accueil","item":"https:\/\/apsn-prev.org\/"},{"@type":"ListItem","position":2,"name":"Statuts"}]},{"@type":"WebSite","@id":"https:\/\/apsn-prev.org\/#website","url":"https:\/\/apsn-prev.org\/","name":"Des id\u00e9es et des m\u00e9thodes au service de la Pr\u00e9vention Sp\u00e9cialis\u00e9e.","description":"","publisher":{"@id":"https:\/\/apsn-prev.org\/#organization"},"potentialAction":[{"@type":"SearchAction","target":{"@type":"EntryPoint","urlTemplate":"https:\/\/apsn-prev.org\/?s={search_term_string}"},"query-input":{"@type":"PropertyValueSpecification","valueRequired":true,"valueName":"search_term_string"}}],"inLanguage":"fr-FR"},{"@type":"Organization","@id":"https:\/\/apsn-prev.org\/#organization","name":"Des id\u00e9es et des m\u00e9thodes au service de la Pr\u00e9vention Sp\u00e9cialis\u00e9e.","url":"https:\/\/apsn-prev.org\/","logo":{"@type":"ImageObject","inLanguage":"fr-FR","@id":"https:\/\/apsn-prev.org\/#\/schema\/logo\/image\/","url":"https:\/\/i0.wp.com\/apsn-prev.org\/wp-content\/uploads\/2023\/09\/cropped-LOG-SITE-3.png?fit=1179%2C297&ssl=1","contentUrl":"https:\/\/i0.wp.com\/apsn-prev.org\/wp-content\/uploads\/2023\/09\/cropped-LOG-SITE-3.png?fit=1179%2C297&ssl=1","width":1179,"height":297,"caption":"Des id\u00e9es et des m\u00e9thodes au service de la Pr\u00e9vention Sp\u00e9cialis\u00e9e."},"image":{"@id":"https:\/\/apsn-prev.org\/#\/schema\/logo\/image\/"}}]}},"jetpack_sharing_enabled":true,"_links":{"self":[{"href":"https:\/\/apsn-prev.org\/index.php\/wp-json\/wp\/v2\/pages\/432","targetHints":{"allow":["GET"]}}],"collection":[{"href":"https:\/\/apsn-prev.org\/index.php\/wp-json\/wp\/v2\/pages"}],"about":[{"href":"https:\/\/apsn-prev.org\/index.php\/wp-json\/wp\/v2\/types\/page"}],"author":[{"embeddable":true,"href":"https:\/\/apsn-prev.org\/index.php\/wp-json\/wp\/v2\/users\/2"}],"replies":[{"embeddable":true,"href":"https:\/\/apsn-prev.org\/index.php\/wp-json\/wp\/v2\/comments?post=432"}],"version-history":[{"count":11,"href":"https:\/\/apsn-prev.org\/index.php\/wp-json\/wp\/v2\/pages\/432\/revisions"}],"predecessor-version":[{"id":17205,"href":"https:\/\/apsn-prev.org\/index.php\/wp-json\/wp\/v2\/pages\/432\/revisions\/17205"}],"wp:attachment":[{"href":"https:\/\/apsn-prev.org\/index.php\/wp-json\/wp\/v2\/media?parent=432"}],"wp:term":[{"taxonomy":"post_tag","embeddable":true,"href":"https:\/\/apsn-prev.org\/index.php\/wp-json\/wp\/v2\/tags?post=432"}],"curies":[{"name":"wp","href":"https:\/\/api.w.org\/{rel}","templated":true}]}}