{"id":446,"date":"2021-11-02T15:55:16","date_gmt":"2021-11-02T14:55:16","guid":{"rendered":"https:\/\/apsnprev.wpcomstaging.com\/?page_id=446"},"modified":"2024-09-25T14:03:30","modified_gmt":"2024-09-25T12:03:30","slug":"lequipe","status":"publish","type":"page","link":"https:\/\/apsn-prev.org\/index.php\/lequipe\/","title":{"rendered":"L&rsquo;\u00e9quipe"},"content":{"rendered":"\n<p class=\"has-text-align-left\">La composition de l&rsquo;\u00e9quipe est volontairement pluridisciplinaire dans une volont\u00e9 de mutualiser les comp\u00e9tences. Les salari\u00e9s de l&rsquo;APSN disposent de solides formations initiales et continues dans les sciences humaines et sociales associ\u00e9es \u00e0 des exp\u00e9riences professionnelles ant\u00e9rieures de travail social, d\u2019\u00e9ducation et de formation.<\/p>\n\n\n\n<figure data-wp-context=\"{&quot;imageId&quot;:&quot;69e08035953dc&quot;}\" data-wp-interactive=\"core\/image\" data-wp-key=\"69e08035953dc\" class=\"wp-block-image size-large wp-lightbox-container\"><img data-recalc-dims=\"1\" loading=\"lazy\" decoding=\"async\" width=\"825\" height=\"473\" data-wp-class--hide=\"state.isContentHidden\" data-wp-class--show=\"state.isContentVisible\" data-wp-init=\"callbacks.setButtonStyles\" data-wp-on--click=\"actions.showLightbox\" data-wp-on--load=\"callbacks.setButtonStyles\" data-wp-on-window--resize=\"callbacks.setButtonStyles\" src=\"https:\/\/i0.wp.com\/apsn-prev.org\/wp-content\/uploads\/2024\/03\/competences-mutualisees-2.png?resize=825%2C473&#038;ssl=1\" alt=\"\" class=\"wp-image-12904\" srcset=\"https:\/\/i0.wp.com\/apsn-prev.org\/wp-content\/uploads\/2024\/03\/competences-mutualisees-2.png?resize=1024%2C587&amp;ssl=1 1024w, https:\/\/i0.wp.com\/apsn-prev.org\/wp-content\/uploads\/2024\/03\/competences-mutualisees-2.png?resize=300%2C172&amp;ssl=1 300w, https:\/\/i0.wp.com\/apsn-prev.org\/wp-content\/uploads\/2024\/03\/competences-mutualisees-2.png?resize=768%2C440&amp;ssl=1 768w, https:\/\/i0.wp.com\/apsn-prev.org\/wp-content\/uploads\/2024\/03\/competences-mutualisees-2.png?w=1090&amp;ssl=1 1090w\" sizes=\"auto, (max-width: 825px) 100vw, 825px\" \/><button\n\t\t\tclass=\"lightbox-trigger\"\n\t\t\ttype=\"button\"\n\t\t\taria-haspopup=\"dialog\"\n\t\t\taria-label=\"Agrandir\"\n\t\t\tdata-wp-init=\"callbacks.initTriggerButton\"\n\t\t\tdata-wp-on--click=\"actions.showLightbox\"\n\t\t\tdata-wp-style--right=\"state.imageButtonRight\"\n\t\t\tdata-wp-style--top=\"state.imageButtonTop\"\n\t\t>\n\t\t\t<svg xmlns=\"http:\/\/www.w3.org\/2000\/svg\" width=\"12\" height=\"12\" fill=\"none\" viewBox=\"0 0 12 12\">\n\t\t\t\t<path fill=\"#fff\" d=\"M2 0a2 2 0 0 0-2 2v2h1.5V2a.5.5 0 0 1 .5-.5h2V0H2Zm2 10.5H2a.5.5 0 0 1-.5-.5V8H0v2a2 2 0 0 0 2 2h2v-1.5ZM8 12v-1.5h2a.5.5 0 0 0 .5-.5V8H12v2a2 2 0 0 1-2 2H8Zm2-12a2 2 0 0 1 2 2v2h-1.5V2a.5.5 0 0 0-.5-.5H8V0h2Z\" \/>\n\t\t\t<\/svg>\n\t\t<\/button><\/figure>\n\n\n\n<p><\/p>\n\n\n\n<p><strong>Le parcours de membres de l&rsquo;\u00e9quipe<\/strong><\/p>\n\n\n\n<h4 class=\"wp-block-heading has-text-align-left\" id=\"marie-pierre-cauwet-directrice\"><strong>Johnny HERBIN, Directeur, Pr\u00e9sident et Coordinateur de Dynamo FRANCE<\/strong><\/h4>\n\n\n\n<p class=\"has-text-align-justify\">Actuellement directeur de l&rsquo;APSN et auparavant Formateur-Consultant de 2019 \u00e0 2023, il a pu d\u00e9velopper des comp\u00e9tences en ing\u00e9nierie de formation, en accompagnement de projets.                                        Depuis 2021, il a d\u00e9velopp\u00e9 l&rsquo;activit\u00e9 sur le versant de la supervision et de l&rsquo;analyse des pratiques aupr\u00e8s des clubs de Pr\u00e9vention Sp\u00e9cialis\u00e9e, de la Protection de l&rsquo;Enfance et de la Protection Judiciaire de la Jeunesse.Ses exp\u00e9riences dans l\u2019Action sociale, sa fonction \u00e9ducative, puis de cadre de direction et de responsable d\u2019un r\u00e9seau des pratiques alternatives en protection de l\u2019enfance, lui ont permis d\u2019acqu\u00e9rir des comp\u00e9tences dans divers domaines.                                                                                                S\u2019appuyant sur la conceptualisation des savoirs exp\u00e9rientiels, il a travaill\u00e9 sur les \u00e9volutions des pratiques en lien avec les orientations des politiques sociales, les dynamiques d\u2019\u00e9quipes, les projets et leur \u00e9valuation.<\/p>\n\n\n\n<h4 class=\"wp-block-heading\" id=\"djamila-aouni-cadre-administrative-de-l-apsn-administratrice-de-la-base-de-donnees-commune\"><strong>Djamila AOUNI, Cadre administrative et financi\u00e8re de l&rsquo;APSN, Administratrice de la Base de Donn\u00e9es Commune<\/strong><\/h4>\n\n\n\n<p>En 2011, Djamila AOUNI a occup\u00e9 un poste de secr\u00e9taire au sein de l\u2018APSN puis a ensuite poursuivi des \u00e9tudes sup\u00e9rieures par le biais de l\u2019alternance et obtenu le BTS Comptabilit\u00e9 et gestion des organisations en juillet 2014.                                                                                                                                             Depuis 2021, elle occupe le poste de cadre administrative et financi\u00e8re au sein de l\u2019APSN. En parall\u00e8le, elle fait fonction d\u2019administratrice d\u2019une base donn\u00e9es commune \u00e0 l\u2019ensemble des clubs de pr\u00e9vention sp\u00e9cialis\u00e9e adh\u00e9rents \u00e0 l\u2019APSN.                                                                                                                     Cette fonction regroupe le travail statistique, la coordination, l\u2019accompagnement, la formation \u00e0 l\u2019outil et la r\u00e9alisation de rapports.                                                                                                                                 Au-del\u00e0 des missions administratives et comptables, ses comp\u00e9tences acquises \u00e0 l\u2019APSN lui permettent d\u2019intervenir en tant que fonction support aupr\u00e8s de la direction et de l\u2019\u00e9quipe compos\u00e9e de formateurs-consultants.<\/p>\n\n\n\n<h4 class=\"wp-block-heading\"><strong>Nicolas MARC, Formateur-consultant<\/strong><\/h4>\n\n\n\n<p>Titulaire d\u2019un Master Ing\u00e9nierie et Conseil en Formation des Adultes et d\u2019un Dipl\u00f4me d\u2019Etat d\u2019Educateur Sp\u00e9cialis\u00e9, Nicolas MARC a d\u2019abord \u00e9t\u00e9 \u00e9ducateur en pr\u00e9vention sp\u00e9cialis\u00e9e durant pr\u00e8s de 10 ans.        Cette exp\u00e9rience lui conf\u00e8re une connaissance des pratiques \u00e9ducatives et de la culture professionnelle de ce secteur de l\u2019\u00e9ducation sp\u00e9cialis\u00e9e. Il a ensuite poursuivi son parcours professionnel au sein des Scouts et Guides de France o\u00f9 il a pu d\u00e9velopper des comp\u00e9tences en mati\u00e8re de formation et de conseil aupr\u00e8s de responsables b\u00e9n\u00e9voles, de contribution au d\u00e9veloppement associatif, mais aussi des connaissances solides sur les enjeux des mouvements d\u2019\u00e9ducation populaire.                                                 Au sein de l\u2019APSN il intervient plus sp\u00e9cifiquement sur les actions de formation des professionnels.<\/p>\n\n\n\n<h4 class=\"wp-block-heading\" id=\"nicolas-verhaeghe-formateur-consultant\"><strong>Pape NIANG, Charg\u00e9 de recherche<\/strong><\/h4>\n\n\n\n<p class=\"has-text-align-justify\">Titulaire d\u2019un doctorat de sociologie, sp\u00e9cialiste des questions socio-\u00e9ducatives li\u00e9es \u00e0 la vuln\u00e9rabilit\u00e9 et aux violences, il dispose de 10 ann\u00e9es d\u2019exp\u00e9rience en qualit\u00e9 d\u2019enseignant-chercheur et de consultance&nbsp;: champs de l\u2019enfance des rues, des radicalit\u00e9s et de la radicalisation violente, et de l\u2019\u00e9valuation des politiques publiques.&nbsp;&nbsp;                                                                                                                                           Il a aussi plusieurs exp\u00e9riences en tant que charg\u00e9 d\u2019\u00e9tude (r\u00e9alisation de diagnostics, accompagnement de projets\u2026), \u00e9ducateur de pr\u00e9vention et intervenant socio-judiciaire&nbsp;: champs des probl\u00e9matiques urbaines, des addictions, de la citoyennet\u00e9 et de l\u2019usage des produits stup\u00e9fiants.                                        Au sein de l\u2019APSN depuis d\u00e9cembre 2022 il s\u2019occupe principalement du volet&nbsp; production et recherche scientifique du centre de ressources&nbsp;: a r\u00e9alis\u00e9 des diagnostics territoriaux pour le compte de collectivit\u00e9s, particip\u00e9 et donn\u00e9 des conf\u00e9rences , accompagne et r\u00e9alise des recherches-actions, des d\u00e9marches&nbsp; de&nbsp; valorisation de la Pr\u00e9vention Sp\u00e9cialis\u00e9e&nbsp;avec les associations .&nbsp;<\/p>\n\n\n\n<h4 class=\"wp-block-heading\" id=\"nicolas-verhaeghe-formateur-consultant\"><strong>Sarah RENOUARD, formatrice-consultante<\/strong><\/h4>\n\n\n\n<p>Apr\u00e8s des \u00e9tudes en sciences sociales et urbanisme, Sarah RENOUARD a travaill\u00e9 quelques temps au sein du Conseil R\u00e9gional et au sein d\u2019un cabinet d\u2019accompagnement des politiques publiques.                        Son poste de cheffe de projet et de coordination \u00e9ducative au sein d&rsquo;une Maison d\u2019enfants \u00e0 caract\u00e8re social lui a permis de d\u00e9velopper des comp\u00e9tences en termes de partenariat, animation de r\u00e9seau, montage \/ coordination de projet, et accompagnement \u00e9ducatif.                                                                    Au sein de l\u2019APSN, elle intervient particuli\u00e8rement sur des actions d\u2019accompagnement et de formation aupr\u00e8s des professionnels, et notamment pour les professionnels ayant une fonction d\u2019ALSES dans le D\u00e9partement du Nord.<\/p>\n\n\n\n<h4 class=\"wp-block-heading\" id=\"nicolas-verhaeghe-formateur-consultant\"><strong>Nicolas VERHAEGHE, formateur-consultant<\/strong><\/h4>\n\n\n\n<p class=\"has-text-align-left\">Titulaire d\u2019un Master Action Publique Locale \u00e0 l\u2019Universit\u00e9 de Lille, Nicolas VERHAEGHE rejoint l\u2019APSN en 2017, apr\u00e8s avoir accompagn\u00e9 comme consultant, des collectivit\u00e9s ou des associations dans la conception, le pilotage et l\u2019\u00e9valuation de leurs projets complexes.                                                         Comme formateur-consultant, il travaille notamment sur les d\u00e9marches de projets innovants et territoriaux. Il s\u2019attache \u00e0 privil\u00e9gier les dynamiques de mobilisation citoyenne et d&rsquo;intelligence collective, pour r\u00e9pondre aux besoins des structures, des \u00e9quipes et des habitants.                                                           Il a particip\u00e9 \u00e0 l\u2019\u00e9laboration du Livre Blanc de l\u2019exp\u00e9rimentation \u00ab&nbsp;Arts Cultures et Pr\u00e9vention&nbsp;\u00bb, puis a \u00e9t\u00e9 en charge de la coordination du projet \u00ab&nbsp;Arts, Culture et Protection de l\u2019Enfance&nbsp;\u00bb (2020 \u00e0 2023).<\/p>\n\n\n\n<p class=\"has-text-align-justify\"><\/p>\n\n\n\n<h4 class=\"wp-block-heading has-text-align-left\" id=\"marie-pierre-cauwet-directrice\"><strong>Marie-Pierre CAUWET, Formatrice-consultante associ\u00e9e<\/strong><\/h4>\n\n\n\n<p class=\"has-text-align-justify\">Elle a d\u00e9marr\u00e9 sa carri\u00e8re professionnelle en Pr\u00e9vention Sp\u00e9cialis\u00e9e. Elle a exerc\u00e9 une fonction de formatrice dans une \u00e9cole de formation d\u2019\u00e9ducateurs sp\u00e9cialis\u00e9s.                                                              Elle a occup\u00e9 la fonction de Directrice R\u00e9gionale Adjointe \u00e0 l\u2019Acs\u00e9 (Agence pour la Coh\u00e9sion Sociale et l\u2019\u00c9galit\u00e9) sur la mission de pr\u00e9vention et de lutte contre les discriminations dans la r\u00e9gion Nord-Pas-de-Calais.                                                                                                                                                            Elle a ensuite pris une responsabilit\u00e9 de formations des cadres de la PJJ (Protection Judiciaire de la Jeunesse). Elle a \u00e9galement exerc\u00e9 une fonction de formatrice-consultante au sein de l\u2019IFAR (Intervention Formation Action Recherche) et ensuite occup\u00e9e le poste de directrice de l&rsquo;APSN de 2017 \u00e0 d\u00e9cembre 2023.<\/p>\n\n\n\n<div class=\"wp-block-buttons has-custom-font-size has-medium-font-size is-content-justification-center is-layout-flex wp-container-core-buttons-is-layout-16018d1d wp-block-buttons-is-layout-flex\">\n<div class=\"wp-block-button has-custom-width wp-block-button__width-50\"><a class=\"wp-block-button__link has-background has-text-align-center wp-element-button\" href=\"https:\/\/apsn-prev.org\/wp-content\/uploads\/2024\/04\/APSN-Projet-de-service-2024-2029.pdf\" style=\"background-color:#403482\"><strong>T\u00e9l\u00e9charger le projet de service 2024-2029<\/strong><\/a><\/div>\n<\/div>\n","protected":false},"excerpt":{"rendered":"<p>La composition de l&rsquo;\u00e9quipe est volontairement pluridisciplinaire dans une volont\u00e9 de mutualiser les comp\u00e9tences. Les salari\u00e9s de l&rsquo;APSN disposent de solides formations initiales et continues dans les sciences humaines et&hellip; <a href=\"https:\/\/apsn-prev.org\/index.php\/lequipe\/\" class=\"more-link\">Lire la suite <span class=\"screen-reader-text\">L&rsquo;\u00e9quipe<\/span><\/a><\/p>\n","protected":false},"author":2,"featured_media":0,"parent":0,"menu_order":0,"comment_status":"closed","ping_status":"closed","template":"","meta":{"footnotes":""},"tags":[],"class_list":["post-446","page","type-page","status-publish","hentry","without-featured-image"],"yoast_head":"<!-- This site is optimized with the Yoast SEO plugin v27.4 - https:\/\/yoast.com\/product\/yoast-seo-wordpress\/ -->\n<title>L&#039;\u00e9quipe - Des id\u00e9es et des m\u00e9thodes au service de la Pr\u00e9vention Sp\u00e9cialis\u00e9e.<\/title>\n<meta name=\"robots\" content=\"index, follow, max-snippet:-1, max-image-preview:large, max-video-preview:-1\" \/>\n<link rel=\"canonical\" href=\"https:\/\/apsn-prev.org\/index.php\/lequipe\/\" \/>\n<meta property=\"og:locale\" content=\"fr_FR\" \/>\n<meta property=\"og:type\" content=\"article\" \/>\n<meta property=\"og:title\" content=\"L&#039;\u00e9quipe - Des id\u00e9es et des m\u00e9thodes au service de la Pr\u00e9vention Sp\u00e9cialis\u00e9e.\" \/>\n<meta property=\"og:description\" content=\"La composition de l&rsquo;\u00e9quipe est volontairement pluridisciplinaire dans une volont\u00e9 de mutualiser les comp\u00e9tences. Les salari\u00e9s de l&rsquo;APSN disposent de solides formations initiales et continues dans les sciences humaines et&hellip; Lire la suite L&rsquo;\u00e9quipe\" \/>\n<meta property=\"og:url\" content=\"https:\/\/apsn-prev.org\/index.php\/lequipe\/\" \/>\n<meta property=\"og:site_name\" content=\"Des id\u00e9es et des m\u00e9thodes au service de la Pr\u00e9vention Sp\u00e9cialis\u00e9e.\" \/>\n<meta property=\"article:modified_time\" content=\"2024-09-25T12:03:30+00:00\" \/>\n<meta property=\"og:image\" content=\"https:\/\/apsn-prev.org\/wp-content\/uploads\/2024\/03\/competences-mutualisees-2-1024x587.png\" \/>\n<meta name=\"twitter:card\" content=\"summary_large_image\" \/>\n<meta name=\"twitter:label1\" content=\"Dur\u00e9e de lecture estim\u00e9e\" \/>\n\t<meta name=\"twitter:data1\" content=\"4 minutes\" \/>\n<script type=\"application\/ld+json\" class=\"yoast-schema-graph\">{\"@context\":\"https:\\\/\\\/schema.org\",\"@graph\":[{\"@type\":\"WebPage\",\"@id\":\"https:\\\/\\\/apsn-prev.org\\\/index.php\\\/lequipe\\\/\",\"url\":\"https:\\\/\\\/apsn-prev.org\\\/index.php\\\/lequipe\\\/\",\"name\":\"L'\u00e9quipe - Des id\u00e9es et des m\u00e9thodes au service de la Pr\u00e9vention Sp\u00e9cialis\u00e9e.\",\"isPartOf\":{\"@id\":\"https:\\\/\\\/apsn-prev.org\\\/#website\"},\"primaryImageOfPage\":{\"@id\":\"https:\\\/\\\/apsn-prev.org\\\/index.php\\\/lequipe\\\/#primaryimage\"},\"image\":{\"@id\":\"https:\\\/\\\/apsn-prev.org\\\/index.php\\\/lequipe\\\/#primaryimage\"},\"thumbnailUrl\":\"https:\\\/\\\/apsn-prev.org\\\/wp-content\\\/uploads\\\/2024\\\/03\\\/competences-mutualisees-2-1024x587.png\",\"datePublished\":\"2021-11-02T14:55:16+00:00\",\"dateModified\":\"2024-09-25T12:03:30+00:00\",\"breadcrumb\":{\"@id\":\"https:\\\/\\\/apsn-prev.org\\\/index.php\\\/lequipe\\\/#breadcrumb\"},\"inLanguage\":\"fr-FR\",\"potentialAction\":[{\"@type\":\"ReadAction\",\"target\":[\"https:\\\/\\\/apsn-prev.org\\\/index.php\\\/lequipe\\\/\"]}]},{\"@type\":\"ImageObject\",\"inLanguage\":\"fr-FR\",\"@id\":\"https:\\\/\\\/apsn-prev.org\\\/index.php\\\/lequipe\\\/#primaryimage\",\"url\":\"https:\\\/\\\/i0.wp.com\\\/apsn-prev.org\\\/wp-content\\\/uploads\\\/2024\\\/03\\\/competences-mutualisees-2.png?fit=1090%2C625&ssl=1\",\"contentUrl\":\"https:\\\/\\\/i0.wp.com\\\/apsn-prev.org\\\/wp-content\\\/uploads\\\/2024\\\/03\\\/competences-mutualisees-2.png?fit=1090%2C625&ssl=1\",\"width\":1090,\"height\":625},{\"@type\":\"BreadcrumbList\",\"@id\":\"https:\\\/\\\/apsn-prev.org\\\/index.php\\\/lequipe\\\/#breadcrumb\",\"itemListElement\":[{\"@type\":\"ListItem\",\"position\":1,\"name\":\"Accueil\",\"item\":\"https:\\\/\\\/apsn-prev.org\\\/\"},{\"@type\":\"ListItem\",\"position\":2,\"name\":\"L&rsquo;\u00e9quipe\"}]},{\"@type\":\"WebSite\",\"@id\":\"https:\\\/\\\/apsn-prev.org\\\/#website\",\"url\":\"https:\\\/\\\/apsn-prev.org\\\/\",\"name\":\"Des id\u00e9es et des m\u00e9thodes au service de la Pr\u00e9vention Sp\u00e9cialis\u00e9e.\",\"description\":\"\",\"publisher\":{\"@id\":\"https:\\\/\\\/apsn-prev.org\\\/#organization\"},\"potentialAction\":[{\"@type\":\"SearchAction\",\"target\":{\"@type\":\"EntryPoint\",\"urlTemplate\":\"https:\\\/\\\/apsn-prev.org\\\/?s={search_term_string}\"},\"query-input\":{\"@type\":\"PropertyValueSpecification\",\"valueRequired\":true,\"valueName\":\"search_term_string\"}}],\"inLanguage\":\"fr-FR\"},{\"@type\":\"Organization\",\"@id\":\"https:\\\/\\\/apsn-prev.org\\\/#organization\",\"name\":\"Des id\u00e9es et des m\u00e9thodes au service de la Pr\u00e9vention Sp\u00e9cialis\u00e9e.\",\"url\":\"https:\\\/\\\/apsn-prev.org\\\/\",\"logo\":{\"@type\":\"ImageObject\",\"inLanguage\":\"fr-FR\",\"@id\":\"https:\\\/\\\/apsn-prev.org\\\/#\\\/schema\\\/logo\\\/image\\\/\",\"url\":\"https:\\\/\\\/i0.wp.com\\\/apsn-prev.org\\\/wp-content\\\/uploads\\\/2023\\\/09\\\/cropped-LOG-SITE-3.png?fit=1179%2C297&ssl=1\",\"contentUrl\":\"https:\\\/\\\/i0.wp.com\\\/apsn-prev.org\\\/wp-content\\\/uploads\\\/2023\\\/09\\\/cropped-LOG-SITE-3.png?fit=1179%2C297&ssl=1\",\"width\":1179,\"height\":297,\"caption\":\"Des id\u00e9es et des m\u00e9thodes au service de la Pr\u00e9vention Sp\u00e9cialis\u00e9e.\"},\"image\":{\"@id\":\"https:\\\/\\\/apsn-prev.org\\\/#\\\/schema\\\/logo\\\/image\\\/\"}}]}<\/script>\n<!-- \/ Yoast SEO plugin. -->","yoast_head_json":{"title":"L'\u00e9quipe - Des id\u00e9es et des m\u00e9thodes au service de la Pr\u00e9vention Sp\u00e9cialis\u00e9e.","robots":{"index":"index","follow":"follow","max-snippet":"max-snippet:-1","max-image-preview":"max-image-preview:large","max-video-preview":"max-video-preview:-1"},"canonical":"https:\/\/apsn-prev.org\/index.php\/lequipe\/","og_locale":"fr_FR","og_type":"article","og_title":"L'\u00e9quipe - Des id\u00e9es et des m\u00e9thodes au service de la Pr\u00e9vention Sp\u00e9cialis\u00e9e.","og_description":"La composition de l&rsquo;\u00e9quipe est volontairement pluridisciplinaire dans une volont\u00e9 de mutualiser les comp\u00e9tences. Les salari\u00e9s de l&rsquo;APSN disposent de solides formations initiales et continues dans les sciences humaines et&hellip; Lire la suite L&rsquo;\u00e9quipe","og_url":"https:\/\/apsn-prev.org\/index.php\/lequipe\/","og_site_name":"Des id\u00e9es et des m\u00e9thodes au service de la Pr\u00e9vention Sp\u00e9cialis\u00e9e.","article_modified_time":"2024-09-25T12:03:30+00:00","og_image":[{"url":"https:\/\/apsn-prev.org\/wp-content\/uploads\/2024\/03\/competences-mutualisees-2-1024x587.png","type":"","width":"","height":""}],"twitter_card":"summary_large_image","twitter_misc":{"Dur\u00e9e de lecture estim\u00e9e":"4 minutes"},"schema":{"@context":"https:\/\/schema.org","@graph":[{"@type":"WebPage","@id":"https:\/\/apsn-prev.org\/index.php\/lequipe\/","url":"https:\/\/apsn-prev.org\/index.php\/lequipe\/","name":"L'\u00e9quipe - Des id\u00e9es et des m\u00e9thodes au service de la Pr\u00e9vention Sp\u00e9cialis\u00e9e.","isPartOf":{"@id":"https:\/\/apsn-prev.org\/#website"},"primaryImageOfPage":{"@id":"https:\/\/apsn-prev.org\/index.php\/lequipe\/#primaryimage"},"image":{"@id":"https:\/\/apsn-prev.org\/index.php\/lequipe\/#primaryimage"},"thumbnailUrl":"https:\/\/apsn-prev.org\/wp-content\/uploads\/2024\/03\/competences-mutualisees-2-1024x587.png","datePublished":"2021-11-02T14:55:16+00:00","dateModified":"2024-09-25T12:03:30+00:00","breadcrumb":{"@id":"https:\/\/apsn-prev.org\/index.php\/lequipe\/#breadcrumb"},"inLanguage":"fr-FR","potentialAction":[{"@type":"ReadAction","target":["https:\/\/apsn-prev.org\/index.php\/lequipe\/"]}]},{"@type":"ImageObject","inLanguage":"fr-FR","@id":"https:\/\/apsn-prev.org\/index.php\/lequipe\/#primaryimage","url":"https:\/\/i0.wp.com\/apsn-prev.org\/wp-content\/uploads\/2024\/03\/competences-mutualisees-2.png?fit=1090%2C625&ssl=1","contentUrl":"https:\/\/i0.wp.com\/apsn-prev.org\/wp-content\/uploads\/2024\/03\/competences-mutualisees-2.png?fit=1090%2C625&ssl=1","width":1090,"height":625},{"@type":"BreadcrumbList","@id":"https:\/\/apsn-prev.org\/index.php\/lequipe\/#breadcrumb","itemListElement":[{"@type":"ListItem","position":1,"name":"Accueil","item":"https:\/\/apsn-prev.org\/"},{"@type":"ListItem","position":2,"name":"L&rsquo;\u00e9quipe"}]},{"@type":"WebSite","@id":"https:\/\/apsn-prev.org\/#website","url":"https:\/\/apsn-prev.org\/","name":"Des id\u00e9es et des m\u00e9thodes au service de la Pr\u00e9vention Sp\u00e9cialis\u00e9e.","description":"","publisher":{"@id":"https:\/\/apsn-prev.org\/#organization"},"potentialAction":[{"@type":"SearchAction","target":{"@type":"EntryPoint","urlTemplate":"https:\/\/apsn-prev.org\/?s={search_term_string}"},"query-input":{"@type":"PropertyValueSpecification","valueRequired":true,"valueName":"search_term_string"}}],"inLanguage":"fr-FR"},{"@type":"Organization","@id":"https:\/\/apsn-prev.org\/#organization","name":"Des id\u00e9es et des m\u00e9thodes au service de la Pr\u00e9vention Sp\u00e9cialis\u00e9e.","url":"https:\/\/apsn-prev.org\/","logo":{"@type":"ImageObject","inLanguage":"fr-FR","@id":"https:\/\/apsn-prev.org\/#\/schema\/logo\/image\/","url":"https:\/\/i0.wp.com\/apsn-prev.org\/wp-content\/uploads\/2023\/09\/cropped-LOG-SITE-3.png?fit=1179%2C297&ssl=1","contentUrl":"https:\/\/i0.wp.com\/apsn-prev.org\/wp-content\/uploads\/2023\/09\/cropped-LOG-SITE-3.png?fit=1179%2C297&ssl=1","width":1179,"height":297,"caption":"Des id\u00e9es et des m\u00e9thodes au service de la Pr\u00e9vention Sp\u00e9cialis\u00e9e."},"image":{"@id":"https:\/\/apsn-prev.org\/#\/schema\/logo\/image\/"}}]}},"jetpack_sharing_enabled":true,"_links":{"self":[{"href":"https:\/\/apsn-prev.org\/index.php\/wp-json\/wp\/v2\/pages\/446","targetHints":{"allow":["GET"]}}],"collection":[{"href":"https:\/\/apsn-prev.org\/index.php\/wp-json\/wp\/v2\/pages"}],"about":[{"href":"https:\/\/apsn-prev.org\/index.php\/wp-json\/wp\/v2\/types\/page"}],"author":[{"embeddable":true,"href":"https:\/\/apsn-prev.org\/index.php\/wp-json\/wp\/v2\/users\/2"}],"replies":[{"embeddable":true,"href":"https:\/\/apsn-prev.org\/index.php\/wp-json\/wp\/v2\/comments?post=446"}],"version-history":[{"count":34,"href":"https:\/\/apsn-prev.org\/index.php\/wp-json\/wp\/v2\/pages\/446\/revisions"}],"predecessor-version":[{"id":14310,"href":"https:\/\/apsn-prev.org\/index.php\/wp-json\/wp\/v2\/pages\/446\/revisions\/14310"}],"wp:attachment":[{"href":"https:\/\/apsn-prev.org\/index.php\/wp-json\/wp\/v2\/media?parent=446"}],"wp:term":[{"taxonomy":"post_tag","embeddable":true,"href":"https:\/\/apsn-prev.org\/index.php\/wp-json\/wp\/v2\/tags?post=446"}],"curies":[{"name":"wp","href":"https:\/\/api.w.org\/{rel}","templated":true}]}}