{"id":8,"date":"2021-09-13T14:49:21","date_gmt":"2021-09-13T13:49:21","guid":{"rendered":"https:\/\/apsnprev.wpcomstaging.com\/?page_id=8"},"modified":"2022-03-08T10:03:44","modified_gmt":"2022-03-08T09:03:44","slug":"contact","status":"publish","type":"page","link":"https:\/\/apsn-prev.org\/index.php\/contact\/","title":{"rendered":"Contact"},"content":{"rendered":"\n<p class=\"has-text-align-center\">Vous avez une question sur une action de l&rsquo;APSN ? Sur une de nos formations ? N&rsquo;h\u00e9sitez pas \u00e0 nous contacter !<\/p>\n\n\n\n<div style=\"height:32px\" aria-hidden=\"true\" class=\"wp-block-spacer desktop-only\"><\/div>\n\n\n\n<div class=\"wp-block-columns alignwide has-2-columns is-layout-flex wp-container-core-columns-is-layout-9d6595d7 wp-block-columns-is-layout-flex\">\n<div class=\"wp-block-column is-layout-flow wp-block-column-is-layout-flow\">\n<h2 class=\"has-text-align-left wp-block-heading\" id=\"contactez-nous\"><strong>Contactez-nous<\/strong><\/h2>\n\n\n\n<div class=\"wp-block-jetpack-contact-info\">\n<div class=\"wp-block-jetpack-phone\"><a href=\"tel:0320168140\">03.20.16.81.40<\/a><\/div>\n<\/div>\n<\/div>\n\n\n\n<div class=\"wp-block-column is-layout-flow wp-block-column-is-layout-flow\">\n<h2 class=\"has-text-align-left wp-block-heading\" id=\"envoyez-nous-un-message\"><strong>Envoyez-nous un messag<\/strong>e<\/h2>\n\n\n<div class=\"wp-block-jetpack-contact-form is-layout-flex wp-container-jetpack-contact-form-is-layout-faa3ad1c wp-block-jetpack-contact-form-is-layout-flex\"><a href=\"https:\/\/apsn-prev.org\/index.php\/contact\/\" target=\"_blank\" rel=\"noopener noreferrer\">Soumettre un formulaire.<\/a><\/div><\/div>\n<\/div>\n","protected":false},"excerpt":{"rendered":"<p>Vous avez une question sur une action de l&rsquo;APSN ? Sur une de nos formations ? N&rsquo;h\u00e9sitez pas \u00e0 nous contacter ! Contactez-nous 03.20.16.81.40 Envoyez-nous un message<\/p>\n","protected":false},"author":2,"featured_media":0,"parent":0,"menu_order":0,"comment_status":"closed","ping_status":"closed","template":"","meta":{"footnotes":""},"tags":[],"class_list":["post-8","page","type-page","status-publish","hentry","without-featured-image"],"yoast_head":"<!-- This site is optimized with the Yoast SEO plugin v27.4 - https:\/\/yoast.com\/product\/yoast-seo-wordpress\/ -->\n<title>Contact - Des id\u00e9es et des m\u00e9thodes au service de la Pr\u00e9vention Sp\u00e9cialis\u00e9e.<\/title>\n<meta name=\"robots\" content=\"index, follow, max-snippet:-1, max-image-preview:large, max-video-preview:-1\" \/>\n<link rel=\"canonical\" href=\"https:\/\/apsn-prev.org\/index.php\/contact\/\" \/>\n<meta property=\"og:locale\" content=\"fr_FR\" \/>\n<meta property=\"og:type\" content=\"article\" \/>\n<meta property=\"og:title\" content=\"Contact - Des id\u00e9es et des m\u00e9thodes au service de la Pr\u00e9vention Sp\u00e9cialis\u00e9e.\" \/>\n<meta property=\"og:description\" content=\"Vous avez une question sur une action de l&rsquo;APSN ? Sur une de nos formations ? N&rsquo;h\u00e9sitez pas \u00e0 nous contacter ! Contactez-nous 03.20.16.81.40 Envoyez-nous un message\" \/>\n<meta property=\"og:url\" content=\"https:\/\/apsn-prev.org\/index.php\/contact\/\" \/>\n<meta property=\"og:site_name\" content=\"Des id\u00e9es et des m\u00e9thodes au service de la Pr\u00e9vention Sp\u00e9cialis\u00e9e.\" \/>\n<meta property=\"article:modified_time\" content=\"2022-03-08T09:03:44+00:00\" \/>\n<meta name=\"twitter:card\" content=\"summary_large_image\" \/>\n<script type=\"application\/ld+json\" class=\"yoast-schema-graph\">{\"@context\":\"https:\\\/\\\/schema.org\",\"@graph\":[{\"@type\":\"WebPage\",\"@id\":\"https:\\\/\\\/apsn-prev.org\\\/index.php\\\/contact\\\/\",\"url\":\"https:\\\/\\\/apsn-prev.org\\\/index.php\\\/contact\\\/\",\"name\":\"Contact - Des id\u00e9es et des m\u00e9thodes au service de la Pr\u00e9vention Sp\u00e9cialis\u00e9e.\",\"isPartOf\":{\"@id\":\"https:\\\/\\\/apsn-prev.org\\\/#website\"},\"datePublished\":\"2021-09-13T13:49:21+00:00\",\"dateModified\":\"2022-03-08T09:03:44+00:00\",\"breadcrumb\":{\"@id\":\"https:\\\/\\\/apsn-prev.org\\\/index.php\\\/contact\\\/#breadcrumb\"},\"inLanguage\":\"fr-FR\",\"potentialAction\":[{\"@type\":\"ReadAction\",\"target\":[\"https:\\\/\\\/apsn-prev.org\\\/index.php\\\/contact\\\/\"]}]},{\"@type\":\"BreadcrumbList\",\"@id\":\"https:\\\/\\\/apsn-prev.org\\\/index.php\\\/contact\\\/#breadcrumb\",\"itemListElement\":[{\"@type\":\"ListItem\",\"position\":1,\"name\":\"Accueil\",\"item\":\"https:\\\/\\\/apsn-prev.org\\\/\"},{\"@type\":\"ListItem\",\"position\":2,\"name\":\"Contact\"}]},{\"@type\":\"WebSite\",\"@id\":\"https:\\\/\\\/apsn-prev.org\\\/#website\",\"url\":\"https:\\\/\\\/apsn-prev.org\\\/\",\"name\":\"Des id\u00e9es et des m\u00e9thodes au service de la Pr\u00e9vention Sp\u00e9cialis\u00e9e.\",\"description\":\"\",\"publisher\":{\"@id\":\"https:\\\/\\\/apsn-prev.org\\\/#organization\"},\"potentialAction\":[{\"@type\":\"SearchAction\",\"target\":{\"@type\":\"EntryPoint\",\"urlTemplate\":\"https:\\\/\\\/apsn-prev.org\\\/?s={search_term_string}\"},\"query-input\":{\"@type\":\"PropertyValueSpecification\",\"valueRequired\":true,\"valueName\":\"search_term_string\"}}],\"inLanguage\":\"fr-FR\"},{\"@type\":\"Organization\",\"@id\":\"https:\\\/\\\/apsn-prev.org\\\/#organization\",\"name\":\"Des id\u00e9es et des m\u00e9thodes au service de la Pr\u00e9vention Sp\u00e9cialis\u00e9e.\",\"url\":\"https:\\\/\\\/apsn-prev.org\\\/\",\"logo\":{\"@type\":\"ImageObject\",\"inLanguage\":\"fr-FR\",\"@id\":\"https:\\\/\\\/apsn-prev.org\\\/#\\\/schema\\\/logo\\\/image\\\/\",\"url\":\"https:\\\/\\\/i0.wp.com\\\/apsn-prev.org\\\/wp-content\\\/uploads\\\/2023\\\/09\\\/cropped-LOG-SITE-3.png?fit=1179%2C297&ssl=1\",\"contentUrl\":\"https:\\\/\\\/i0.wp.com\\\/apsn-prev.org\\\/wp-content\\\/uploads\\\/2023\\\/09\\\/cropped-LOG-SITE-3.png?fit=1179%2C297&ssl=1\",\"width\":1179,\"height\":297,\"caption\":\"Des id\u00e9es et des m\u00e9thodes au service de la Pr\u00e9vention Sp\u00e9cialis\u00e9e.\"},\"image\":{\"@id\":\"https:\\\/\\\/apsn-prev.org\\\/#\\\/schema\\\/logo\\\/image\\\/\"}}]}<\/script>\n<!-- \/ Yoast SEO plugin. -->","yoast_head_json":{"title":"Contact - Des id\u00e9es et des m\u00e9thodes au service de la Pr\u00e9vention Sp\u00e9cialis\u00e9e.","robots":{"index":"index","follow":"follow","max-snippet":"max-snippet:-1","max-image-preview":"max-image-preview:large","max-video-preview":"max-video-preview:-1"},"canonical":"https:\/\/apsn-prev.org\/index.php\/contact\/","og_locale":"fr_FR","og_type":"article","og_title":"Contact - Des id\u00e9es et des m\u00e9thodes au service de la Pr\u00e9vention Sp\u00e9cialis\u00e9e.","og_description":"Vous avez une question sur une action de l&rsquo;APSN ? Sur une de nos formations ? N&rsquo;h\u00e9sitez pas \u00e0 nous contacter ! Contactez-nous 03.20.16.81.40 Envoyez-nous un message","og_url":"https:\/\/apsn-prev.org\/index.php\/contact\/","og_site_name":"Des id\u00e9es et des m\u00e9thodes au service de la Pr\u00e9vention Sp\u00e9cialis\u00e9e.","article_modified_time":"2022-03-08T09:03:44+00:00","twitter_card":"summary_large_image","schema":{"@context":"https:\/\/schema.org","@graph":[{"@type":"WebPage","@id":"https:\/\/apsn-prev.org\/index.php\/contact\/","url":"https:\/\/apsn-prev.org\/index.php\/contact\/","name":"Contact - Des id\u00e9es et des m\u00e9thodes au service de la Pr\u00e9vention Sp\u00e9cialis\u00e9e.","isPartOf":{"@id":"https:\/\/apsn-prev.org\/#website"},"datePublished":"2021-09-13T13:49:21+00:00","dateModified":"2022-03-08T09:03:44+00:00","breadcrumb":{"@id":"https:\/\/apsn-prev.org\/index.php\/contact\/#breadcrumb"},"inLanguage":"fr-FR","potentialAction":[{"@type":"ReadAction","target":["https:\/\/apsn-prev.org\/index.php\/contact\/"]}]},{"@type":"BreadcrumbList","@id":"https:\/\/apsn-prev.org\/index.php\/contact\/#breadcrumb","itemListElement":[{"@type":"ListItem","position":1,"name":"Accueil","item":"https:\/\/apsn-prev.org\/"},{"@type":"ListItem","position":2,"name":"Contact"}]},{"@type":"WebSite","@id":"https:\/\/apsn-prev.org\/#website","url":"https:\/\/apsn-prev.org\/","name":"Des id\u00e9es et des m\u00e9thodes au service de la Pr\u00e9vention Sp\u00e9cialis\u00e9e.","description":"","publisher":{"@id":"https:\/\/apsn-prev.org\/#organization"},"potentialAction":[{"@type":"SearchAction","target":{"@type":"EntryPoint","urlTemplate":"https:\/\/apsn-prev.org\/?s={search_term_string}"},"query-input":{"@type":"PropertyValueSpecification","valueRequired":true,"valueName":"search_term_string"}}],"inLanguage":"fr-FR"},{"@type":"Organization","@id":"https:\/\/apsn-prev.org\/#organization","name":"Des id\u00e9es et des m\u00e9thodes au service de la Pr\u00e9vention Sp\u00e9cialis\u00e9e.","url":"https:\/\/apsn-prev.org\/","logo":{"@type":"ImageObject","inLanguage":"fr-FR","@id":"https:\/\/apsn-prev.org\/#\/schema\/logo\/image\/","url":"https:\/\/i0.wp.com\/apsn-prev.org\/wp-content\/uploads\/2023\/09\/cropped-LOG-SITE-3.png?fit=1179%2C297&ssl=1","contentUrl":"https:\/\/i0.wp.com\/apsn-prev.org\/wp-content\/uploads\/2023\/09\/cropped-LOG-SITE-3.png?fit=1179%2C297&ssl=1","width":1179,"height":297,"caption":"Des id\u00e9es et des m\u00e9thodes au service de la Pr\u00e9vention Sp\u00e9cialis\u00e9e."},"image":{"@id":"https:\/\/apsn-prev.org\/#\/schema\/logo\/image\/"}}]}},"jetpack_sharing_enabled":false,"_links":{"self":[{"href":"https:\/\/apsn-prev.org\/index.php\/wp-json\/wp\/v2\/pages\/8","targetHints":{"allow":["GET"]}}],"collection":[{"href":"https:\/\/apsn-prev.org\/index.php\/wp-json\/wp\/v2\/pages"}],"about":[{"href":"https:\/\/apsn-prev.org\/index.php\/wp-json\/wp\/v2\/types\/page"}],"author":[{"embeddable":true,"href":"https:\/\/apsn-prev.org\/index.php\/wp-json\/wp\/v2\/users\/2"}],"replies":[{"embeddable":true,"href":"https:\/\/apsn-prev.org\/index.php\/wp-json\/wp\/v2\/comments?post=8"}],"version-history":[{"count":4,"href":"https:\/\/apsn-prev.org\/index.php\/wp-json\/wp\/v2\/pages\/8\/revisions"}],"predecessor-version":[{"id":1978,"href":"https:\/\/apsn-prev.org\/index.php\/wp-json\/wp\/v2\/pages\/8\/revisions\/1978"}],"wp:attachment":[{"href":"https:\/\/apsn-prev.org\/index.php\/wp-json\/wp\/v2\/media?parent=8"}],"wp:term":[{"taxonomy":"post_tag","embeddable":true,"href":"https:\/\/apsn-prev.org\/index.php\/wp-json\/wp\/v2\/tags?post=8"}],"curies":[{"name":"wp","href":"https:\/\/api.w.org\/{rel}","templated":true}]}}